{"id":10693,"date":"2021-06-30T07:27:47","date_gmt":"2021-06-30T05:27:47","guid":{"rendered":"https:\/\/localhost\/cardealer\/?page_id=10693"},"modified":"2025-02-28T15:19:04","modified_gmt":"2025-02-28T14:19:04","slug":"apropos","status":"publish","type":"page","link":"https:\/\/evolitis.com\/en\/accueil\/apropos\/","title":{"rendered":"About"},"content":{"rendered":"<div data-elementor-type=\"wp-page\" data-elementor-id=\"10693\" class=\"elementor elementor-10693\">\n\t\t\t\t\t\t\t\t\t<section class=\"elementor-section elementor-top-section elementor-element elementor-element-6e03 elementor-section-stretched elementor-section-boxed elementor-section-height-default elementor-section-height-default\" data-id=\"6e03\" data-element_type=\"section\" data-settings=\"{&quot;stretch_section&quot;:&quot;section-stretched&quot;}\">\n\t\t\t\t\t\t<div class=\"elementor-container elementor-column-gap-default\">\n\t\t\t\t\t<div class=\"elementor-column elementor-col-100 elementor-top-column elementor-element elementor-element-4eb2\" data-id=\"4eb2\" data-element_type=\"column\">\n\t\t\t<div class=\"elementor-widget-wrap elementor-element-populated\">\n\t\t\t\t\t\t\t\t<div class=\"elementor-element elementor-element-4e5a elementor-widget elementor-widget-cdhl_section-title\" data-id=\"4e5a\" data-element_type=\"widget\" data-widget_type=\"cdhl_section-title.default\">\n\t\t\t\t<div class=\"elementor-widget-container\">\n\t\t\t<div class=\"cdhl_section-title_wrapper\">\n\t<div class=\"section-title text-center style_1\" id=\"4e5a\">\n\t\t\t<span class=\"sub-title\">Welcome to<\/span>\n\t\t<h6 class=\"main-title\">\n\t\t\tSIVVA\t\t<\/h6>\n\t\t\t\t\t<div class=\"separator\"><\/div>\n\t\t\t\t\t\t<p>We help people to move <\/p>\n\t\t\t\t<\/div>\n<\/div>\n\t\t<\/div>\n\t\t\t\t<\/div>\n\t\t\t\t<section class=\"elementor-section elementor-inner-section elementor-element elementor-element-55236a0 elementor-section-boxed elementor-section-height-default elementor-section-height-default\" data-id=\"55236a0\" data-element_type=\"section\">\n\t\t\t\t\t\t<div class=\"elementor-container elementor-column-gap-default\">\n\t\t\t\t\t<div class=\"elementor-column elementor-col-50 elementor-inner-column elementor-element elementor-element-523776e\" data-id=\"523776e\" data-element_type=\"column\">\n\t\t\t<div class=\"elementor-widget-wrap elementor-element-populated\">\n\t\t\t\t\t\t\t\t<div class=\"elementor-element elementor-element-938348a elementor-widget elementor-widget-text-editor\" data-id=\"938348a\" data-element_type=\"widget\" data-widget_type=\"text-editor.default\">\n\t\t\t\t<div class=\"elementor-widget-container\">\n\t\t\t<style>\/*! elementor - v3.12.0 - 29-03-2023 *\/\n.elementor-widget-text-editor.elementor-drop-cap-view-stacked .elementor-drop-cap{background-color:#69727d;color:#fff}.elementor-widget-text-editor.elementor-drop-cap-view-framed .elementor-drop-cap{color:#69727d;border:3px solid;background-color:transparent}.elementor-widget-text-editor:not(.elementor-drop-cap-view-default) .elementor-drop-cap{margin-top:8px}.elementor-widget-text-editor:not(.elementor-drop-cap-view-default) .elementor-drop-cap-letter{width:1em;height:1em}.elementor-widget-text-editor .elementor-drop-cap{float:left;text-align:center;line-height:1;font-size:50px}.elementor-widget-text-editor .elementor-drop-cap-letter{display:inline-block}<\/style>\t\t\t\t<p>Founded in 1999, SIVVA has been a visionary economic player for its B to B customers since its\ncreation by orienting its brands and products according to the demand and the evolution of\nthe market. Pioneer<br \/>of the \"green\" pickup powered by natural gas (cng) as well as a pioneer in the development of an emerging brand of quality and global reputation.<br \/>SIVVA has always prioritized in its commercial policy the service, the commercial reactivity and\nthe quality of the after-sales service. The after-sales service is the prior sale.<br \/>These notions of service and vision have enabled SIVVA to become a reference and major player in the automotive field.<br \/>Finally, SIVVA has long practiced a responsible HSE policy in terms of ethics, compliance and\ntransparency towards our various partners, customers and employees.<\/p>\t\t\t\t\t\t<\/div>\n\t\t\t\t<\/div>\n\t\t\t\t\t<\/div>\n\t\t<\/div>\n\t\t\t\t<div class=\"elementor-column elementor-col-50 elementor-inner-column elementor-element elementor-element-1518847\" data-id=\"1518847\" data-element_type=\"column\">\n\t\t\t<div class=\"elementor-widget-wrap elementor-element-populated\">\n\t\t\t\t\t\t\t\t<div class=\"elementor-element elementor-element-b1cc2fe elementor-widget elementor-widget-cdhl_image-slider\" data-id=\"b1cc2fe\" data-element_type=\"widget\" data-widget_type=\"cdhl_image-slider.default\">\n\t\t\t\t<div class=\"elementor-widget-container\">\n\t\t\t<div class=\"cdhl_image-slider_wrapper\">\n\t<div class=\"owl-carousel\" data-nav-arrow=\"true\" data-nav-dots=\"false\" data-autoplay=\"true\" data-lazyload=\"\" data-loop=\"true\" data-items=\"1\" data-md-items=\"1\" data-sm-items=\"1\" data-xs-items=\"1\" >\n\t\t\t\t\t<div class=\"item\">\n\t\t\t\t\t\t\t\t\t<img decoding=\"async\" class=\"center-block\" src=\"\" alt=\"\">\n\t\t\t\t\t\t\t\t<\/div>\n\t\t\t\t\t\t<div class=\"item\">\n\t\t\t\t\t\t\t\t\t<img decoding=\"async\" class=\"center-block\" src=\"\" alt=\"\">\n\t\t\t\t\t\t\t\t<\/div>\n\t\t\t\t\t\t<div class=\"item\">\n\t\t\t\t\t\t\t\t\t<img decoding=\"async\" class=\"center-block\" src=\"\" alt=\"\">\n\t\t\t\t\t\t\t\t<\/div>\n\t\t\t\t<\/div>\n<\/div>\n\t\t<\/div>\n\t\t\t\t<\/div>\n\t\t\t\t<div class=\"elementor-element elementor-element-938d906 elementor-widget elementor-widget-cdhl_image-slider\" data-id=\"938d906\" data-element_type=\"widget\" data-widget_type=\"cdhl_image-slider.default\">\n\t\t\t\t<div class=\"elementor-widget-container\">\n\t\t\t<div class=\"cdhl_image-slider_wrapper\">\n\t<div class=\"owl-carousel\" data-nav-arrow=\"true\" data-nav-dots=\"false\" data-autoplay=\"true\" data-lazyload=\"\" data-loop=\"true\" data-items=\"1\" data-md-items=\"1\" data-sm-items=\"1\" data-xs-items=\"1\" >\n\t\t\t\t\t<div class=\"item\">\n\t\t\t\t\t\t\t\t\t<img decoding=\"async\" class=\"center-block\" src=\"https:\/\/evolitis.com\/wp-content\/uploads\/2025\/02\/Corporate-site-sivva-II.jpg\" alt=\"\">\n\t\t\t\t\t\t\t\t<\/div>\n\t\t\t\t<\/div>\n<\/div>\n\t\t<\/div>\n\t\t\t\t<\/div>\n\t\t\t\t\t<\/div>\n\t\t<\/div>\n\t\t\t\t\t\t\t<\/div>\n\t\t<\/section>\n\t\t\t\t<section class=\"elementor-section elementor-inner-section elementor-element elementor-element-18bd elementor-section-boxed elementor-section-height-default elementor-section-height-default\" data-id=\"18bd\" data-element_type=\"section\">\n\t\t\t\t\t\t<div class=\"elementor-container elementor-column-gap-default\">\n\t\t\t\t\t<div class=\"elementor-column elementor-col-100 elementor-inner-column elementor-element elementor-element-6814\" data-id=\"6814\" data-element_type=\"column\">\n\t\t\t<div class=\"elementor-widget-wrap elementor-element-populated\">\n\t\t\t\t\t\t\t\t<div class=\"elementor-element elementor-element-607339b elementor-widget elementor-widget-heading\" data-id=\"607339b\" data-element_type=\"widget\" data-widget_type=\"heading.default\">\n\t\t\t\t<div class=\"elementor-widget-container\">\n\t\t\t<style>\/*! elementor - v3.12.0 - 29-03-2023 *\/\n.elementor-heading-title{padding:0;margin:0;line-height:1}.elementor-widget-heading .elementor-heading-title[class*=elementor-size-]>a{color:inherit;font-size:inherit;line-height:inherit}.elementor-widget-heading .elementor-heading-title.elementor-size-small{font-size:15px}.elementor-widget-heading .elementor-heading-title.elementor-size-medium{font-size:19px}.elementor-widget-heading .elementor-heading-title.elementor-size-large{font-size:29px}.elementor-widget-heading .elementor-heading-title.elementor-size-xl{font-size:39px}.elementor-widget-heading .elementor-heading-title.elementor-size-xxl{font-size:59px}<\/style><h5 class=\"elementor-heading-title elementor-size-default\">Mission<\/h5>\t\t<\/div>\n\t\t\t\t<\/div>\n\t\t\t\t<div class=\"elementor-element elementor-element-2581 elementor-widget elementor-widget-text-editor\" data-id=\"2581\" data-element_type=\"widget\" data-widget_type=\"text-editor.default\">\n\t\t\t\t<div class=\"elementor-widget-container\">\n\t\t\t\t\t\t\t<p>To provide global mobility solutions on the Gabonese market adapted to the demand and to the<br \/>international context with customer satisfaction as our core mission.<\/p>\t\t\t\t\t\t<\/div>\n\t\t\t\t<\/div>\n\t\t\t\t\t<\/div>\n\t\t<\/div>\n\t\t\t\t\t\t\t<\/div>\n\t\t<\/section>\n\t\t\t\t<section class=\"elementor-section elementor-inner-section elementor-element elementor-element-fb82650 elementor-section-boxed elementor-section-height-default elementor-section-height-default\" data-id=\"fb82650\" data-element_type=\"section\">\n\t\t\t\t\t\t<div class=\"elementor-container elementor-column-gap-default\">\n\t\t\t\t\t<div class=\"elementor-column elementor-col-50 elementor-inner-column elementor-element elementor-element-1927712\" data-id=\"1927712\" data-element_type=\"column\">\n\t\t\t<div class=\"elementor-widget-wrap elementor-element-populated\">\n\t\t\t\t\t\t\t\t<div class=\"elementor-element elementor-element-3259fcc elementor-widget elementor-widget-heading\" data-id=\"3259fcc\" data-element_type=\"widget\" data-widget_type=\"heading.default\">\n\t\t\t\t<div class=\"elementor-widget-container\">\n\t\t\t<h5 class=\"elementor-heading-title elementor-size-default\">Vision<\/h5>\t\t<\/div>\n\t\t\t\t<\/div>\n\t\t\t\t<div class=\"elementor-element elementor-element-8d874aa elementor-widget elementor-widget-text-editor\" data-id=\"8d874aa\" data-element_type=\"widget\" data-widget_type=\"text-editor.default\">\n\t\t\t\t<div class=\"elementor-widget-container\">\n\t\t\t\t\t\t\t<p>To respond to the upcoming requirement of change, modification and improvement in land\nmobility<\/p>\t\t\t\t\t\t<\/div>\n\t\t\t\t<\/div>\n\t\t\t\t<div class=\"elementor-element elementor-element-673b94e elementor-widget elementor-widget-heading\" data-id=\"673b94e\" data-element_type=\"widget\" data-widget_type=\"heading.default\">\n\t\t\t\t<div class=\"elementor-widget-container\">\n\t\t\t<h5 class=\"elementor-heading-title elementor-size-default\">Values<\/h5>\t\t<\/div>\n\t\t\t\t<\/div>\n\t\t\t\t<div class=\"elementor-element elementor-element-29a6867 elementor-widget elementor-widget-text-editor\" data-id=\"29a6867\" data-element_type=\"widget\" data-widget_type=\"text-editor.default\">\n\t\t\t\t<div class=\"elementor-widget-container\">\n\t\t\t\t\t\t\t<p><em><u>Trust<\/u><\/em> \u2013 We value trusting relationships between employees, customers and partners.<\/p><p><em><u>Competence<\/u><\/em> \u2013 We invest in the competence of our employees, as this is the only way to provide superior products and services.<\/p><p><em><u>Ambition<\/u><\/em> \u2013 We invest in different sectors and regions at national and international level. We\nintend to consolidate what we have and go further.<\/p><p><em><u>Dynamism<\/u><\/em> \u2013 Constant adaptation and innovation to anticipate the evolution and needs of the\nmarket.<\/p>\t\t\t\t\t\t<\/div>\n\t\t\t\t<\/div>\n\t\t\t\t\t<\/div>\n\t\t<\/div>\n\t\t\t\t<div class=\"elementor-column elementor-col-50 elementor-inner-column elementor-element elementor-element-7a6586a\" data-id=\"7a6586a\" data-element_type=\"column\">\n\t\t\t<div class=\"elementor-widget-wrap elementor-element-populated\">\n\t\t\t\t\t\t\t\t<div class=\"elementor-element elementor-element-4aa0539 elementor-widget elementor-widget-cdhl_image-slider\" data-id=\"4aa0539\" data-element_type=\"widget\" data-widget_type=\"cdhl_image-slider.default\">\n\t\t\t\t<div class=\"elementor-widget-container\">\n\t\t\t<div class=\"cdhl_image-slider_wrapper\">\n\t<div class=\"owl-carousel\" data-nav-arrow=\"true\" data-nav-dots=\"false\" data-autoplay=\"true\" data-lazyload=\"\" data-loop=\"true\" data-items=\"1\" data-md-items=\"1\" data-sm-items=\"1\" data-xs-items=\"1\" >\n\t\t\t\t\t<div class=\"item\">\n\t\t\t\t\t\t\t\t\t<img decoding=\"async\" class=\"center-block\" src=\"\" alt=\"\">\n\t\t\t\t\t\t\t\t<\/div>\n\t\t\t\t\t\t<div class=\"item\">\n\t\t\t\t\t\t\t\t\t<img decoding=\"async\" class=\"center-block\" src=\"\" alt=\"\">\n\t\t\t\t\t\t\t\t<\/div>\n\t\t\t\t\t\t<div class=\"item\">\n\t\t\t\t\t\t\t\t\t<img decoding=\"async\" class=\"center-block\" src=\"\" alt=\"\">\n\t\t\t\t\t\t\t\t<\/div>\n\t\t\t\t<\/div>\n<\/div>\n\t\t<\/div>\n\t\t\t\t<\/div>\n\t\t\t\t<div class=\"elementor-element elementor-element-c27489e elementor-widget elementor-widget-cdhl_image-slider\" data-id=\"c27489e\" data-element_type=\"widget\" data-widget_type=\"cdhl_image-slider.default\">\n\t\t\t\t<div class=\"elementor-widget-container\">\n\t\t\t<div class=\"cdhl_image-slider_wrapper\">\n\t<div class=\"owl-carousel\" data-nav-arrow=\"true\" data-nav-dots=\"false\" data-autoplay=\"true\" data-lazyload=\"\" data-loop=\"true\" data-items=\"1\" data-md-items=\"1\" data-sm-items=\"1\" data-xs-items=\"1\" >\n\t\t\t\t\t<div class=\"item\">\n\t\t\t\t\t\t\t\t\t<img decoding=\"async\" class=\"center-block\" src=\"https:\/\/evolitis.com\/wp-content\/uploads\/2022\/11\/Sans-titre.png\" alt=\"\">\n\t\t\t\t\t\t\t\t<\/div>\n\t\t\t\t<\/div>\n<\/div>\n\t\t<\/div>\n\t\t\t\t<\/div>\n\t\t\t\t\t<\/div>\n\t\t<\/div>\n\t\t\t\t\t\t\t<\/div>\n\t\t<\/section>\n\t\t\t\t<section class=\"elementor-section elementor-inner-section elementor-element elementor-element-f373180 elementor-section-boxed elementor-section-height-default elementor-section-height-default\" data-id=\"f373180\" data-element_type=\"section\">\n\t\t\t\t\t\t<div class=\"elementor-container elementor-column-gap-default\">\n\t\t\t\t\t<div class=\"elementor-column elementor-col-50 elementor-inner-column elementor-element elementor-element-07cf668\" data-id=\"07cf668\" data-element_type=\"column\">\n\t\t\t<div class=\"elementor-widget-wrap elementor-element-populated\">\n\t\t\t\t\t\t\t\t<div class=\"elementor-element elementor-element-d5d4174 elementor-widget elementor-widget-heading\" data-id=\"d5d4174\" data-element_type=\"widget\" data-widget_type=\"heading.default\">\n\t\t\t\t<div class=\"elementor-widget-container\">\n\t\t\t<h5 class=\"elementor-heading-title elementor-size-default\">HSE<\/h5>\t\t<\/div>\n\t\t\t\t<\/div>\n\t\t\t\t<div class=\"elementor-element elementor-element-2b91f9b elementor-widget elementor-widget-text-editor\" data-id=\"2b91f9b\" data-element_type=\"widget\" data-widget_type=\"text-editor.default\">\n\t\t\t\t<div class=\"elementor-widget-container\">\n\t\t\t\t\t\t\t<p>SIVVA, a Gabonese citizen company, respects the environment, promotes the good\nmanagement of waste produced within the framework of its activity, encourages good\nenvironmental practices among its collaborators and adheres to the policy of a green Gabon:\n\" <strong>the trees grow towards the sky\u00a0<\/strong>\".<\/p>\t\t\t\t\t\t<\/div>\n\t\t\t\t<\/div>\n\t\t\t\t\t<\/div>\n\t\t<\/div>\n\t\t\t\t<div class=\"elementor-column elementor-col-50 elementor-inner-column elementor-element elementor-element-a325f31\" data-id=\"a325f31\" data-element_type=\"column\">\n\t\t\t<div class=\"elementor-widget-wrap elementor-element-populated\">\n\t\t\t\t\t\t\t\t<div class=\"elementor-element elementor-element-2dd7034 elementor-widget elementor-widget-cdhl_image-slider\" data-id=\"2dd7034\" data-element_type=\"widget\" data-widget_type=\"cdhl_image-slider.default\">\n\t\t\t\t<div class=\"elementor-widget-container\">\n\t\t\t<div class=\"cdhl_image-slider_wrapper\">\n\t<div class=\"owl-carousel\" data-nav-arrow=\"true\" data-nav-dots=\"false\" data-autoplay=\"true\" data-lazyload=\"\" data-loop=\"true\" data-items=\"1\" data-md-items=\"1\" data-sm-items=\"1\" data-xs-items=\"1\" >\n\t\t\t\t\t<div class=\"item\">\n\t\t\t\t\t\t\t\t\t<img decoding=\"async\" class=\"center-block\" src=\"\" alt=\"\">\n\t\t\t\t\t\t\t\t<\/div>\n\t\t\t\t\t\t<div class=\"item\">\n\t\t\t\t\t\t\t\t\t<img decoding=\"async\" class=\"center-block\" src=\"\" alt=\"\">\n\t\t\t\t\t\t\t\t<\/div>\n\t\t\t\t\t\t<div class=\"item\">\n\t\t\t\t\t\t\t\t\t<img decoding=\"async\" class=\"center-block\" src=\"\" alt=\"\">\n\t\t\t\t\t\t\t\t<\/div>\n\t\t\t\t<\/div>\n<\/div>\n\t\t<\/div>\n\t\t\t\t<\/div>\n\t\t\t\t<div class=\"elementor-element elementor-element-262c695 elementor-widget elementor-widget-cdhl_image-slider\" data-id=\"262c695\" data-element_type=\"widget\" data-widget_type=\"cdhl_image-slider.default\">\n\t\t\t\t<div class=\"elementor-widget-container\">\n\t\t\t<div class=\"cdhl_image-slider_wrapper\">\n\t<div class=\"owl-carousel\" data-nav-arrow=\"true\" data-nav-dots=\"false\" data-autoplay=\"true\" data-lazyload=\"\" data-loop=\"true\" data-items=\"1\" data-md-items=\"1\" data-sm-items=\"1\" data-xs-items=\"1\" >\n\t\t\t\t\t<div class=\"item\">\n\t\t\t\t\t\t\t\t\t<img decoding=\"async\" class=\"center-block\" src=\"https:\/\/evolitis.com\/wp-content\/uploads\/2022\/11\/Sanstitre2.png\" alt=\"\">\n\t\t\t\t\t\t\t\t<\/div>\n\t\t\t\t<\/div>\n<\/div>\n\t\t<\/div>\n\t\t\t\t<\/div>\n\t\t\t\t\t<\/div>\n\t\t<\/div>\n\t\t\t\t\t\t\t<\/div>\n\t\t<\/section>\n\t\t\t\t\t<\/div>\n\t\t<\/div>\n\t\t\t\t\t\t\t<\/div>\n\t\t<\/section>\n\t\t\t\t\t\t\t<\/div>","protected":false},"excerpt":{"rendered":"<p>Bienvenue sur SIVVA Nous aidons les personnes \u00e0 se d\u00e9placer Fond\u00e9e en 1999, SIVVA est un acteur \u00e9conomique visionnaire pour sa client\u00e8le B to B depuis sa cr\u00e9ation en orientant ses marques et produits selon la demande et l\u2019\u00e9volution du march\u00e9. Pionnierdu pickup \u00ab vert \u00bb \u00e9quip\u00e9 au gaz naturel (cng) ainsi que pionnier dans [&hellip;]<\/p>","protected":false},"author":1,"featured_media":0,"parent":6302,"menu_order":0,"comment_status":"closed","ping_status":"closed","template":"templates\/cadealer-elementor-full-width.php","meta":{"om_disable_all_campaigns":false,"_mi_skip_tracking":false,"footnotes":""},"class_list":["post-10693","page","type-page","status-publish","hentry"],"acf":[],"aioseo_notices":[],"_links":{"self":[{"href":"https:\/\/evolitis.com\/en\/wp-json\/wp\/v2\/pages\/10693","targetHints":{"allow":["GET"]}}],"collection":[{"href":"https:\/\/evolitis.com\/en\/wp-json\/wp\/v2\/pages"}],"about":[{"href":"https:\/\/evolitis.com\/en\/wp-json\/wp\/v2\/types\/page"}],"author":[{"embeddable":true,"href":"https:\/\/evolitis.com\/en\/wp-json\/wp\/v2\/users\/1"}],"replies":[{"embeddable":true,"href":"https:\/\/evolitis.com\/en\/wp-json\/wp\/v2\/comments?post=10693"}],"version-history":[{"count":88,"href":"https:\/\/evolitis.com\/en\/wp-json\/wp\/v2\/pages\/10693\/revisions"}],"predecessor-version":[{"id":14169,"href":"https:\/\/evolitis.com\/en\/wp-json\/wp\/v2\/pages\/10693\/revisions\/14169"}],"up":[{"embeddable":true,"href":"https:\/\/evolitis.com\/en\/wp-json\/wp\/v2\/pages\/6302"}],"wp:attachment":[{"href":"https:\/\/evolitis.com\/en\/wp-json\/wp\/v2\/media?parent=10693"}],"curies":[{"name":"wp","href":"https:\/\/api.w.org\/{rel}","templated":true}]}}