{"id":12200,"date":"2022-11-15T12:40:01","date_gmt":"2022-11-15T11:40:01","guid":{"rendered":"https:\/\/evolitis.com\/?page_id=12200"},"modified":"2023-04-24T15:57:43","modified_gmt":"2023-04-24T13:57:43","slug":"xzmg","status":"publish","type":"page","link":"https:\/\/evolitis.com\/en\/xzmg\/","title":{"rendered":"XCMG"},"content":{"rendered":"<div data-elementor-type=\"wp-page\" data-elementor-id=\"12200\" class=\"elementor elementor-12200\">\n\t\t\t\t\t\t\t\t\t<section class=\"elementor-section elementor-top-section elementor-element elementor-element-a592963 elementor-section-boxed elementor-section-height-default elementor-section-height-default\" data-id=\"a592963\" data-element_type=\"section\" data-settings=\"{&quot;background_background&quot;:&quot;slideshow&quot;,&quot;background_slideshow_gallery&quot;:[{&quot;id&quot;:13844,&quot;url&quot;:&quot;https:\\\/\\\/evolitis.com\\\/wp-content\\\/uploads\\\/2023\\\/04\\\/Image6.jpg&quot;}],&quot;background_slideshow_loop&quot;:&quot;yes&quot;,&quot;background_slideshow_slide_duration&quot;:5000,&quot;background_slideshow_slide_transition&quot;:&quot;fade&quot;,&quot;background_slideshow_transition_duration&quot;:500}\">\n\t\t\t\t\t\t<div class=\"elementor-container elementor-column-gap-default\">\n\t\t\t\t\t<div class=\"elementor-column elementor-col-100 elementor-top-column elementor-element elementor-element-dce4d63\" data-id=\"dce4d63\" data-element_type=\"column\">\n\t\t\t<div class=\"elementor-widget-wrap elementor-element-populated\">\n\t\t\t\t\t\t\t\t<div class=\"elementor-element elementor-element-d6a6ff0 elementor-widget elementor-widget-image\" data-id=\"d6a6ff0\" data-element_type=\"widget\" data-widget_type=\"image.default\">\n\t\t\t\t<div class=\"elementor-widget-container\">\n\t\t\t<style>\/*! elementor - v3.12.0 - 29-03-2023 *\/\n.elementor-widget-image{text-align:center}.elementor-widget-image a{display:inline-block}.elementor-widget-image a img[src$=\".svg\"]{width:48px}.elementor-widget-image img{vertical-align:middle;display:inline-block}<\/style>\t\t\t\t\t\t\t\t\t\t\t\t<img loading=\"lazy\" decoding=\"async\" width=\"1024\" height=\"90\" src=\"https:\/\/evolitis.com\/wp-content\/uploads\/2023\/04\/Image2-2.png\" class=\"attachment-large size-large wp-image-13745\" alt=\"\" srcset=\"https:\/\/evolitis.com\/wp-content\/uploads\/2023\/04\/Image2-2.png 1814w, https:\/\/evolitis.com\/wp-content\/uploads\/2023\/04\/Image2-2-300x26.png 300w, https:\/\/evolitis.com\/wp-content\/uploads\/2023\/04\/Image2-2-1024x90.png 1024w, https:\/\/evolitis.com\/wp-content\/uploads\/2023\/04\/Image2-2-768x68.png 768w, https:\/\/evolitis.com\/wp-content\/uploads\/2023\/04\/Image2-2-1536x135.png 1536w, https:\/\/evolitis.com\/wp-content\/uploads\/2023\/04\/Image2-2-18x2.png 18w\" sizes=\"auto, (max-width: 1024px) 100vw, 1024px\" \/>\t\t\t\t\t\t\t\t\t\t\t\t\t\t\t<\/div>\n\t\t\t\t<\/div>\n\t\t\t\t\t<\/div>\n\t\t<\/div>\n\t\t\t\t\t\t\t<\/div>\n\t\t<\/section>\n\t\t\t\t<section class=\"elementor-section elementor-top-section elementor-element elementor-element-bb6ecc1 elementor-section-boxed elementor-section-height-default elementor-section-height-default\" data-id=\"bb6ecc1\" data-element_type=\"section\">\n\t\t\t\t\t\t<div class=\"elementor-container elementor-column-gap-default\">\n\t\t\t\t\t<div class=\"elementor-column elementor-col-100 elementor-top-column elementor-element elementor-element-2883d4c\" data-id=\"2883d4c\" data-element_type=\"column\">\n\t\t\t<div class=\"elementor-widget-wrap elementor-element-populated\">\n\t\t\t\t\t\t\t\t<div class=\"elementor-element elementor-element-b5eca01 elementor-widget elementor-widget-text-editor\" data-id=\"b5eca01\" data-element_type=\"widget\" data-widget_type=\"text-editor.default\">\n\t\t\t\t<div class=\"elementor-widget-container\">\n\t\t\t<style>\/*! elementor - v3.12.0 - 29-03-2023 *\/\n.elementor-widget-text-editor.elementor-drop-cap-view-stacked .elementor-drop-cap{background-color:#69727d;color:#fff}.elementor-widget-text-editor.elementor-drop-cap-view-framed .elementor-drop-cap{color:#69727d;border:3px solid;background-color:transparent}.elementor-widget-text-editor:not(.elementor-drop-cap-view-default) .elementor-drop-cap{margin-top:8px}.elementor-widget-text-editor:not(.elementor-drop-cap-view-default) .elementor-drop-cap-letter{width:1em;height:1em}.elementor-widget-text-editor .elementor-drop-cap{float:left;text-align:center;line-height:1;font-size:50px}.elementor-widget-text-editor .elementor-drop-cap-letter{display:inline-block}<\/style>\t\t\t\t<p>XCMG, the brand of forklifts adapted to the requirements of all trades. We<br \/>are proud to offer a range of versatile products that can be used in<br \/>all types of environments\nenvironments, whether for handling heavy or<br \/>light loads, indoors or outdoors.<\/p>\t\t\t\t\t\t<\/div>\n\t\t\t\t<\/div>\n\t\t\t\t\t<\/div>\n\t\t<\/div>\n\t\t\t\t\t\t\t<\/div>\n\t\t<\/section>\n\t\t\t\t<section class=\"elementor-section elementor-top-section elementor-element elementor-element-7b0928c elementor-section-boxed elementor-section-height-default elementor-section-height-default\" data-id=\"7b0928c\" data-element_type=\"section\">\n\t\t\t\t\t\t<div class=\"elementor-container elementor-column-gap-default\">\n\t\t\t\t\t<div class=\"elementor-column elementor-col-50 elementor-top-column elementor-element elementor-element-5e4bb93\" data-id=\"5e4bb93\" data-element_type=\"column\">\n\t\t\t<div class=\"elementor-widget-wrap elementor-element-populated\">\n\t\t\t\t\t\t\t\t<div class=\"elementor-element elementor-element-968d9f3 elementor-widget elementor-widget-image\" data-id=\"968d9f3\" data-element_type=\"widget\" data-widget_type=\"image.default\">\n\t\t\t\t<div class=\"elementor-widget-container\">\n\t\t\t\t\t\t\t\t\t\t\t\t\t\t\t<img loading=\"lazy\" decoding=\"async\" width=\"681\" height=\"458\" src=\"https:\/\/evolitis.com\/wp-content\/uploads\/2023\/02\/Slide2-2.jpg\" class=\"attachment-large size-large wp-image-13295\" alt=\"\" srcset=\"https:\/\/evolitis.com\/wp-content\/uploads\/2023\/02\/Slide2-2.jpg 681w, https:\/\/evolitis.com\/wp-content\/uploads\/2023\/02\/Slide2-2-300x202.jpg 300w\" sizes=\"auto, (max-width: 681px) 100vw, 681px\" \/>\t\t\t\t\t\t\t\t\t\t\t\t\t\t\t<\/div>\n\t\t\t\t<\/div>\n\t\t\t\t\t<\/div>\n\t\t<\/div>\n\t\t\t\t<div class=\"elementor-column elementor-col-50 elementor-top-column elementor-element elementor-element-768574a\" data-id=\"768574a\" data-element_type=\"column\">\n\t\t\t<div class=\"elementor-widget-wrap elementor-element-populated\">\n\t\t\t\t\t\t\t\t<div class=\"elementor-element elementor-element-bd6b683 elementor-widget elementor-widget-image\" data-id=\"bd6b683\" data-element_type=\"widget\" data-widget_type=\"image.default\">\n\t\t\t\t<div class=\"elementor-widget-container\">\n\t\t\t\t\t\t\t\t\t\t\t\t\t\t\t<img loading=\"lazy\" decoding=\"async\" width=\"686\" height=\"463\" src=\"https:\/\/evolitis.com\/wp-content\/uploads\/2023\/02\/Slide3-2.jpg\" class=\"attachment-large size-large wp-image-13296\" alt=\"\" srcset=\"https:\/\/evolitis.com\/wp-content\/uploads\/2023\/02\/Slide3-2.jpg 686w, https:\/\/evolitis.com\/wp-content\/uploads\/2023\/02\/Slide3-2-300x202.jpg 300w\" sizes=\"auto, (max-width: 686px) 100vw, 686px\" \/>\t\t\t\t\t\t\t\t\t\t\t\t\t\t\t<\/div>\n\t\t\t\t<\/div>\n\t\t\t\t\t<\/div>\n\t\t<\/div>\n\t\t\t\t\t\t\t<\/div>\n\t\t<\/section>\n\t\t\t\t<section class=\"elementor-section elementor-top-section elementor-element elementor-element-bab0eca elementor-section-content-middle elementor-section-boxed elementor-section-height-default elementor-section-height-default\" data-id=\"bab0eca\" data-element_type=\"section\">\n\t\t\t\t\t\t<div class=\"elementor-container elementor-column-gap-no\">\n\t\t\t\t\t<div class=\"elementor-column elementor-col-100 elementor-top-column elementor-element elementor-element-48473bdb\" data-id=\"48473bdb\" data-element_type=\"column\">\n\t\t\t<div class=\"elementor-widget-wrap elementor-element-populated\">\n\t\t\t\t\t\t\t\t<div class=\"elementor-element elementor-element-c870e3a elementor-widget elementor-widget-text-editor\" data-id=\"c870e3a\" data-element_type=\"widget\" data-widget_type=\"text-editor.default\">\n\t\t\t\t<div class=\"elementor-widget-container\">\n\t\t\t\t\t\t\t<p>Our forklifts are designed to meet the needs of professionals and to make their daily work easier.<br \/>their daily work. We focus on the quality, reliability and safety<br \/>of our products to offer you an optimal working experience.<\/p>\t\t\t\t\t\t<\/div>\n\t\t\t\t<\/div>\n\t\t\t\t\t<\/div>\n\t\t<\/div>\n\t\t\t\t\t\t\t<\/div>\n\t\t<\/section>\n\t\t\t\t<section class=\"elementor-section elementor-top-section elementor-element elementor-element-5f060b2 elementor-section-boxed elementor-section-height-default elementor-section-height-default\" data-id=\"5f060b2\" data-element_type=\"section\">\n\t\t\t\t\t\t<div class=\"elementor-container elementor-column-gap-default\">\n\t\t\t\t\t<div class=\"elementor-column elementor-col-50 elementor-top-column elementor-element elementor-element-2a4cc88\" data-id=\"2a4cc88\" data-element_type=\"column\">\n\t\t\t<div class=\"elementor-widget-wrap elementor-element-populated\">\n\t\t\t\t\t\t\t\t<div class=\"elementor-element elementor-element-6477302 elementor-widget elementor-widget-image\" data-id=\"6477302\" data-element_type=\"widget\" data-widget_type=\"image.default\">\n\t\t\t\t<div class=\"elementor-widget-container\">\n\t\t\t\t\t\t\t\t\t\t\t\t\t\t\t<img loading=\"lazy\" decoding=\"async\" width=\"689\" height=\"460\" src=\"https:\/\/evolitis.com\/wp-content\/uploads\/2023\/02\/Slide4-2.jpg\" class=\"attachment-large size-large wp-image-13305\" alt=\"\" srcset=\"https:\/\/evolitis.com\/wp-content\/uploads\/2023\/02\/Slide4-2.jpg 689w, https:\/\/evolitis.com\/wp-content\/uploads\/2023\/02\/Slide4-2-300x200.jpg 300w\" sizes=\"auto, (max-width: 689px) 100vw, 689px\" \/>\t\t\t\t\t\t\t\t\t\t\t\t\t\t\t<\/div>\n\t\t\t\t<\/div>\n\t\t\t\t\t<\/div>\n\t\t<\/div>\n\t\t\t\t<div class=\"elementor-column elementor-col-50 elementor-top-column elementor-element elementor-element-e81d394\" data-id=\"e81d394\" data-element_type=\"column\">\n\t\t\t<div class=\"elementor-widget-wrap elementor-element-populated\">\n\t\t\t\t\t\t\t\t<div class=\"elementor-element elementor-element-6fda1fc elementor-widget elementor-widget-image\" data-id=\"6fda1fc\" data-element_type=\"widget\" data-widget_type=\"image.default\">\n\t\t\t\t<div class=\"elementor-widget-container\">\n\t\t\t\t\t\t\t\t\t\t\t\t\t\t\t<img loading=\"lazy\" decoding=\"async\" width=\"693\" height=\"471\" src=\"https:\/\/evolitis.com\/wp-content\/uploads\/2023\/02\/Slide5-2.jpg\" class=\"attachment-large size-large wp-image-13306\" alt=\"\" srcset=\"https:\/\/evolitis.com\/wp-content\/uploads\/2023\/02\/Slide5-2.jpg 693w, https:\/\/evolitis.com\/wp-content\/uploads\/2023\/02\/Slide5-2-300x204.jpg 300w\" sizes=\"auto, (max-width: 693px) 100vw, 693px\" \/>\t\t\t\t\t\t\t\t\t\t\t\t\t\t\t<\/div>\n\t\t\t\t<\/div>\n\t\t\t\t\t<\/div>\n\t\t<\/div>\n\t\t\t\t\t\t\t<\/div>\n\t\t<\/section>\n\t\t\t\t<section class=\"elementor-section elementor-top-section elementor-element elementor-element-d8de87b elementor-section-boxed elementor-section-height-default elementor-section-height-default\" data-id=\"d8de87b\" data-element_type=\"section\">\n\t\t\t\t\t\t<div class=\"elementor-container elementor-column-gap-default\">\n\t\t\t\t\t<div class=\"elementor-column elementor-col-100 elementor-top-column elementor-element elementor-element-c44d96f\" data-id=\"c44d96f\" data-element_type=\"column\">\n\t\t\t<div class=\"elementor-widget-wrap elementor-element-populated\">\n\t\t\t\t\t\t\t\t<div class=\"elementor-element elementor-element-67629f9 elementor-widget elementor-widget-text-editor\" data-id=\"67629f9\" data-element_type=\"widget\" data-widget_type=\"text-editor.default\">\n\t\t\t\t<div class=\"elementor-widget-container\">\n\t\t\t\t\t\t\t<p>We are committed to providing quality after-sales service to meet your needs<br \/>and to accompany you in your projects.<br \/>Discover our complete line of forklifts and choose the one that best suits.<br \/>your needs<\/p>\t\t\t\t\t\t<\/div>\n\t\t\t\t<\/div>\n\t\t\t\t\t<\/div>\n\t\t<\/div>\n\t\t\t\t\t\t\t<\/div>\n\t\t<\/section>\n\t\t\t\t<section class=\"elementor-section elementor-top-section elementor-element elementor-element-46d8c8d1 elementor-section-content-middle elementor-section-boxed elementor-section-height-default elementor-section-height-default\" data-id=\"46d8c8d1\" data-element_type=\"section\">\n\t\t\t\t\t\t<div class=\"elementor-container elementor-column-gap-no\">\n\t\t\t\t\t<div class=\"elementor-column elementor-col-100 elementor-top-column elementor-element elementor-element-57c4b312\" data-id=\"57c4b312\" data-element_type=\"column\">\n\t\t\t<div class=\"elementor-widget-wrap elementor-element-populated\">\n\t\t\t\t\t\t\t\t<div class=\"elementor-element elementor-element-7660bb4 elementor-widget elementor-widget-spacer\" data-id=\"7660bb4\" data-element_type=\"widget\" data-widget_type=\"spacer.default\">\n\t\t\t\t<div class=\"elementor-widget-container\">\n\t\t\t<style>\/*! elementor - v3.12.0 - 29-03-2023 *\/\n.elementor-column .elementor-spacer-inner{height:var(--spacer-size)}.e-con{--container-widget-width:100%}.e-con-inner>.elementor-widget-spacer,.e-con>.elementor-widget-spacer{width:var(--container-widget-width,var(--spacer-size));--align-self:var(--container-widget-align-self,initial);--flex-shrink:0}.e-con-inner>.elementor-widget-spacer>.elementor-widget-container,.e-con-inner>.elementor-widget-spacer>.elementor-widget-container>.elementor-spacer,.e-con>.elementor-widget-spacer>.elementor-widget-container,.e-con>.elementor-widget-spacer>.elementor-widget-container>.elementor-spacer{height:100%}.e-con-inner>.elementor-widget-spacer>.elementor-widget-container>.elementor-spacer>.elementor-spacer-inner,.e-con>.elementor-widget-spacer>.elementor-widget-container>.elementor-spacer>.elementor-spacer-inner{height:var(--container-widget-height,var(--spacer-size))}<\/style>\t\t<div class=\"elementor-spacer\">\n\t\t\t<div class=\"elementor-spacer-inner\"><\/div>\n\t\t<\/div>\n\t\t\t\t<\/div>\n\t\t\t\t<\/div>\n\t\t\t\t\t<\/div>\n\t\t<\/div>\n\t\t\t\t\t\t\t<\/div>\n\t\t<\/section>\n\t\t\t\t\t\t\t<\/div>","protected":false},"excerpt":{"rendered":"<p>XCMG, la marque de chariots \u00e9l\u00e9vateurs adapt\u00e9s aux exigences de tous les m\u00e9tiers. Noussommes fiers de proposer une gamme de produits polyvalents et capables d&rsquo;\u00eatre utilis\u00e9s danstous les types d&rsquo;environnements, que ce soit pour la manutention de charges lourdes oul\u00e9g\u00e8res, en int\u00e9rieur ou en ext\u00e9rieur. Nos chariots \u00e9l\u00e9vateurs sont con\u00e7us pour r\u00e9pondre aux besoins des [&hellip;]<\/p>","protected":false},"author":1,"featured_media":0,"parent":0,"menu_order":0,"comment_status":"closed","ping_status":"closed","template":"elementor_header_footer","meta":{"om_disable_all_campaigns":false,"_mi_skip_tracking":false,"footnotes":""},"class_list":["post-12200","page","type-page","status-publish","hentry"],"acf":[],"aioseo_notices":[],"_links":{"self":[{"href":"https:\/\/evolitis.com\/en\/wp-json\/wp\/v2\/pages\/12200","targetHints":{"allow":["GET"]}}],"collection":[{"href":"https:\/\/evolitis.com\/en\/wp-json\/wp\/v2\/pages"}],"about":[{"href":"https:\/\/evolitis.com\/en\/wp-json\/wp\/v2\/types\/page"}],"author":[{"embeddable":true,"href":"https:\/\/evolitis.com\/en\/wp-json\/wp\/v2\/users\/1"}],"replies":[{"embeddable":true,"href":"https:\/\/evolitis.com\/en\/wp-json\/wp\/v2\/comments?post=12200"}],"version-history":[{"count":131,"href":"https:\/\/evolitis.com\/en\/wp-json\/wp\/v2\/pages\/12200\/revisions"}],"predecessor-version":[{"id":13847,"href":"https:\/\/evolitis.com\/en\/wp-json\/wp\/v2\/pages\/12200\/revisions\/13847"}],"wp:attachment":[{"href":"https:\/\/evolitis.com\/en\/wp-json\/wp\/v2\/media?parent=12200"}],"curies":[{"name":"wp","href":"https:\/\/api.w.org\/{rel}","templated":true}]}}