{"id":12289,"date":"2022-11-16T01:17:39","date_gmt":"2022-11-16T00:17:39","guid":{"rendered":"https:\/\/evolitis.com\/?page_id=12289"},"modified":"2022-12-01T11:53:17","modified_gmt":"2022-12-01T10:53:17","slug":"pieces-detachees","status":"publish","type":"page","link":"https:\/\/evolitis.com\/en\/pieces-detachees\/","title":{"rendered":"SPARE PARTS"},"content":{"rendered":"<div data-elementor-type=\"wp-page\" data-elementor-id=\"12289\" class=\"elementor elementor-12289\">\n\t\t\t\t\t\t\t\t\t<section class=\"elementor-section elementor-top-section elementor-element elementor-element-5684225 elementor-section-boxed elementor-section-height-default elementor-section-height-default\" data-id=\"5684225\" data-element_type=\"section\">\n\t\t\t\t\t\t<div class=\"elementor-container elementor-column-gap-default\">\n\t\t\t\t\t<div class=\"elementor-column elementor-col-100 elementor-top-column elementor-element elementor-element-4482dfe\" data-id=\"4482dfe\" data-element_type=\"column\">\n\t\t\t<div class=\"elementor-widget-wrap elementor-element-populated\">\n\t\t\t\t\t\t\t\t<div class=\"elementor-element elementor-element-da53bf9 elementor-widget elementor-widget-heading\" data-id=\"da53bf9\" data-element_type=\"widget\" data-widget_type=\"heading.default\">\n\t\t\t\t<div class=\"elementor-widget-container\">\n\t\t\t<style>\/*! elementor - v3.12.0 - 29-03-2023 *\/\n.elementor-heading-title{padding:0;margin:0;line-height:1}.elementor-widget-heading .elementor-heading-title[class*=elementor-size-]>a{color:inherit;font-size:inherit;line-height:inherit}.elementor-widget-heading .elementor-heading-title.elementor-size-small{font-size:15px}.elementor-widget-heading .elementor-heading-title.elementor-size-medium{font-size:19px}.elementor-widget-heading .elementor-heading-title.elementor-size-large{font-size:29px}.elementor-widget-heading .elementor-heading-title.elementor-size-xl{font-size:39px}.elementor-widget-heading .elementor-heading-title.elementor-size-xxl{font-size:59px}<\/style><h5 class=\"elementor-heading-title elementor-size-default\">WE HAVE THE PARTS YOU NEED <\/h5>\t\t<\/div>\n\t\t\t\t<\/div>\n\t\t\t\t\t<\/div>\n\t\t<\/div>\n\t\t\t\t\t\t\t<\/div>\n\t\t<\/section>\n\t\t\t\t<section class=\"elementor-section elementor-top-section elementor-element elementor-element-54bdd5a elementor-section-boxed elementor-section-height-default elementor-section-height-default\" data-id=\"54bdd5a\" data-element_type=\"section\">\n\t\t\t\t\t\t<div class=\"elementor-container elementor-column-gap-default\">\n\t\t\t\t\t<div class=\"elementor-column elementor-col-100 elementor-top-column elementor-element elementor-element-4b9fb28\" data-id=\"4b9fb28\" data-element_type=\"column\">\n\t\t\t<div class=\"elementor-widget-wrap elementor-element-populated\">\n\t\t\t\t\t\t\t\t<div class=\"elementor-element elementor-element-7c98e03 elementor-widget elementor-widget-text-editor\" data-id=\"7c98e03\" data-element_type=\"widget\" data-widget_type=\"text-editor.default\">\n\t\t\t\t<div class=\"elementor-widget-container\">\n\t\t\t<style>\/*! elementor - v3.12.0 - 29-03-2023 *\/\n.elementor-widget-text-editor.elementor-drop-cap-view-stacked .elementor-drop-cap{background-color:#69727d;color:#fff}.elementor-widget-text-editor.elementor-drop-cap-view-framed .elementor-drop-cap{color:#69727d;border:3px solid;background-color:transparent}.elementor-widget-text-editor:not(.elementor-drop-cap-view-default) .elementor-drop-cap{margin-top:8px}.elementor-widget-text-editor:not(.elementor-drop-cap-view-default) .elementor-drop-cap-letter{width:1em;height:1em}.elementor-widget-text-editor .elementor-drop-cap{float:left;text-align:center;line-height:1;font-size:50px}.elementor-widget-text-editor .elementor-drop-cap-letter{display:inline-block}<\/style>\t\t\t\t<p>Quality OEM parts will help your vehicle maintain its basic features as designed by the\nmanufacturer. Better quality auto parts can prevent damage to other vehicle components.<\/p>\t\t\t\t\t\t<\/div>\n\t\t\t\t<\/div>\n\t\t\t\t<section class=\"elementor-section elementor-inner-section elementor-element elementor-element-daf9244 elementor-section-boxed elementor-section-height-default elementor-section-height-default\" data-id=\"daf9244\" data-element_type=\"section\">\n\t\t\t\t\t\t<div class=\"elementor-container elementor-column-gap-default\">\n\t\t\t\t\t<div class=\"elementor-column elementor-col-50 elementor-inner-column elementor-element elementor-element-0a14a7f\" data-id=\"0a14a7f\" data-element_type=\"column\">\n\t\t\t<div class=\"elementor-widget-wrap elementor-element-populated\">\n\t\t\t\t\t\t\t\t<div class=\"elementor-element elementor-element-5b09bc8 elementor-widget elementor-widget-text-editor\" data-id=\"5b09bc8\" data-element_type=\"widget\" data-widget_type=\"text-editor.default\">\n\t\t\t\t<div class=\"elementor-widget-container\">\n\t\t\t\t\t\t\t<p>Installing genuine spare parts greatly extends the durability and operating conditions of your\ncar. This means that you can enjoy reliable operation of your vehicle&#039;s engine and components<\/p>\n<p>SIVVA has a stock of parts for its customers with a coverage rate of more than 80%, thanks to a\nclear and effective commitment in this area, we provide a service based on a logistical strategy\nthat allows us to replenish our stock of parts at any time, thus avoiding stock shortages.<\/p>\n<p>Our fleet customers can always have a personalized and dedicated stock of parts, physically stored in our parts warehouses according to the different geographical locations, which allows them to always have a set of references of parts adapted to their operational needs.<\/p>\t\t\t\t\t\t<\/div>\n\t\t\t\t<\/div>\n\t\t\t\t\t<\/div>\n\t\t<\/div>\n\t\t\t\t<div class=\"elementor-column elementor-col-50 elementor-inner-column elementor-element elementor-element-0ceb81b\" data-id=\"0ceb81b\" data-element_type=\"column\">\n\t\t\t<div class=\"elementor-widget-wrap elementor-element-populated\">\n\t\t\t\t\t\t\t\t<div class=\"elementor-element elementor-element-acafec6 elementor-widget elementor-widget-image\" data-id=\"acafec6\" data-element_type=\"widget\" data-widget_type=\"image.default\">\n\t\t\t\t<div class=\"elementor-widget-container\">\n\t\t\t<style>\/*! elementor - v3.12.0 - 29-03-2023 *\/\n.elementor-widget-image{text-align:center}.elementor-widget-image a{display:inline-block}.elementor-widget-image a img[src$=\".svg\"]{width:48px}.elementor-widget-image img{vertical-align:middle;display:inline-block}<\/style>\t\t\t\t\t\t\t\t\t\t\t\t<img loading=\"lazy\" decoding=\"async\" width=\"1024\" height=\"540\" src=\"https:\/\/evolitis.com\/wp-content\/uploads\/2022\/12\/site-parts-TC-ok-e1669891614184-1024x540.jpg\" class=\"attachment-large size-large wp-image-12596\" alt=\"\" srcset=\"https:\/\/evolitis.com\/wp-content\/uploads\/2022\/12\/site-parts-TC-ok-e1669891614184-1024x540.jpg 1024w, https:\/\/evolitis.com\/wp-content\/uploads\/2022\/12\/site-parts-TC-ok-e1669891614184-300x158.jpg 300w, https:\/\/evolitis.com\/wp-content\/uploads\/2022\/12\/site-parts-TC-ok-e1669891614184-768x405.jpg 768w, https:\/\/evolitis.com\/wp-content\/uploads\/2022\/12\/site-parts-TC-ok-e1669891614184.jpg 1280w\" sizes=\"auto, (max-width: 1024px) 100vw, 1024px\" \/>\t\t\t\t\t\t\t\t\t\t\t\t\t\t\t<\/div>\n\t\t\t\t<\/div>\n\t\t\t\t\t<\/div>\n\t\t<\/div>\n\t\t\t\t\t\t\t<\/div>\n\t\t<\/section>\n\t\t\t\t\t<\/div>\n\t\t<\/div>\n\t\t\t\t\t\t\t<\/div>\n\t\t<\/section>\n\t\t\t\t\t\t\t<\/div>","protected":false},"excerpt":{"rendered":"<p>Nous avons les pieces qu&rsquo;il vous faut La qualit\u00e9 des pi\u00e8ces d\u00e9tach\u00e9es d&rsquo;origine permettra \u00e0 votre v\u00e9hicule de conserver ses caract\u00e9ristiques de base, telles que con\u00e7ues par le constructeur. Des pi\u00e8ces automobiles de meilleure qualit\u00e9 peuvent \u00e9viter d&rsquo;endommager d&rsquo;autres composants du v\u00e9hicule. L\u2019installation de pi\u00e8ces d\u00e9tach\u00e9es d\u2019origine permet d\u2019\u00e9tendre consid\u00e9rablement la durabilit\u00e9 et les conditions [&hellip;]<\/p>","protected":false},"author":1,"featured_media":0,"parent":0,"menu_order":0,"comment_status":"closed","ping_status":"closed","template":"elementor_header_footer","meta":{"om_disable_all_campaigns":false,"_mi_skip_tracking":false,"footnotes":""},"class_list":["post-12289","page","type-page","status-publish","hentry"],"acf":[],"aioseo_notices":[],"_links":{"self":[{"href":"https:\/\/evolitis.com\/en\/wp-json\/wp\/v2\/pages\/12289","targetHints":{"allow":["GET"]}}],"collection":[{"href":"https:\/\/evolitis.com\/en\/wp-json\/wp\/v2\/pages"}],"about":[{"href":"https:\/\/evolitis.com\/en\/wp-json\/wp\/v2\/types\/page"}],"author":[{"embeddable":true,"href":"https:\/\/evolitis.com\/en\/wp-json\/wp\/v2\/users\/1"}],"replies":[{"embeddable":true,"href":"https:\/\/evolitis.com\/en\/wp-json\/wp\/v2\/comments?post=12289"}],"version-history":[{"count":16,"href":"https:\/\/evolitis.com\/en\/wp-json\/wp\/v2\/pages\/12289\/revisions"}],"predecessor-version":[{"id":12608,"href":"https:\/\/evolitis.com\/en\/wp-json\/wp\/v2\/pages\/12289\/revisions\/12608"}],"wp:attachment":[{"href":"https:\/\/evolitis.com\/en\/wp-json\/wp\/v2\/media?parent=12289"}],"curies":[{"name":"wp","href":"https:\/\/api.w.org\/{rel}","templated":true}]}}