{"id":12298,"date":"2022-11-16T01:20:33","date_gmt":"2022-11-16T00:20:33","guid":{"rendered":"https:\/\/evolitis.com\/?page_id=12298"},"modified":"2023-04-25T16:25:14","modified_gmt":"2023-04-25T14:25:14","slug":"test-drive","status":"publish","type":"page","link":"https:\/\/evolitis.com\/en\/test-drive\/","title":{"rendered":"Test Drive"},"content":{"rendered":"<div data-elementor-type=\"wp-page\" data-elementor-id=\"12298\" class=\"elementor elementor-12298\">\n\t\t\t\t\t\t\t\t\t<section class=\"elementor-section elementor-top-section elementor-element elementor-element-589a9a8 elementor-section-boxed elementor-section-height-default elementor-section-height-default\" data-id=\"589a9a8\" data-element_type=\"section\">\n\t\t\t\t\t\t<div class=\"elementor-container elementor-column-gap-default\">\n\t\t\t\t\t<div class=\"elementor-column elementor-col-100 elementor-top-column elementor-element elementor-element-77ccc03\" data-id=\"77ccc03\" data-element_type=\"column\">\n\t\t\t<div class=\"elementor-widget-wrap elementor-element-populated\">\n\t\t\t\t\t\t\t\t<section class=\"elementor-section elementor-inner-section elementor-element elementor-element-57f3382 elementor-section-boxed elementor-section-height-default elementor-section-height-default\" data-id=\"57f3382\" data-element_type=\"section\">\n\t\t\t\t\t\t<div class=\"elementor-container elementor-column-gap-default\">\n\t\t\t\t\t<div class=\"elementor-column elementor-col-100 elementor-inner-column elementor-element elementor-element-c9b7235\" data-id=\"c9b7235\" data-element_type=\"column\">\n\t\t\t<div class=\"elementor-widget-wrap elementor-element-populated\">\n\t\t\t\t\t\t\t\t<div class=\"elementor-element elementor-element-bc8f584 elementor-widget elementor-widget-cdhl_section-title\" data-id=\"bc8f584\" data-element_type=\"widget\" data-widget_type=\"cdhl_section-title.default\">\n\t\t\t\t<div class=\"elementor-widget-container\">\n\t\t\t<div class=\"cdhl_section-title_wrapper\">\n\t<div class=\"section-title text-center style_1\" id=\"bc8f584\">\n\t\t\t<span class=\"sub-title\">SIVVA<\/span>\n\t\t<h4 class=\"main-title\">\n\t\t\tTEST DRIVE\t\t<\/h4>\n\t\t\t\t\t<div class=\"separator\"><\/div>\n\t\t\t\t<\/div>\n<\/div>\n\t\t<\/div>\n\t\t\t\t<\/div>\n\t\t\t\t\t<\/div>\n\t\t<\/div>\n\t\t\t\t\t\t\t<\/div>\n\t\t<\/section>\n\t\t\t\t\t<\/div>\n\t\t<\/div>\n\t\t\t\t\t\t\t<\/div>\n\t\t<\/section>\n\t\t\t\t<section class=\"elementor-section elementor-top-section elementor-element elementor-element-5968c0e elementor-section-boxed elementor-section-height-default elementor-section-height-default\" data-id=\"5968c0e\" data-element_type=\"section\">\n\t\t\t\t\t\t<div class=\"elementor-container elementor-column-gap-default\">\n\t\t\t\t\t<div class=\"elementor-column elementor-col-100 elementor-top-column elementor-element elementor-element-22a049f\" data-id=\"22a049f\" data-element_type=\"column\">\n\t\t\t<div class=\"elementor-widget-wrap elementor-element-populated\">\n\t\t\t\t\t\t\t\t<section class=\"elementor-section elementor-inner-section elementor-element elementor-element-b4cc3cf elementor-section-boxed elementor-section-height-default elementor-section-height-default\" data-id=\"b4cc3cf\" data-element_type=\"section\">\n\t\t\t\t\t\t<div class=\"elementor-container elementor-column-gap-default\">\n\t\t\t\t\t<div class=\"elementor-column elementor-col-33 elementor-inner-column elementor-element elementor-element-3405ecd\" data-id=\"3405ecd\" data-element_type=\"column\">\n\t\t\t<div class=\"elementor-widget-wrap elementor-element-populated\">\n\t\t\t\t\t\t\t\t<div class=\"elementor-element elementor-element-f93392f elementor-widget elementor-widget-image\" data-id=\"f93392f\" data-element_type=\"widget\" data-widget_type=\"image.default\">\n\t\t\t\t<div class=\"elementor-widget-container\">\n\t\t\t<style>\/*! elementor - v3.12.0 - 29-03-2023 *\/\n.elementor-widget-image{text-align:center}.elementor-widget-image a{display:inline-block}.elementor-widget-image a img[src$=\".svg\"]{width:48px}.elementor-widget-image img{vertical-align:middle;display:inline-block}<\/style>\t\t\t\t\t\t\t\t\t\t\t\t\t<a href=\"https:\/\/evolitis.com\/en\/grand-tiger\/\">\n\t\t\t\t\t\t\t<img loading=\"lazy\" decoding=\"async\" width=\"1024\" height=\"760\" src=\"https:\/\/evolitis.com\/wp-content\/uploads\/2022\/12\/\u5a01\u864e-1024x760.jpg\" class=\"attachment-large size-large wp-image-12656\" alt=\"\" srcset=\"https:\/\/evolitis.com\/wp-content\/uploads\/2022\/12\/\u5a01\u864e-1024x760.jpg 1024w, https:\/\/evolitis.com\/wp-content\/uploads\/2022\/12\/\u5a01\u864e-300x223.jpg 300w, https:\/\/evolitis.com\/wp-content\/uploads\/2022\/12\/\u5a01\u864e-768x570.jpg 768w, https:\/\/evolitis.com\/wp-content\/uploads\/2022\/12\/\u5a01\u864e-1536x1140.jpg 1536w, https:\/\/evolitis.com\/wp-content\/uploads\/2022\/12\/\u5a01\u864e-2048x1520.jpg 2048w\" sizes=\"auto, (max-width: 1024px) 100vw, 1024px\" \/>\t\t\t\t\t\t\t\t<\/a>\n\t\t\t\t\t\t\t\t\t\t\t\t\t\t\t<\/div>\n\t\t\t\t<\/div>\n\t\t\t\t<div class=\"elementor-element elementor-element-be3a92e elementor-widget elementor-widget-cdhl_feature-box\" data-id=\"be3a92e\" data-element_type=\"widget\" data-widget_type=\"cdhl_feature-box.default\">\n\t\t\t\t<div class=\"elementor-widget-container\">\n\t\t\t<div class=\"cdhl_feature-box_wrapper\">\n\t<div class=\"style-1 round-icon feature-border no-image feature-box\" id=\"cd_feature_box_be3a92e\" >\n\t\t\t\t<div class=\"icon\">\n\t\t\t\t\t<\/div>\n\t\t<div class=\"content\">\n\t\t\t<a id=\"be3a92e\" rel=\"nofollow\" href=\"https:\/\/evolitis.com\/en\/grand-tiger\/\">\n\t\t\t\t<h6>GrandTiger<\/h6>\t\t\t<\/a>\n\t\t\t\t\t<\/div>\n\t<\/div>\n<\/div>\n\t\t<\/div>\n\t\t\t\t<\/div>\n\t\t\t\t\t<\/div>\n\t\t<\/div>\n\t\t\t\t<div class=\"elementor-column elementor-col-33 elementor-inner-column elementor-element elementor-element-079a168\" data-id=\"079a168\" data-element_type=\"column\">\n\t\t\t<div class=\"elementor-widget-wrap elementor-element-populated\">\n\t\t\t\t\t\t\t\t<div class=\"elementor-element elementor-element-dfc0a15 elementor-widget elementor-widget-heading\" data-id=\"dfc0a15\" data-element_type=\"widget\" data-widget_type=\"heading.default\">\n\t\t\t\t<div class=\"elementor-widget-container\">\n\t\t\t<style>\/*! elementor - v3.12.0 - 29-03-2023 *\/\n.elementor-heading-title{padding:0;margin:0;line-height:1}.elementor-widget-heading .elementor-heading-title[class*=elementor-size-]>a{color:inherit;font-size:inherit;line-height:inherit}.elementor-widget-heading .elementor-heading-title.elementor-size-small{font-size:15px}.elementor-widget-heading .elementor-heading-title.elementor-size-medium{font-size:19px}.elementor-widget-heading .elementor-heading-title.elementor-size-large{font-size:29px}.elementor-widget-heading .elementor-heading-title.elementor-size-xl{font-size:39px}.elementor-widget-heading .elementor-heading-title.elementor-size-xxl{font-size:59px}<\/style><h5 class=\"elementor-heading-title elementor-size-default\">YOU ARE LOOKING FOR A NEW VEHICLE<\/h5>\t\t<\/div>\n\t\t\t\t<\/div>\n\t\t\t\t<div class=\"elementor-element elementor-element-c21efaf elementor-widget elementor-widget-text-editor\" data-id=\"c21efaf\" data-element_type=\"widget\" data-widget_type=\"text-editor.default\">\n\t\t\t\t<div class=\"elementor-widget-container\">\n\t\t\t<style>\/*! elementor - v3.12.0 - 29-03-2023 *\/\n.elementor-widget-text-editor.elementor-drop-cap-view-stacked .elementor-drop-cap{background-color:#69727d;color:#fff}.elementor-widget-text-editor.elementor-drop-cap-view-framed .elementor-drop-cap{color:#69727d;border:3px solid;background-color:transparent}.elementor-widget-text-editor:not(.elementor-drop-cap-view-default) .elementor-drop-cap{margin-top:8px}.elementor-widget-text-editor:not(.elementor-drop-cap-view-default) .elementor-drop-cap-letter{width:1em;height:1em}.elementor-widget-text-editor .elementor-drop-cap{float:left;text-align:center;line-height:1;font-size:50px}.elementor-widget-text-editor .elementor-drop-cap-letter{display:inline-block}<\/style>\t\t\t\t<p>Looking for a new vehicle but can't make a final decision? Don't worry, book a test drive of one\nof our models. Check out our selection of new vehicles available for test drive and treat\nyourself.<\/p>\t\t\t\t\t\t<\/div>\n\t\t\t\t<\/div>\n\t\t\t\t\t<\/div>\n\t\t<\/div>\n\t\t\t\t<div class=\"elementor-column elementor-col-33 elementor-inner-column elementor-element elementor-element-f4abc1d\" data-id=\"f4abc1d\" data-element_type=\"column\">\n\t\t\t<div class=\"elementor-widget-wrap elementor-element-populated\">\n\t\t\t\t\t\t\t\t<div class=\"elementor-element elementor-element-da646f8 elementor-widget elementor-widget-image\" data-id=\"da646f8\" data-element_type=\"widget\" data-widget_type=\"image.default\">\n\t\t\t\t<div class=\"elementor-widget-container\">\n\t\t\t\t\t\t\t\t\t\t\t\t\t\t\t\t<a href=\"https:\/\/evolitis.com\/en\/terralord\/ \">\n\t\t\t\t\t\t\t<img loading=\"lazy\" decoding=\"async\" width=\"1536\" height=\"1017\" src=\"https:\/\/evolitis.com\/wp-content\/uploads\/2022\/12\/16\u5dc5\u5cf0\u8bd5\u9a7e\u4f1a-1536x1017.jpg\" class=\"attachment-1536x1536 size-1536x1536 wp-image-12657\" alt=\"\" srcset=\"https:\/\/evolitis.com\/wp-content\/uploads\/2022\/12\/16\u5dc5\u5cf0\u8bd5\u9a7e\u4f1a-1536x1017.jpg 1536w, https:\/\/evolitis.com\/wp-content\/uploads\/2022\/12\/16\u5dc5\u5cf0\u8bd5\u9a7e\u4f1a-300x199.jpg 300w, https:\/\/evolitis.com\/wp-content\/uploads\/2022\/12\/16\u5dc5\u5cf0\u8bd5\u9a7e\u4f1a-1024x678.jpg 1024w, https:\/\/evolitis.com\/wp-content\/uploads\/2022\/12\/16\u5dc5\u5cf0\u8bd5\u9a7e\u4f1a-768x509.jpg 768w, https:\/\/evolitis.com\/wp-content\/uploads\/2022\/12\/16\u5dc5\u5cf0\u8bd5\u9a7e\u4f1a-2048x1356.jpg 2048w\" sizes=\"auto, (max-width: 1536px) 100vw, 1536px\" \/>\t\t\t\t\t\t\t\t<\/a>\n\t\t\t\t\t\t\t\t\t\t\t\t\t\t\t<\/div>\n\t\t\t\t<\/div>\n\t\t\t\t<div class=\"elementor-element elementor-element-466ad0d elementor-widget elementor-widget-cdhl_feature-box\" data-id=\"466ad0d\" data-element_type=\"widget\" data-widget_type=\"cdhl_feature-box.default\">\n\t\t\t\t<div class=\"elementor-widget-container\">\n\t\t\t<div class=\"cdhl_feature-box_wrapper\">\n\t<div class=\"style-1 round-icon feature-border no-image feature-box\" id=\"cd_feature_box_466ad0d\" >\n\t\t\t\t<div class=\"icon\">\n\t\t\t\t\t<\/div>\n\t\t<div class=\"content\">\n\t\t\t<a id=\"466ad0d\" rel=\"nofollow\" href=\"https:\/\/evolitis.com\/en\/terralord\/\">\n\t\t\t\t<h6>Terralord<\/h6>\t\t\t<\/a>\n\t\t\t\t\t<\/div>\n\t<\/div>\n<\/div>\n\t\t<\/div>\n\t\t\t\t<\/div>\n\t\t\t\t\t<\/div>\n\t\t<\/div>\n\t\t\t\t\t\t\t<\/div>\n\t\t<\/section>\n\t\t\t\t\t<\/div>\n\t\t<\/div>\n\t\t\t\t\t\t\t<\/div>\n\t\t<\/section>\n\t\t\t\t\t\t\t<\/div>","protected":false},"excerpt":{"rendered":"<p>SIVVA test drive GrandTiger Vous \u00eates \u00e0 la recherche d&rsquo;un nouveau v\u00e9hicule Vous recherchez un nouveau v\u00e9hicule mais n&rsquo;arrivez pas \u00e0 prendre une d\u00e9cision d\u00e9finitive ? Ne vous inqui\u00e9tez pas, r\u00e9servez un essai de l&rsquo;un de nos mod\u00e8les. D\u00e9couvrez notre s\u00e9lection de v\u00e9hicules neufs disponibles pour l&rsquo;essai et faites-vous plaisir. Terralord<\/p>","protected":false},"author":1,"featured_media":0,"parent":0,"menu_order":0,"comment_status":"closed","ping_status":"closed","template":"elementor_header_footer","meta":{"om_disable_all_campaigns":false,"_mi_skip_tracking":false,"footnotes":""},"class_list":["post-12298","page","type-page","status-publish","hentry"],"acf":[],"aioseo_notices":[],"_links":{"self":[{"href":"https:\/\/evolitis.com\/en\/wp-json\/wp\/v2\/pages\/12298","targetHints":{"allow":["GET"]}}],"collection":[{"href":"https:\/\/evolitis.com\/en\/wp-json\/wp\/v2\/pages"}],"about":[{"href":"https:\/\/evolitis.com\/en\/wp-json\/wp\/v2\/types\/page"}],"author":[{"embeddable":true,"href":"https:\/\/evolitis.com\/en\/wp-json\/wp\/v2\/users\/1"}],"replies":[{"embeddable":true,"href":"https:\/\/evolitis.com\/en\/wp-json\/wp\/v2\/comments?post=12298"}],"version-history":[{"count":28,"href":"https:\/\/evolitis.com\/en\/wp-json\/wp\/v2\/pages\/12298\/revisions"}],"predecessor-version":[{"id":13886,"href":"https:\/\/evolitis.com\/en\/wp-json\/wp\/v2\/pages\/12298\/revisions\/13886"}],"wp:attachment":[{"href":"https:\/\/evolitis.com\/en\/wp-json\/wp\/v2\/media?parent=12298"}],"curies":[{"name":"wp","href":"https:\/\/api.w.org\/{rel}","templated":true}]}}