{"id":12414,"date":"2022-11-28T10:50:48","date_gmt":"2022-11-28T09:50:48","guid":{"rendered":"https:\/\/evolitis.com\/?page_id=12414"},"modified":"2025-02-27T16:07:03","modified_gmt":"2025-02-27T15:07:03","slug":"terralord-commercial","status":"publish","type":"page","link":"https:\/\/evolitis.com\/en\/terralord-commercial\/","title":{"rendered":"Terralord Commercial"},"content":{"rendered":"<div data-elementor-type=\"wp-page\" data-elementor-id=\"12414\" class=\"elementor elementor-12414\">\n\t\t\t\t\t\t\t\t\t<section class=\"elementor-section elementor-top-section elementor-element elementor-element-aee2a2c elementor-section-boxed elementor-section-height-default elementor-section-height-default\" data-id=\"aee2a2c\" data-element_type=\"section\">\n\t\t\t\t\t\t<div class=\"elementor-container elementor-column-gap-default\">\n\t\t\t\t\t<div class=\"elementor-column elementor-col-100 elementor-top-column elementor-element elementor-element-1a8866a\" data-id=\"1a8866a\" data-element_type=\"column\">\n\t\t\t<div class=\"elementor-widget-wrap elementor-element-populated\">\n\t\t\t\t\t\t\t\t<div class=\"elementor-element elementor-element-0323e95 elementor-widget elementor-widget-image\" data-id=\"0323e95\" data-element_type=\"widget\" data-widget_type=\"image.default\">\n\t\t\t\t<div class=\"elementor-widget-container\">\n\t\t\t<style>\/*! elementor - v3.12.0 - 29-03-2023 *\/\n.elementor-widget-image{text-align:center}.elementor-widget-image a{display:inline-block}.elementor-widget-image a img[src$=\".svg\"]{width:48px}.elementor-widget-image img{vertical-align:middle;display:inline-block}<\/style>\t\t\t\t\t\t\t\t\t\t\t\t<img loading=\"lazy\" decoding=\"async\" width=\"1024\" height=\"576\" src=\"https:\/\/evolitis.com\/wp-content\/uploads\/2025\/02\/tc-2025-SITE3en.png\" class=\"attachment-large size-large wp-image-14052\" alt=\"\" srcset=\"https:\/\/evolitis.com\/wp-content\/uploads\/2025\/02\/tc-2025-SITE3en.png 1600w, https:\/\/evolitis.com\/wp-content\/uploads\/2025\/02\/tc-2025-SITE3en-300x169.png 300w, https:\/\/evolitis.com\/wp-content\/uploads\/2025\/02\/tc-2025-SITE3en-1024x576.png 1024w, https:\/\/evolitis.com\/wp-content\/uploads\/2025\/02\/tc-2025-SITE3en-768x432.png 768w, https:\/\/evolitis.com\/wp-content\/uploads\/2025\/02\/tc-2025-SITE3en-1536x864.png 1536w, https:\/\/evolitis.com\/wp-content\/uploads\/2025\/02\/tc-2025-SITE3en-18x10.png 18w\" sizes=\"auto, (max-width: 1024px) 100vw, 1024px\" \/>\t\t\t\t\t\t\t\t\t\t\t\t\t\t\t<\/div>\n\t\t\t\t<\/div>\n\t\t\t\t\t<\/div>\n\t\t<\/div>\n\t\t\t\t\t\t\t<\/div>\n\t\t<\/section>\n\t\t\t\t<section class=\"elementor-section elementor-top-section elementor-element elementor-element-b0b7748 elementor-section-boxed elementor-section-height-default elementor-section-height-default\" data-id=\"b0b7748\" data-element_type=\"section\">\n\t\t\t\t\t\t<div class=\"elementor-container elementor-column-gap-default\">\n\t\t\t\t\t<div class=\"elementor-column elementor-col-50 elementor-top-column elementor-element elementor-element-90117d1\" data-id=\"90117d1\" data-element_type=\"column\">\n\t\t\t<div class=\"elementor-widget-wrap elementor-element-populated\">\n\t\t\t\t\t\t\t\t<div class=\"elementor-element elementor-element-271c25e elementor-widget elementor-widget-image\" data-id=\"271c25e\" data-element_type=\"widget\" data-widget_type=\"image.default\">\n\t\t\t\t<div class=\"elementor-widget-container\">\n\t\t\t\t\t\t\t\t\t\t\t\t\t\t\t<img loading=\"lazy\" decoding=\"async\" width=\"1024\" height=\"576\" src=\"https:\/\/evolitis.com\/wp-content\/uploads\/2025\/02\/tc-2025-SITE2en.png\" class=\"attachment-large size-large wp-image-14050\" alt=\"\" srcset=\"https:\/\/evolitis.com\/wp-content\/uploads\/2025\/02\/tc-2025-SITE2en.png 1600w, https:\/\/evolitis.com\/wp-content\/uploads\/2025\/02\/tc-2025-SITE2en-300x169.png 300w, https:\/\/evolitis.com\/wp-content\/uploads\/2025\/02\/tc-2025-SITE2en-1024x576.png 1024w, https:\/\/evolitis.com\/wp-content\/uploads\/2025\/02\/tc-2025-SITE2en-768x432.png 768w, https:\/\/evolitis.com\/wp-content\/uploads\/2025\/02\/tc-2025-SITE2en-1536x864.png 1536w, https:\/\/evolitis.com\/wp-content\/uploads\/2025\/02\/tc-2025-SITE2en-18x10.png 18w\" sizes=\"auto, (max-width: 1024px) 100vw, 1024px\" \/>\t\t\t\t\t\t\t\t\t\t\t\t\t\t\t<\/div>\n\t\t\t\t<\/div>\n\t\t\t\t<div class=\"elementor-element elementor-element-e8e8414 elementor-widget elementor-widget-heading\" data-id=\"e8e8414\" data-element_type=\"widget\" data-widget_type=\"heading.default\">\n\t\t\t\t<div class=\"elementor-widget-container\">\n\t\t\t<style>\/*! elementor - v3.12.0 - 29-03-2023 *\/\n.elementor-heading-title{padding:0;margin:0;line-height:1}.elementor-widget-heading .elementor-heading-title[class*=elementor-size-]>a{color:inherit;font-size:inherit;line-height:inherit}.elementor-widget-heading .elementor-heading-title.elementor-size-small{font-size:15px}.elementor-widget-heading .elementor-heading-title.elementor-size-medium{font-size:19px}.elementor-widget-heading .elementor-heading-title.elementor-size-large{font-size:29px}.elementor-widget-heading .elementor-heading-title.elementor-size-xl{font-size:39px}.elementor-widget-heading .elementor-heading-title.elementor-size-xxl{font-size:59px}<\/style><h3 class=\"elementor-heading-title elementor-size-default\">FOR PRIVATE INDIVIDUALS WHO LIVE IN THE CITY<\/h3>\t\t<\/div>\n\t\t\t\t<\/div>\n\t\t\t\t<div class=\"elementor-element elementor-element-733ad3e elementor-widget elementor-widget-text-editor\" data-id=\"733ad3e\" data-element_type=\"widget\" data-widget_type=\"text-editor.default\">\n\t\t\t\t<div class=\"elementor-widget-container\">\n\t\t\t<style>\/*! elementor - v3.12.0 - 29-03-2023 *\/\n.elementor-widget-text-editor.elementor-drop-cap-view-stacked .elementor-drop-cap{background-color:#69727d;color:#fff}.elementor-widget-text-editor.elementor-drop-cap-view-framed .elementor-drop-cap{color:#69727d;border:3px solid;background-color:transparent}.elementor-widget-text-editor:not(.elementor-drop-cap-view-default) .elementor-drop-cap{margin-top:8px}.elementor-widget-text-editor:not(.elementor-drop-cap-view-default) .elementor-drop-cap-letter{width:1em;height:1em}.elementor-widget-text-editor .elementor-drop-cap{float:left;text-align:center;line-height:1;font-size:50px}.elementor-widget-text-editor .elementor-drop-cap-letter{display:inline-block}<\/style>\t\t\t\t<p>The TERRALORD COMMERCIAL can also be a great option. While these vehicles are designed to\nbe rugged and reliable, they are equipped with all the comforts needed for everyday city use, such as comfortable cloth seats, entertainment and navigation systems, and efficient air conditioning. In addition, this pickup's double cab offers enough space for up to five people, making it a great choice for families and groups of friends looking to travel in comfort.<\/p>\t\t\t\t\t\t<\/div>\n\t\t\t\t<\/div>\n\t\t\t\t<div class=\"elementor-element elementor-element-c78f627 elementor-widget elementor-widget-image\" data-id=\"c78f627\" data-element_type=\"widget\" data-widget_type=\"image.default\">\n\t\t\t\t<div class=\"elementor-widget-container\">\n\t\t\t\t\t\t\t\t\t\t\t\t\t\t\t<img loading=\"lazy\" decoding=\"async\" width=\"1408\" height=\"535\" src=\"https:\/\/evolitis.com\/wp-content\/uploads\/2025\/02\/tc-2025-SITE3.png\" class=\"attachment-1536x1536 size-1536x1536 wp-image-14093\" alt=\"\" srcset=\"https:\/\/evolitis.com\/wp-content\/uploads\/2025\/02\/tc-2025-SITE3.png 1408w, https:\/\/evolitis.com\/wp-content\/uploads\/2025\/02\/tc-2025-SITE3-300x114.png 300w, https:\/\/evolitis.com\/wp-content\/uploads\/2025\/02\/tc-2025-SITE3-1024x389.png 1024w, https:\/\/evolitis.com\/wp-content\/uploads\/2025\/02\/tc-2025-SITE3-768x292.png 768w, https:\/\/evolitis.com\/wp-content\/uploads\/2025\/02\/tc-2025-SITE3-18x7.png 18w\" sizes=\"auto, (max-width: 1408px) 100vw, 1408px\" \/>\t\t\t\t\t\t\t\t\t\t\t\t\t\t\t<\/div>\n\t\t\t\t<\/div>\n\t\t\t\t\t<\/div>\n\t\t<\/div>\n\t\t\t\t<div class=\"elementor-column elementor-col-50 elementor-top-column elementor-element elementor-element-b615912\" data-id=\"b615912\" data-element_type=\"column\">\n\t\t\t<div class=\"elementor-widget-wrap elementor-element-populated\">\n\t\t\t\t\t\t\t\t<div class=\"elementor-element elementor-element-35b414e elementor-widget elementor-widget-heading\" data-id=\"35b414e\" data-element_type=\"widget\" data-widget_type=\"heading.default\">\n\t\t\t\t<div class=\"elementor-widget-container\">\n\t\t\t<h3 class=\"elementor-heading-title elementor-size-default\">ALL THE COMFORT AND VERSATILITY ON BOARD<\/h3>\t\t<\/div>\n\t\t\t\t<\/div>\n\t\t\t\t<div class=\"elementor-element elementor-element-e342c62 elementor-widget elementor-widget-text-editor\" data-id=\"e342c62\" data-element_type=\"widget\" data-widget_type=\"text-editor.default\">\n\t\t\t\t<div class=\"elementor-widget-container\">\n\t\t\t\t\t\t\t<p>The TERRALORD COMMERCIAL double cab pickup offers many advantages for professionals\nand companies working in difficult environments. First, it is designed to be rugged and reliable,\nwhich is essential for professionals who rely on their vehicle to get the job done efficiently. Additionally, this vehicle is equipped with 4-wheel drive, which allows it to navigate rough terrain and get out of difficult situations.<\/p>\t\t\t\t\t\t<\/div>\n\t\t\t\t<\/div>\n\t\t\t\t<div class=\"elementor-element elementor-element-c5a61ea elementor-widget elementor-widget-image\" data-id=\"c5a61ea\" data-element_type=\"widget\" data-widget_type=\"image.default\">\n\t\t\t\t<div class=\"elementor-widget-container\">\n\t\t\t\t\t\t\t\t\t\t\t\t\t\t\t<img loading=\"lazy\" decoding=\"async\" width=\"1024\" height=\"576\" src=\"https:\/\/evolitis.com\/wp-content\/uploads\/2025\/02\/tc-site-2025-1024x576.png\" class=\"attachment-large size-large wp-image-14051\" alt=\"\" srcset=\"https:\/\/evolitis.com\/wp-content\/uploads\/2025\/02\/tc-site-2025-1024x576.png 1024w, https:\/\/evolitis.com\/wp-content\/uploads\/2025\/02\/tc-site-2025-300x169.png 300w, https:\/\/evolitis.com\/wp-content\/uploads\/2025\/02\/tc-site-2025-768x432.png 768w, https:\/\/evolitis.com\/wp-content\/uploads\/2025\/02\/tc-site-2025-1536x864.png 1536w, https:\/\/evolitis.com\/wp-content\/uploads\/2025\/02\/tc-site-2025-18x10.png 18w, https:\/\/evolitis.com\/wp-content\/uploads\/2025\/02\/tc-site-2025.png 1600w\" sizes=\"auto, (max-width: 1024px) 100vw, 1024px\" \/>\t\t\t\t\t\t\t\t\t\t\t\t\t\t\t<\/div>\n\t\t\t\t<\/div>\n\t\t\t\t<div class=\"elementor-element elementor-element-ba097db elementor-widget elementor-widget-heading\" data-id=\"ba097db\" data-element_type=\"widget\" data-widget_type=\"heading.default\">\n\t\t\t\t<div class=\"elementor-widget-container\">\n\t\t\t<h2 class=\"elementor-heading-title elementor-size-default\">THE OFF-ROAD PERFORMANCES JOINS URBAN SOPHISTICATION...<\/h2>\t\t<\/div>\n\t\t\t\t<\/div>\n\t\t\t\t\t<\/div>\n\t\t<\/div>\n\t\t\t\t\t\t\t<\/div>\n\t\t<\/section>\n\t\t\t\t<section class=\"elementor-section elementor-top-section elementor-element elementor-element-71f185d elementor-section-boxed elementor-section-height-default elementor-section-height-default\" data-id=\"71f185d\" data-element_type=\"section\">\n\t\t\t\t\t\t<div class=\"elementor-container elementor-column-gap-default\">\n\t\t\t\t\t<div class=\"elementor-column elementor-col-100 elementor-top-column elementor-element elementor-element-033aa4a\" data-id=\"033aa4a\" data-element_type=\"column\">\n\t\t\t<div class=\"elementor-widget-wrap elementor-element-populated\">\n\t\t\t\t\t\t\t\t<div class=\"elementor-element elementor-element-1678b49 elementor-widget elementor-widget-image\" data-id=\"1678b49\" data-element_type=\"widget\" data-widget_type=\"image.default\">\n\t\t\t\t<div class=\"elementor-widget-container\">\n\t\t\t\t\t\t\t\t\t\t\t\t\t\t\t<img loading=\"lazy\" decoding=\"async\" width=\"1024\" height=\"576\" src=\"https:\/\/evolitis.com\/wp-content\/uploads\/2025\/02\/tc-2025-SITE1en.png\" class=\"attachment-large size-large wp-image-14049\" alt=\"\" srcset=\"https:\/\/evolitis.com\/wp-content\/uploads\/2025\/02\/tc-2025-SITE1en.png 1526w, https:\/\/evolitis.com\/wp-content\/uploads\/2025\/02\/tc-2025-SITE1en-300x153.png 300w, https:\/\/evolitis.com\/wp-content\/uploads\/2025\/02\/tc-2025-SITE1en-1024x523.png 1024w, https:\/\/evolitis.com\/wp-content\/uploads\/2025\/02\/tc-2025-SITE1en-768x393.png 768w, https:\/\/evolitis.com\/wp-content\/uploads\/2025\/02\/tc-2025-SITE1en-18x9.png 18w\" sizes=\"auto, (max-width: 1024px) 100vw, 1024px\" \/>\t\t\t\t\t\t\t\t\t\t\t\t\t\t\t<\/div>\n\t\t\t\t<\/div>\n\t\t\t\t\t<\/div>\n\t\t<\/div>\n\t\t\t\t\t\t\t<\/div>\n\t\t<\/section>\n\t\t\t\t\t\t\t<\/div>","protected":false},"excerpt":{"rendered":"<p>Pour les particuliers qui vivent en ville Le TERRALORD COMMERCIAL peut \u00e9galement \u00eatre une excellente option. Bien que ces v\u00e9hicules soient con\u00e7us pour \u00eatre robustes et fiables, ils sont \u00e9quip\u00e9s de tout le confort n\u00e9cessaire pour une utilisation quotidienne en ville, comme des si\u00e8ges en tissu confortables, des syst\u00e8mes de divertissement et de navigation et [&hellip;]<\/p>","protected":false},"author":1,"featured_media":0,"parent":0,"menu_order":0,"comment_status":"closed","ping_status":"closed","template":"elementor_header_footer","meta":{"om_disable_all_campaigns":false,"_mi_skip_tracking":false,"footnotes":""},"class_list":["post-12414","page","type-page","status-publish","hentry"],"acf":[],"aioseo_notices":[],"_links":{"self":[{"href":"https:\/\/evolitis.com\/en\/wp-json\/wp\/v2\/pages\/12414","targetHints":{"allow":["GET"]}}],"collection":[{"href":"https:\/\/evolitis.com\/en\/wp-json\/wp\/v2\/pages"}],"about":[{"href":"https:\/\/evolitis.com\/en\/wp-json\/wp\/v2\/types\/page"}],"author":[{"embeddable":true,"href":"https:\/\/evolitis.com\/en\/wp-json\/wp\/v2\/users\/1"}],"replies":[{"embeddable":true,"href":"https:\/\/evolitis.com\/en\/wp-json\/wp\/v2\/comments?post=12414"}],"version-history":[{"count":184,"href":"https:\/\/evolitis.com\/en\/wp-json\/wp\/v2\/pages\/12414\/revisions"}],"predecessor-version":[{"id":14159,"href":"https:\/\/evolitis.com\/en\/wp-json\/wp\/v2\/pages\/12414\/revisions\/14159"}],"wp:attachment":[{"href":"https:\/\/evolitis.com\/en\/wp-json\/wp\/v2\/media?parent=12414"}],"curies":[{"name":"wp","href":"https:\/\/api.w.org\/{rel}","templated":true}]}}