{"id":12812,"date":"2022-12-19T23:11:13","date_gmt":"2022-12-19T22:11:13","guid":{"rendered":"https:\/\/evolitis.com\/?page_id=12812"},"modified":"2025-02-26T16:25:44","modified_gmt":"2025-02-26T15:25:44","slug":"versions-speciales","status":"publish","type":"page","link":"https:\/\/evolitis.com\/en\/versions-speciales\/","title":{"rendered":"SPECIAL VERSIONS"},"content":{"rendered":"<div data-elementor-type=\"wp-page\" data-elementor-id=\"12812\" class=\"elementor elementor-12812\">\n\t\t\t\t\t\t\t\t\t<section class=\"elementor-section elementor-top-section elementor-element elementor-element-68eff63 elementor-section-height-full elementor-section-boxed elementor-section-height-default elementor-section-items-middle\" data-id=\"68eff63\" data-element_type=\"section\" data-settings=\"{&quot;background_background&quot;:&quot;slideshow&quot;,&quot;background_slideshow_gallery&quot;:[{&quot;id&quot;:13015,&quot;url&quot;:&quot;https:\\\/\\\/evolitis.com\\\/wp-content\\\/uploads\\\/2023\\\/01\\\/working-solutions-for-site-bk.jpg&quot;}],&quot;background_slideshow_loop&quot;:&quot;yes&quot;,&quot;background_slideshow_slide_duration&quot;:5000,&quot;background_slideshow_slide_transition&quot;:&quot;fade&quot;,&quot;background_slideshow_transition_duration&quot;:500}\">\n\t\t\t\t\t\t<div class=\"elementor-container elementor-column-gap-default\">\n\t\t\t\t\t<div class=\"elementor-column elementor-col-100 elementor-top-column elementor-element elementor-element-e25545c\" data-id=\"e25545c\" data-element_type=\"column\">\n\t\t\t<div class=\"elementor-widget-wrap\">\n\t\t\t\t\t\t\t\t\t<\/div>\n\t\t<\/div>\n\t\t\t\t\t\t\t<\/div>\n\t\t<\/section>\n\t\t\t\t<section class=\"elementor-section elementor-top-section elementor-element elementor-element-b3e6881 elementor-section-boxed elementor-section-height-default elementor-section-height-default\" data-id=\"b3e6881\" data-element_type=\"section\">\n\t\t\t\t\t\t<div class=\"elementor-container elementor-column-gap-default\">\n\t\t\t\t\t<div class=\"elementor-column elementor-col-100 elementor-top-column elementor-element elementor-element-626371d\" data-id=\"626371d\" data-element_type=\"column\">\n\t\t\t<div class=\"elementor-widget-wrap elementor-element-populated\">\n\t\t\t\t\t\t\t\t<div class=\"elementor-element elementor-element-6cdd537 elementor-widget elementor-widget-spacer\" data-id=\"6cdd537\" data-element_type=\"widget\" data-widget_type=\"spacer.default\">\n\t\t\t\t<div class=\"elementor-widget-container\">\n\t\t\t<style>\/*! elementor - v3.12.0 - 29-03-2023 *\/\n.elementor-column .elementor-spacer-inner{height:var(--spacer-size)}.e-con{--container-widget-width:100%}.e-con-inner>.elementor-widget-spacer,.e-con>.elementor-widget-spacer{width:var(--container-widget-width,var(--spacer-size));--align-self:var(--container-widget-align-self,initial);--flex-shrink:0}.e-con-inner>.elementor-widget-spacer>.elementor-widget-container,.e-con-inner>.elementor-widget-spacer>.elementor-widget-container>.elementor-spacer,.e-con>.elementor-widget-spacer>.elementor-widget-container,.e-con>.elementor-widget-spacer>.elementor-widget-container>.elementor-spacer{height:100%}.e-con-inner>.elementor-widget-spacer>.elementor-widget-container>.elementor-spacer>.elementor-spacer-inner,.e-con>.elementor-widget-spacer>.elementor-widget-container>.elementor-spacer>.elementor-spacer-inner{height:var(--container-widget-height,var(--spacer-size))}<\/style>\t\t<div class=\"elementor-spacer\">\n\t\t\t<div class=\"elementor-spacer-inner\"><\/div>\n\t\t<\/div>\n\t\t\t\t<\/div>\n\t\t\t\t<\/div>\n\t\t\t\t\t<\/div>\n\t\t<\/div>\n\t\t\t\t\t\t\t<\/div>\n\t\t<\/section>\n\t\t\t\t<section class=\"elementor-section elementor-top-section elementor-element elementor-element-78437cc elementor-section-boxed elementor-section-height-default elementor-section-height-default\" data-id=\"78437cc\" data-element_type=\"section\">\n\t\t\t\t\t\t<div class=\"elementor-container elementor-column-gap-default\">\n\t\t\t\t\t<div class=\"elementor-column elementor-col-50 elementor-top-column elementor-element elementor-element-3238699\" data-id=\"3238699\" data-element_type=\"column\">\n\t\t\t<div class=\"elementor-widget-wrap elementor-element-populated\">\n\t\t\t\t\t\t\t\t<div class=\"elementor-element elementor-element-a6ab30f elementor-widget elementor-widget-image\" data-id=\"a6ab30f\" data-element_type=\"widget\" data-widget_type=\"image.default\">\n\t\t\t\t<div class=\"elementor-widget-container\">\n\t\t\t<style>\/*! elementor - v3.12.0 - 29-03-2023 *\/\n.elementor-widget-image{text-align:center}.elementor-widget-image a{display:inline-block}.elementor-widget-image a img[src$=\".svg\"]{width:48px}.elementor-widget-image img{vertical-align:middle;display:inline-block}<\/style>\t\t\t\t\t\t\t\t\t\t\t\t<img loading=\"lazy\" decoding=\"async\" width=\"1024\" height=\"471\" src=\"https:\/\/evolitis.com\/wp-content\/uploads\/2022\/12\/gt-dc-sv-site-part-I-1024x471.png\" class=\"attachment-large size-large wp-image-12923\" alt=\"\" srcset=\"https:\/\/evolitis.com\/wp-content\/uploads\/2022\/12\/gt-dc-sv-site-part-I-1024x471.png 1024w, https:\/\/evolitis.com\/wp-content\/uploads\/2022\/12\/gt-dc-sv-site-part-I-300x138.png 300w, https:\/\/evolitis.com\/wp-content\/uploads\/2022\/12\/gt-dc-sv-site-part-I-768x353.png 768w, https:\/\/evolitis.com\/wp-content\/uploads\/2022\/12\/gt-dc-sv-site-part-I.png 1290w\" sizes=\"auto, (max-width: 1024px) 100vw, 1024px\" \/>\t\t\t\t\t\t\t\t\t\t\t\t\t\t\t<\/div>\n\t\t\t\t<\/div>\n\t\t\t\t\t<\/div>\n\t\t<\/div>\n\t\t\t\t<div class=\"elementor-column elementor-col-50 elementor-top-column elementor-element elementor-element-4572dc1\" data-id=\"4572dc1\" data-element_type=\"column\">\n\t\t\t<div class=\"elementor-widget-wrap elementor-element-populated\">\n\t\t\t\t\t\t\t\t<div class=\"elementor-element elementor-element-0c3ec0b elementor-widget elementor-widget-heading\" data-id=\"0c3ec0b\" data-element_type=\"widget\" data-widget_type=\"heading.default\">\n\t\t\t\t<div class=\"elementor-widget-container\">\n\t\t\t<style>\/*! elementor - v3.12.0 - 29-03-2023 *\/\n.elementor-heading-title{padding:0;margin:0;line-height:1}.elementor-widget-heading .elementor-heading-title[class*=elementor-size-]>a{color:inherit;font-size:inherit;line-height:inherit}.elementor-widget-heading .elementor-heading-title.elementor-size-small{font-size:15px}.elementor-widget-heading .elementor-heading-title.elementor-size-medium{font-size:19px}.elementor-widget-heading .elementor-heading-title.elementor-size-large{font-size:29px}.elementor-widget-heading .elementor-heading-title.elementor-size-xl{font-size:39px}.elementor-widget-heading .elementor-heading-title.elementor-size-xxl{font-size:59px}<\/style><h4 class=\"elementor-heading-title elementor-size-default\">VEHICLES FOR EVERY JOB: \n<\/h4>\t\t<\/div>\n\t\t\t\t<\/div>\n\t\t\t\t<div class=\"elementor-element elementor-element-2a369ec elementor-widget elementor-widget-heading\" data-id=\"2a369ec\" data-element_type=\"widget\" data-widget_type=\"heading.default\">\n\t\t\t\t<div class=\"elementor-widget-container\">\n\t\t\t<h4 class=\"elementor-heading-title elementor-size-default\">\nFIND YOURS TODAY.<\/h4>\t\t<\/div>\n\t\t\t\t<\/div>\n\t\t\t\t\t<\/div>\n\t\t<\/div>\n\t\t\t\t\t\t\t<\/div>\n\t\t<\/section>\n\t\t\t\t<section class=\"elementor-section elementor-top-section elementor-element elementor-element-e62d965 elementor-section-boxed elementor-section-height-default elementor-section-height-default\" data-id=\"e62d965\" data-element_type=\"section\">\n\t\t\t\t\t\t<div class=\"elementor-container elementor-column-gap-default\">\n\t\t\t\t\t<div class=\"elementor-column elementor-col-50 elementor-top-column elementor-element elementor-element-2020fec\" data-id=\"2020fec\" data-element_type=\"column\">\n\t\t\t<div class=\"elementor-widget-wrap elementor-element-populated\">\n\t\t\t\t\t\t\t\t<div class=\"elementor-element elementor-element-ae3f54a elementor-widget elementor-widget-heading\" data-id=\"ae3f54a\" data-element_type=\"widget\" data-widget_type=\"heading.default\">\n\t\t\t\t<div class=\"elementor-widget-container\">\n\t\t\t<h4 class=\"elementor-heading-title elementor-size-default\">DRIVE YOUR OWN CUSTOMIZED VEHICLE:<\/h4>\t\t<\/div>\n\t\t\t\t<\/div>\n\t\t\t\t<div class=\"elementor-element elementor-element-c7a0766 elementor-widget elementor-widget-heading\" data-id=\"c7a0766\" data-element_type=\"widget\" data-widget_type=\"heading.default\">\n\t\t\t\t<div class=\"elementor-widget-container\">\n\t\t\t<h4 class=\"elementor-heading-title elementor-size-default\">OUR VEHICLES ADAPTED TO YOUR PROFESSIONAL NEEDS<\/h4>\t\t<\/div>\n\t\t\t\t<\/div>\n\t\t\t\t\t<\/div>\n\t\t<\/div>\n\t\t\t\t<div class=\"elementor-column elementor-col-50 elementor-top-column elementor-element elementor-element-ba5439f\" data-id=\"ba5439f\" data-element_type=\"column\">\n\t\t\t<div class=\"elementor-widget-wrap elementor-element-populated\">\n\t\t\t\t\t\t\t\t<div class=\"elementor-element elementor-element-daf4178 elementor-widget elementor-widget-image\" data-id=\"daf4178\" data-element_type=\"widget\" data-widget_type=\"image.default\">\n\t\t\t\t<div class=\"elementor-widget-container\">\n\t\t\t\t\t\t\t\t\t\t\t\t\t\t\t<img loading=\"lazy\" decoding=\"async\" width=\"1024\" height=\"600\" src=\"https:\/\/evolitis.com\/wp-content\/uploads\/2023\/01\/working-solutions-for-site-fridge-2-1024x600.jpg\" class=\"attachment-large size-large wp-image-13039\" alt=\"\" srcset=\"https:\/\/evolitis.com\/wp-content\/uploads\/2023\/01\/working-solutions-for-site-fridge-2-1024x600.jpg 1024w, https:\/\/evolitis.com\/wp-content\/uploads\/2023\/01\/working-solutions-for-site-fridge-2-300x176.jpg 300w, https:\/\/evolitis.com\/wp-content\/uploads\/2023\/01\/working-solutions-for-site-fridge-2-768x450.jpg 768w, https:\/\/evolitis.com\/wp-content\/uploads\/2023\/01\/working-solutions-for-site-fridge-2-124x74.jpg 124w, https:\/\/evolitis.com\/wp-content\/uploads\/2023\/01\/working-solutions-for-site-fridge-2.jpg 1145w\" sizes=\"auto, (max-width: 1024px) 100vw, 1024px\" \/>\t\t\t\t\t\t\t\t\t\t\t\t\t\t\t<\/div>\n\t\t\t\t<\/div>\n\t\t\t\t\t<\/div>\n\t\t<\/div>\n\t\t\t\t\t\t\t<\/div>\n\t\t<\/section>\n\t\t\t\t<section class=\"elementor-section elementor-top-section elementor-element elementor-element-099f236 elementor-section-boxed elementor-section-height-default elementor-section-height-default\" data-id=\"099f236\" data-element_type=\"section\">\n\t\t\t\t\t\t<div class=\"elementor-container elementor-column-gap-default\">\n\t\t\t\t\t<div class=\"elementor-column elementor-col-50 elementor-top-column elementor-element elementor-element-e0aa402\" data-id=\"e0aa402\" data-element_type=\"column\">\n\t\t\t<div class=\"elementor-widget-wrap elementor-element-populated\">\n\t\t\t\t\t\t\t\t<div class=\"elementor-element elementor-element-48a4eb8 elementor-widget elementor-widget-image\" data-id=\"48a4eb8\" data-element_type=\"widget\" data-widget_type=\"image.default\">\n\t\t\t\t<div class=\"elementor-widget-container\">\n\t\t\t\t\t\t\t\t\t\t\t\t\t\t\t<img loading=\"lazy\" decoding=\"async\" width=\"819\" height=\"545\" src=\"https:\/\/evolitis.com\/wp-content\/uploads\/2023\/01\/solutions-army-2.jpg\" class=\"attachment-large size-large wp-image-13046\" alt=\"\" srcset=\"https:\/\/evolitis.com\/wp-content\/uploads\/2023\/01\/solutions-army-2.jpg 819w, https:\/\/evolitis.com\/wp-content\/uploads\/2023\/01\/solutions-army-2-300x200.jpg 300w, https:\/\/evolitis.com\/wp-content\/uploads\/2023\/01\/solutions-army-2-768x511.jpg 768w\" sizes=\"auto, (max-width: 819px) 100vw, 819px\" \/>\t\t\t\t\t\t\t\t\t\t\t\t\t\t\t<\/div>\n\t\t\t\t<\/div>\n\t\t\t\t\t<\/div>\n\t\t<\/div>\n\t\t\t\t<div class=\"elementor-column elementor-col-50 elementor-top-column elementor-element elementor-element-64c2cd5\" data-id=\"64c2cd5\" data-element_type=\"column\">\n\t\t\t<div class=\"elementor-widget-wrap elementor-element-populated\">\n\t\t\t\t\t\t\t\t<div class=\"elementor-element elementor-element-1b38b21 elementor-widget elementor-widget-heading\" data-id=\"1b38b21\" data-element_type=\"widget\" data-widget_type=\"heading.default\">\n\t\t\t\t<div class=\"elementor-widget-container\">\n\t\t\t<h4 class=\"elementor-heading-title elementor-size-default\">THE PERFECT VEHICLE FOR EVERY JOB: <\/h4>\t\t<\/div>\n\t\t\t\t<\/div>\n\t\t\t\t<div class=\"elementor-element elementor-element-1beedda elementor-widget elementor-widget-heading\" data-id=\"1beedda\" data-element_type=\"widget\" data-widget_type=\"heading.default\">\n\t\t\t\t<div class=\"elementor-widget-container\">\n\t\t\t<h4 class=\"elementor-heading-title elementor-size-default\">DISCOVER OUR RANGE.<\/h4>\t\t<\/div>\n\t\t\t\t<\/div>\n\t\t\t\t\t<\/div>\n\t\t<\/div>\n\t\t\t\t\t\t\t<\/div>\n\t\t<\/section>\n\t\t\t\t<section class=\"elementor-section elementor-top-section elementor-element elementor-element-7cc174a elementor-section-boxed elementor-section-height-default elementor-section-height-default\" data-id=\"7cc174a\" data-element_type=\"section\">\n\t\t\t\t\t\t<div class=\"elementor-container elementor-column-gap-default\">\n\t\t\t\t\t<div class=\"elementor-column elementor-col-50 elementor-top-column elementor-element elementor-element-446c4e2\" data-id=\"446c4e2\" data-element_type=\"column\">\n\t\t\t<div class=\"elementor-widget-wrap elementor-element-populated\">\n\t\t\t\t\t\t\t\t<div class=\"elementor-element elementor-element-d9c2892 elementor-widget elementor-widget-heading\" data-id=\"d9c2892\" data-element_type=\"widget\" data-widget_type=\"heading.default\">\n\t\t\t\t<div class=\"elementor-widget-container\">\n\t\t\t<h4 class=\"elementor-heading-title elementor-size-default\">MOBILITY SOLUTIONS FOR PROFESSIONALS: <\/h4>\t\t<\/div>\n\t\t\t\t<\/div>\n\t\t\t\t<div class=\"elementor-element elementor-element-f494d2f elementor-widget elementor-widget-heading\" data-id=\"f494d2f\" data-element_type=\"widget\" data-widget_type=\"heading.default\">\n\t\t\t\t<div class=\"elementor-widget-container\">\n\t\t\t<h4 class=\"elementor-heading-title elementor-size-default\">OUR CUSTOMIZED VEHICLES.<\/h4>\t\t<\/div>\n\t\t\t\t<\/div>\n\t\t\t\t\t<\/div>\n\t\t<\/div>\n\t\t\t\t<div class=\"elementor-column elementor-col-50 elementor-top-column elementor-element elementor-element-96c30c1\" data-id=\"96c30c1\" data-element_type=\"column\">\n\t\t\t<div class=\"elementor-widget-wrap elementor-element-populated\">\n\t\t\t\t\t\t\t\t<div class=\"elementor-element elementor-element-f4f96d0 elementor-widget elementor-widget-image\" data-id=\"f4f96d0\" data-element_type=\"widget\" data-widget_type=\"image.default\">\n\t\t\t\t<div class=\"elementor-widget-container\">\n\t\t\t\t\t\t\t\t\t\t\t\t\t\t\t<img loading=\"lazy\" decoding=\"async\" width=\"941\" height=\"574\" src=\"https:\/\/evolitis.com\/wp-content\/uploads\/2023\/01\/working-solutions-for-site-fire-2.jpg\" class=\"attachment-large size-large wp-image-13047\" alt=\"\" srcset=\"https:\/\/evolitis.com\/wp-content\/uploads\/2023\/01\/working-solutions-for-site-fire-2.jpg 941w, https:\/\/evolitis.com\/wp-content\/uploads\/2023\/01\/working-solutions-for-site-fire-2-300x183.jpg 300w, https:\/\/evolitis.com\/wp-content\/uploads\/2023\/01\/working-solutions-for-site-fire-2-768x468.jpg 768w, https:\/\/evolitis.com\/wp-content\/uploads\/2023\/01\/working-solutions-for-site-fire-2-876x535.jpg 876w\" sizes=\"auto, (max-width: 941px) 100vw, 941px\" \/>\t\t\t\t\t\t\t\t\t\t\t\t\t\t\t<\/div>\n\t\t\t\t<\/div>\n\t\t\t\t\t<\/div>\n\t\t<\/div>\n\t\t\t\t\t\t\t<\/div>\n\t\t<\/section>\n\t\t\t\t<section class=\"elementor-section elementor-top-section elementor-element elementor-element-8714015 elementor-section-boxed elementor-section-height-default elementor-section-height-default\" data-id=\"8714015\" data-element_type=\"section\">\n\t\t\t\t\t\t<div class=\"elementor-container elementor-column-gap-default\">\n\t\t\t\t\t<div class=\"elementor-column elementor-col-50 elementor-top-column elementor-element elementor-element-5b5d2a9\" data-id=\"5b5d2a9\" data-element_type=\"column\">\n\t\t\t<div class=\"elementor-widget-wrap elementor-element-populated\">\n\t\t\t\t\t\t\t\t<div class=\"elementor-element elementor-element-4c94a31 elementor-widget elementor-widget-image\" data-id=\"4c94a31\" data-element_type=\"widget\" data-widget_type=\"image.default\">\n\t\t\t\t<div class=\"elementor-widget-container\">\n\t\t\t\t\t\t\t\t\t\t\t\t\t\t\t<img loading=\"lazy\" decoding=\"async\" width=\"1024\" height=\"683\" src=\"https:\/\/evolitis.com\/wp-content\/uploads\/2023\/01\/5-GRANITE-AMBULANCE-1024x683.jpg\" class=\"attachment-large size-large wp-image-13052\" alt=\"\" srcset=\"https:\/\/evolitis.com\/wp-content\/uploads\/2023\/01\/5-GRANITE-AMBULANCE-1024x683.jpg 1024w, https:\/\/evolitis.com\/wp-content\/uploads\/2023\/01\/5-GRANITE-AMBULANCE-300x200.jpg 300w, https:\/\/evolitis.com\/wp-content\/uploads\/2023\/01\/5-GRANITE-AMBULANCE-768x512.jpg 768w, https:\/\/evolitis.com\/wp-content\/uploads\/2023\/01\/5-GRANITE-AMBULANCE-1536x1024.jpg 1536w, https:\/\/evolitis.com\/wp-content\/uploads\/2023\/01\/5-GRANITE-AMBULANCE-2048x1365.jpg 2048w\" sizes=\"auto, (max-width: 1024px) 100vw, 1024px\" \/>\t\t\t\t\t\t\t\t\t\t\t\t\t\t\t<\/div>\n\t\t\t\t<\/div>\n\t\t\t\t\t<\/div>\n\t\t<\/div>\n\t\t\t\t<div class=\"elementor-column elementor-col-50 elementor-top-column elementor-element elementor-element-723bc1f\" data-id=\"723bc1f\" data-element_type=\"column\">\n\t\t\t<div class=\"elementor-widget-wrap elementor-element-populated\">\n\t\t\t\t\t\t\t\t<div class=\"elementor-element elementor-element-687a189 elementor-widget elementor-widget-heading\" data-id=\"687a189\" data-element_type=\"widget\" data-widget_type=\"heading.default\">\n\t\t\t\t<div class=\"elementor-widget-container\">\n\t\t\t<h4 class=\"elementor-heading-title elementor-size-default\">THE STRENGTH OF YOUR COMPANY ON THE ROAD: <\/h4>\t\t<\/div>\n\t\t\t\t<\/div>\n\t\t\t\t<div class=\"elementor-element elementor-element-e6d9440 elementor-widget elementor-widget-heading\" data-id=\"e6d9440\" data-element_type=\"widget\" data-widget_type=\"heading.default\">\n\t\t\t\t<div class=\"elementor-widget-container\">\n\t\t\t<h4 class=\"elementor-heading-title elementor-size-default\">OUR CUSTOMIZED BUSINESS VEHICLES.<\/h4>\t\t<\/div>\n\t\t\t\t<\/div>\n\t\t\t\t\t<\/div>\n\t\t<\/div>\n\t\t\t\t\t\t\t<\/div>\n\t\t<\/section>\n\t\t\t\t\t\t\t<\/div>","protected":false},"excerpt":{"rendered":"<p>Des v\u00e9hicules adapt\u00e9s pour chaque m\u00e9tier: trouvez le v\u00f4tre aujourd&rsquo;hui. Roulez sur mesure: nos v\u00e9hicules adapt\u00e9s \u00e0 vos besoins professionnels Le v\u00e9hicule parfait pour chaque m\u00e9tier: d\u00e9couvrez notre gamme. Des solutions de mobilit\u00e9 pour les professionnels: nos v\u00e9hicules sur mesure. La force de votre entreprise sur la route: nos v\u00e9hicules professionnels adapt\u00e9s.<\/p>","protected":false},"author":1,"featured_media":0,"parent":0,"menu_order":0,"comment_status":"closed","ping_status":"closed","template":"elementor_header_footer","meta":{"om_disable_all_campaigns":false,"_mi_skip_tracking":false,"footnotes":""},"class_list":["post-12812","page","type-page","status-publish","hentry"],"acf":[],"aioseo_notices":[],"_links":{"self":[{"href":"https:\/\/evolitis.com\/en\/wp-json\/wp\/v2\/pages\/12812","targetHints":{"allow":["GET"]}}],"collection":[{"href":"https:\/\/evolitis.com\/en\/wp-json\/wp\/v2\/pages"}],"about":[{"href":"https:\/\/evolitis.com\/en\/wp-json\/wp\/v2\/types\/page"}],"author":[{"embeddable":true,"href":"https:\/\/evolitis.com\/en\/wp-json\/wp\/v2\/users\/1"}],"replies":[{"embeddable":true,"href":"https:\/\/evolitis.com\/en\/wp-json\/wp\/v2\/comments?post=12812"}],"version-history":[{"count":97,"href":"https:\/\/evolitis.com\/en\/wp-json\/wp\/v2\/pages\/12812\/revisions"}],"predecessor-version":[{"id":14044,"href":"https:\/\/evolitis.com\/en\/wp-json\/wp\/v2\/pages\/12812\/revisions\/14044"}],"wp:attachment":[{"href":"https:\/\/evolitis.com\/en\/wp-json\/wp\/v2\/media?parent=12812"}],"curies":[{"name":"wp","href":"https:\/\/api.w.org\/{rel}","templated":true}]}}