{"id":12864,"date":"2022-12-20T08:00:21","date_gmt":"2022-12-20T07:00:21","guid":{"rendered":"https:\/\/evolitis.com\/?page_id=12864"},"modified":"2025-02-27T14:50:14","modified_gmt":"2025-02-27T13:50:14","slug":"grandtiger-double-cabine","status":"publish","type":"page","link":"https:\/\/evolitis.com\/en\/grandtiger-double-cabine\/","title":{"rendered":"GRANDTIGER CREW CAB"},"content":{"rendered":"<div data-elementor-type=\"wp-page\" data-elementor-id=\"12864\" class=\"elementor elementor-12864\">\n\t\t\t\t\t\t\t\t\t<section class=\"elementor-section elementor-top-section elementor-element elementor-element-b35353f elementor-section-boxed elementor-section-height-default elementor-section-height-default\" data-id=\"b35353f\" data-element_type=\"section\">\n\t\t\t\t\t\t<div class=\"elementor-container elementor-column-gap-default\">\n\t\t\t\t\t<div class=\"elementor-column elementor-col-100 elementor-top-column elementor-element elementor-element-afb5718\" data-id=\"afb5718\" data-element_type=\"column\">\n\t\t\t<div class=\"elementor-widget-wrap elementor-element-populated\">\n\t\t\t\t\t\t\t\t<div class=\"elementor-element elementor-element-b23f600 elementor-widget elementor-widget-image\" data-id=\"b23f600\" data-element_type=\"widget\" data-widget_type=\"image.default\">\n\t\t\t\t<div class=\"elementor-widget-container\">\n\t\t\t<style>\/*! elementor - v3.12.0 - 29-03-2023 *\/\n.elementor-widget-image{text-align:center}.elementor-widget-image a{display:inline-block}.elementor-widget-image a img[src$=\".svg\"]{width:48px}.elementor-widget-image img{vertical-align:middle;display:inline-block}<\/style>\t\t\t\t\t\t\t\t\t\t\t\t<img loading=\"lazy\" decoding=\"async\" width=\"1024\" height=\"605\" src=\"https:\/\/evolitis.com\/wp-content\/uploads\/2025\/02\/GT-2025-SITE-1024x605.png\" class=\"attachment-large size-large wp-image-14127\" alt=\"\" srcset=\"https:\/\/evolitis.com\/wp-content\/uploads\/2025\/02\/GT-2025-SITE-1024x605.png 1024w, https:\/\/evolitis.com\/wp-content\/uploads\/2025\/02\/GT-2025-SITE-300x177.png 300w, https:\/\/evolitis.com\/wp-content\/uploads\/2025\/02\/GT-2025-SITE-768x454.png 768w, https:\/\/evolitis.com\/wp-content\/uploads\/2025\/02\/GT-2025-SITE-1536x907.png 1536w, https:\/\/evolitis.com\/wp-content\/uploads\/2025\/02\/GT-2025-SITE-18x12.png 18w, https:\/\/evolitis.com\/wp-content\/uploads\/2025\/02\/GT-2025-SITE-124x74.png 124w, https:\/\/evolitis.com\/wp-content\/uploads\/2025\/02\/GT-2025-SITE.png 1600w\" sizes=\"auto, (max-width: 1024px) 100vw, 1024px\" \/>\t\t\t\t\t\t\t\t\t\t\t\t\t\t\t<\/div>\n\t\t\t\t<\/div>\n\t\t\t\t\t<\/div>\n\t\t<\/div>\n\t\t\t\t\t\t\t<\/div>\n\t\t<\/section>\n\t\t\t\t<section class=\"elementor-section elementor-top-section elementor-element elementor-element-9f1a566 elementor-section-boxed elementor-section-height-default elementor-section-height-default\" data-id=\"9f1a566\" data-element_type=\"section\">\n\t\t\t\t\t\t<div class=\"elementor-container elementor-column-gap-default\">\n\t\t\t\t\t<div class=\"elementor-column elementor-col-100 elementor-top-column elementor-element elementor-element-0629bc9\" data-id=\"0629bc9\" data-element_type=\"column\">\n\t\t\t<div class=\"elementor-widget-wrap elementor-element-populated\">\n\t\t\t\t\t\t\t\t<section class=\"elementor-section elementor-inner-section elementor-element elementor-element-1a43390 elementor-section-boxed elementor-section-height-default elementor-section-height-default\" data-id=\"1a43390\" data-element_type=\"section\">\n\t\t\t\t\t\t<div class=\"elementor-container elementor-column-gap-default\">\n\t\t\t\t\t<div class=\"elementor-column elementor-col-50 elementor-inner-column elementor-element elementor-element-e4b07ff\" data-id=\"e4b07ff\" data-element_type=\"column\">\n\t\t\t<div class=\"elementor-widget-wrap elementor-element-populated\">\n\t\t\t\t\t\t\t\t<div class=\"elementor-element elementor-element-df5fca7 elementor-widget elementor-widget-heading\" data-id=\"df5fca7\" data-element_type=\"widget\" data-widget_type=\"heading.default\">\n\t\t\t\t<div class=\"elementor-widget-container\">\n\t\t\t<style>\/*! elementor - v3.12.0 - 29-03-2023 *\/\n.elementor-heading-title{padding:0;margin:0;line-height:1}.elementor-widget-heading .elementor-heading-title[class*=elementor-size-]>a{color:inherit;font-size:inherit;line-height:inherit}.elementor-widget-heading .elementor-heading-title.elementor-size-small{font-size:15px}.elementor-widget-heading .elementor-heading-title.elementor-size-medium{font-size:19px}.elementor-widget-heading .elementor-heading-title.elementor-size-large{font-size:29px}.elementor-widget-heading .elementor-heading-title.elementor-size-xl{font-size:39px}.elementor-widget-heading .elementor-heading-title.elementor-size-xxl{font-size:59px}<\/style><h3 class=\"elementor-heading-title elementor-size-default\">A PICK-UP TRUCK MADE FOR PROFESSIONALS<\/h3>\t\t<\/div>\n\t\t\t\t<\/div>\n\t\t\t\t<div class=\"elementor-element elementor-element-b3d7148 elementor-widget elementor-widget-text-editor\" data-id=\"b3d7148\" data-element_type=\"widget\" data-widget_type=\"text-editor.default\">\n\t\t\t\t<div class=\"elementor-widget-container\">\n\t\t\t<style>\/*! elementor - v3.12.0 - 29-03-2023 *\/\n.elementor-widget-text-editor.elementor-drop-cap-view-stacked .elementor-drop-cap{background-color:#69727d;color:#fff}.elementor-widget-text-editor.elementor-drop-cap-view-framed .elementor-drop-cap{color:#69727d;border:3px solid;background-color:transparent}.elementor-widget-text-editor:not(.elementor-drop-cap-view-default) .elementor-drop-cap{margin-top:8px}.elementor-widget-text-editor:not(.elementor-drop-cap-view-default) .elementor-drop-cap-letter{width:1em;height:1em}.elementor-widget-text-editor .elementor-drop-cap{float:left;text-align:center;line-height:1;font-size:50px}.elementor-widget-text-editor .elementor-drop-cap-letter{display:inline-block}<\/style>\t\t\t\t<p>In its utility pick-up version, the GRANDTIGER has become the professional pickup dedicated\nby excellence to contractors in the construction, logistics, craft, agriculture, service and\nforestry sectors (...) seduced by its loading, towing and crossing capacities but also by its low fuel consumption.<br \/>As many purposes as many professionals! Transporting construction equipment, beehives,\nchainsaws or a concrete mixer; moving over rough terrain close to livestock and crops; towing\ntrailers for logistics thanks to its towing capacity, all this - and more - becomes child's play with\nthe GRANDTIGER pickup The utility pickup benefits, like the whole GRANDTIGER range, from new technologies combining performance and respect for nature. Its Isuzu engine has one of nthe lowest fuel consumption and the least polluting of its category, because it emits much less CO2 and thus falls into the category of green business.<\/p>\t\t\t\t\t\t<\/div>\n\t\t\t\t<\/div>\n\t\t\t\t\t<\/div>\n\t\t<\/div>\n\t\t\t\t<div class=\"elementor-column elementor-col-50 elementor-inner-column elementor-element elementor-element-893052e\" data-id=\"893052e\" data-element_type=\"column\">\n\t\t\t<div class=\"elementor-widget-wrap elementor-element-populated\">\n\t\t\t\t\t\t\t\t<div class=\"elementor-element elementor-element-ed7510b elementor-widget elementor-widget-image\" data-id=\"ed7510b\" data-element_type=\"widget\" data-widget_type=\"image.default\">\n\t\t\t\t<div class=\"elementor-widget-container\">\n\t\t\t\t\t\t\t\t\t\t\t\t\t\t\t<img loading=\"lazy\" decoding=\"async\" width=\"1024\" height=\"574\" src=\"https:\/\/evolitis.com\/wp-content\/uploads\/2022\/12\/gt-dc-part-III-site-e1671520957145-1024x574.png\" class=\"attachment-large size-large wp-image-12881\" alt=\"\" srcset=\"https:\/\/evolitis.com\/wp-content\/uploads\/2022\/12\/gt-dc-part-III-site-e1671520957145-1024x574.png 1024w, https:\/\/evolitis.com\/wp-content\/uploads\/2022\/12\/gt-dc-part-III-site-e1671520957145-300x168.png 300w, https:\/\/evolitis.com\/wp-content\/uploads\/2022\/12\/gt-dc-part-III-site-e1671520957145-768x431.png 768w, https:\/\/evolitis.com\/wp-content\/uploads\/2022\/12\/gt-dc-part-III-site-e1671520957145.png 1104w\" sizes=\"auto, (max-width: 1024px) 100vw, 1024px\" \/>\t\t\t\t\t\t\t\t\t\t\t\t\t\t\t<\/div>\n\t\t\t\t<\/div>\n\t\t\t\t\t<\/div>\n\t\t<\/div>\n\t\t\t\t\t\t\t<\/div>\n\t\t<\/section>\n\t\t\t\t<div class=\"elementor-element elementor-element-6bee44f elementor-widget elementor-widget-text-editor\" data-id=\"6bee44f\" data-element_type=\"widget\" data-widget_type=\"text-editor.default\">\n\t\t\t\t<div class=\"elementor-widget-container\">\n\t\t\t\t\t\t\t\t\t\t\t\t\t<\/div>\n\t\t\t\t<\/div>\n\t\t\t\t<section class=\"elementor-section elementor-inner-section elementor-element elementor-element-e86eca1 elementor-section-boxed elementor-section-height-default elementor-section-height-default\" data-id=\"e86eca1\" data-element_type=\"section\">\n\t\t\t\t\t\t<div class=\"elementor-container elementor-column-gap-default\">\n\t\t\t\t\t<div class=\"elementor-column elementor-col-50 elementor-inner-column elementor-element elementor-element-b0d699e\" data-id=\"b0d699e\" data-element_type=\"column\">\n\t\t\t<div class=\"elementor-widget-wrap elementor-element-populated\">\n\t\t\t\t\t\t\t\t<div class=\"elementor-element elementor-element-f996454 elementor-widget elementor-widget-heading\" data-id=\"f996454\" data-element_type=\"widget\" data-widget_type=\"heading.default\">\n\t\t\t\t<div class=\"elementor-widget-container\">\n\t\t\t<h4 class=\"elementor-heading-title elementor-size-default\">DESIGNED TO MEET THE CHALLENGES OF EVERYDAY LIFE...<\/h4>\t\t<\/div>\n\t\t\t\t<\/div>\n\t\t\t\t<div class=\"elementor-element elementor-element-d9f8675 elementor-widget elementor-widget-text-editor\" data-id=\"d9f8675\" data-element_type=\"widget\" data-widget_type=\"text-editor.default\">\n\t\t\t\t<div class=\"elementor-widget-container\">\n\t\t\t\t\t\t\t<p>With its robust design, its 4\u00d74 transmission, its ground clearance and its suspension travel, the\nGRANDTIGER is very comfortable in off-road. It will become an indispensable work partner on\na daily basis. On construction sites, forestry operations or professional sites, the professional\npickup will amaze you with its ability to access difficult places easily and safely. The\nGRANDTIGER is ready for anything thanks to the hill start assist or the downhill speed control,\nand on the road, even with the heaviest loads, it will let you enjoy the pleasure of driving.<\/p>\t\t\t\t\t\t<\/div>\n\t\t\t\t<\/div>\n\t\t\t\t<div class=\"elementor-element elementor-element-21419e4 elementor-widget elementor-widget-image\" data-id=\"21419e4\" data-element_type=\"widget\" data-widget_type=\"image.default\">\n\t\t\t\t<div class=\"elementor-widget-container\">\n\t\t\t\t\t\t\t\t\t\t\t\t\t\t\t<img loading=\"lazy\" decoding=\"async\" width=\"1024\" height=\"576\" src=\"https:\/\/evolitis.com\/wp-content\/uploads\/2023\/04\/Image21-1024x576.jpg\" class=\"attachment-large size-large wp-image-13755\" alt=\"\" srcset=\"https:\/\/evolitis.com\/wp-content\/uploads\/2023\/04\/Image21-1024x576.jpg 1024w, https:\/\/evolitis.com\/wp-content\/uploads\/2023\/04\/Image21-300x169.jpg 300w, https:\/\/evolitis.com\/wp-content\/uploads\/2023\/04\/Image21-768x432.jpg 768w, https:\/\/evolitis.com\/wp-content\/uploads\/2023\/04\/Image21-1536x864.jpg 1536w, https:\/\/evolitis.com\/wp-content\/uploads\/2023\/04\/Image21-18x10.jpg 18w, https:\/\/evolitis.com\/wp-content\/uploads\/2023\/04\/Image21.jpg 1992w\" sizes=\"auto, (max-width: 1024px) 100vw, 1024px\" \/>\t\t\t\t\t\t\t\t\t\t\t\t\t\t\t<\/div>\n\t\t\t\t<\/div>\n\t\t\t\t\t<\/div>\n\t\t<\/div>\n\t\t\t\t<div class=\"elementor-column elementor-col-50 elementor-inner-column elementor-element elementor-element-b19d83d\" data-id=\"b19d83d\" data-element_type=\"column\">\n\t\t\t<div class=\"elementor-widget-wrap elementor-element-populated\">\n\t\t\t\t\t\t\t\t<div class=\"elementor-element elementor-element-bf1aa3c elementor-widget elementor-widget-image\" data-id=\"bf1aa3c\" data-element_type=\"widget\" data-widget_type=\"image.default\">\n\t\t\t\t<div class=\"elementor-widget-container\">\n\t\t\t\t\t\t\t\t\t\t\t\t\t\t\t<img loading=\"lazy\" decoding=\"async\" width=\"1024\" height=\"584\" src=\"https:\/\/evolitis.com\/wp-content\/uploads\/2022\/12\/gt-dc-part-IV-site-1024x584.png\" class=\"attachment-large size-large wp-image-12886\" alt=\"\" srcset=\"https:\/\/evolitis.com\/wp-content\/uploads\/2022\/12\/gt-dc-part-IV-site-1024x584.png 1024w, https:\/\/evolitis.com\/wp-content\/uploads\/2022\/12\/gt-dc-part-IV-site-300x171.png 300w, https:\/\/evolitis.com\/wp-content\/uploads\/2022\/12\/gt-dc-part-IV-site-768x438.png 768w, https:\/\/evolitis.com\/wp-content\/uploads\/2022\/12\/gt-dc-part-IV-site.png 1373w\" sizes=\"auto, (max-width: 1024px) 100vw, 1024px\" \/>\t\t\t\t\t\t\t\t\t\t\t\t\t\t\t<\/div>\n\t\t\t\t<\/div>\n\t\t\t\t<div class=\"elementor-element elementor-element-6f8bfbb elementor-widget elementor-widget-heading\" data-id=\"6f8bfbb\" data-element_type=\"widget\" data-widget_type=\"heading.default\">\n\t\t\t\t<div class=\"elementor-widget-container\">\n\t\t\t<h4 class=\"elementor-heading-title elementor-size-default\">... AND AN ACCOMPLICE TO YOUR COMPANY&#039;S NEEDS<\/h4>\t\t<\/div>\n\t\t\t\t<\/div>\n\t\t\t\t<div class=\"elementor-element elementor-element-b777b2b elementor-widget elementor-widget-text-editor\" data-id=\"b777b2b\" data-element_type=\"widget\" data-widget_type=\"text-editor.default\">\n\t\t\t\t<div class=\"elementor-widget-container\">\n\t\t\t\t\t\t\t<p>ZX AUTO offers you a wide range of pickups dedicated to professionals, allowing you to\nprioritize your choices according to your professional needs. Versatile work tool, guaranteed for 3 years and benefiting from the tax advantages of companies, the GRANDTIGER is the ideal partner for your company.<br \/>Do you travel alone with a large load or with a team? The two types of cabs Single or Double\nwill determine the size of the body. You will then complete your choice with different\nstandards of robust and quality finishes.<\/p>\t\t\t\t\t\t<\/div>\n\t\t\t\t<\/div>\n\t\t\t\t\t<\/div>\n\t\t<\/div>\n\t\t\t\t\t\t\t<\/div>\n\t\t<\/section>\n\t\t\t\t\t<\/div>\n\t\t<\/div>\n\t\t\t\t\t\t\t<\/div>\n\t\t<\/section>\n\t\t\t\t\t\t\t<\/div>","protected":false},"excerpt":{"rendered":"<p>UN PICK-UP TAILL\u00c9 POUR LES PROS Dans sa version pick-up utilitaire, le GRANDTIGER est devenu le pick-up professionnel d\u00e9di\u00e9 par excellence aux entrepreneurs du BTP, du secteur logistique, de l&rsquo;artisanat, de l&rsquo;agriculture, du service et du monde forestier (&#8230;) s\u00e9duits par ses capacit\u00e9s de chargement, de remorquage et de franchissement mais \u00e9galement par sa basse [&hellip;]<\/p>","protected":false},"author":1,"featured_media":0,"parent":0,"menu_order":0,"comment_status":"closed","ping_status":"closed","template":"elementor_header_footer","meta":{"om_disable_all_campaigns":false,"_mi_skip_tracking":false,"footnotes":""},"class_list":["post-12864","page","type-page","status-publish","hentry"],"acf":[],"aioseo_notices":[],"_links":{"self":[{"href":"https:\/\/evolitis.com\/en\/wp-json\/wp\/v2\/pages\/12864","targetHints":{"allow":["GET"]}}],"collection":[{"href":"https:\/\/evolitis.com\/en\/wp-json\/wp\/v2\/pages"}],"about":[{"href":"https:\/\/evolitis.com\/en\/wp-json\/wp\/v2\/types\/page"}],"author":[{"embeddable":true,"href":"https:\/\/evolitis.com\/en\/wp-json\/wp\/v2\/users\/1"}],"replies":[{"embeddable":true,"href":"https:\/\/evolitis.com\/en\/wp-json\/wp\/v2\/comments?post=12864"}],"version-history":[{"count":70,"href":"https:\/\/evolitis.com\/en\/wp-json\/wp\/v2\/pages\/12864\/revisions"}],"predecessor-version":[{"id":14142,"href":"https:\/\/evolitis.com\/en\/wp-json\/wp\/v2\/pages\/12864\/revisions\/14142"}],"wp:attachment":[{"href":"https:\/\/evolitis.com\/en\/wp-json\/wp\/v2\/media?parent=12864"}],"curies":[{"name":"wp","href":"https:\/\/api.w.org\/{rel}","templated":true}]}}