{"id":12895,"date":"2022-12-20T08:46:55","date_gmt":"2022-12-20T07:46:55","guid":{"rendered":"https:\/\/evolitis.com\/?page_id=12895"},"modified":"2023-04-20T10:57:30","modified_gmt":"2023-04-20T08:57:30","slug":"grandtiger-une-cabine","status":"publish","type":"page","link":"https:\/\/evolitis.com\/en\/grandtiger-une-cabine\/","title":{"rendered":"GRANDTIGER SINGLE CAB"},"content":{"rendered":"<div data-elementor-type=\"wp-page\" data-elementor-id=\"12895\" class=\"elementor elementor-12895\">\n\t\t\t\t\t\t\t\t\t<section class=\"elementor-section elementor-top-section elementor-element elementor-element-2ae501b elementor-section-boxed elementor-section-height-default elementor-section-height-default\" data-id=\"2ae501b\" data-element_type=\"section\" data-settings=\"{&quot;background_background&quot;:&quot;slideshow&quot;,&quot;background_slideshow_gallery&quot;:[{&quot;id&quot;:13751,&quot;url&quot;:&quot;https:\\\/\\\/evolitis.com\\\/wp-content\\\/uploads\\\/2023\\\/04\\\/Image20-1.jpg&quot;}],&quot;background_slideshow_loop&quot;:&quot;yes&quot;,&quot;background_slideshow_slide_duration&quot;:5000,&quot;background_slideshow_slide_transition&quot;:&quot;fade&quot;,&quot;background_slideshow_transition_duration&quot;:500}\">\n\t\t\t\t\t\t<div class=\"elementor-container elementor-column-gap-default\">\n\t\t\t\t\t<div class=\"elementor-column elementor-col-100 elementor-top-column elementor-element elementor-element-1ad3de3\" data-id=\"1ad3de3\" data-element_type=\"column\">\n\t\t\t<div class=\"elementor-widget-wrap elementor-element-populated\">\n\t\t\t\t\t\t\t\t<div class=\"elementor-element elementor-element-2119160 elementor-widget elementor-widget-image\" data-id=\"2119160\" data-element_type=\"widget\" data-widget_type=\"image.default\">\n\t\t\t\t<div class=\"elementor-widget-container\">\n\t\t\t<style>\/*! elementor - v3.12.0 - 29-03-2023 *\/\n.elementor-widget-image{text-align:center}.elementor-widget-image a{display:inline-block}.elementor-widget-image a img[src$=\".svg\"]{width:48px}.elementor-widget-image img{vertical-align:middle;display:inline-block}<\/style>\t\t\t\t\t\t\t\t\t\t\t\t<img loading=\"lazy\" decoding=\"async\" width=\"1024\" height=\"308\" src=\"https:\/\/evolitis.com\/wp-content\/uploads\/2023\/04\/Image11-1.png\" class=\"attachment-large size-large wp-image-13750\" alt=\"\" srcset=\"https:\/\/evolitis.com\/wp-content\/uploads\/2023\/04\/Image11-1.png 1254w, https:\/\/evolitis.com\/wp-content\/uploads\/2023\/04\/Image11-1-300x95.png 300w, https:\/\/evolitis.com\/wp-content\/uploads\/2023\/04\/Image11-1-1024x324.png 1024w, https:\/\/evolitis.com\/wp-content\/uploads\/2023\/04\/Image11-1-768x243.png 768w, https:\/\/evolitis.com\/wp-content\/uploads\/2023\/04\/Image11-1-18x6.png 18w\" sizes=\"auto, (max-width: 1024px) 100vw, 1024px\" \/>\t\t\t\t\t\t\t\t\t\t\t\t\t\t\t<\/div>\n\t\t\t\t<\/div>\n\t\t\t\t\t<\/div>\n\t\t<\/div>\n\t\t\t\t\t\t\t<\/div>\n\t\t<\/section>\n\t\t\t\t<section class=\"elementor-section elementor-top-section elementor-element elementor-element-124cd42 elementor-section-boxed elementor-section-height-default elementor-section-height-default\" data-id=\"124cd42\" data-element_type=\"section\">\n\t\t\t\t\t\t<div class=\"elementor-container elementor-column-gap-default\">\n\t\t\t\t\t<div class=\"elementor-column elementor-col-100 elementor-top-column elementor-element elementor-element-26d4b30\" data-id=\"26d4b30\" data-element_type=\"column\">\n\t\t\t<div class=\"elementor-widget-wrap elementor-element-populated\">\n\t\t\t\t\t\t\t\t<section class=\"elementor-section elementor-inner-section elementor-element elementor-element-845e276 elementor-section-boxed elementor-section-height-default elementor-section-height-default\" data-id=\"845e276\" data-element_type=\"section\">\n\t\t\t\t\t\t<div class=\"elementor-container elementor-column-gap-default\">\n\t\t\t\t\t<div class=\"elementor-column elementor-col-50 elementor-inner-column elementor-element elementor-element-0143a54\" data-id=\"0143a54\" data-element_type=\"column\">\n\t\t\t<div class=\"elementor-widget-wrap elementor-element-populated\">\n\t\t\t\t\t\t\t\t<div class=\"elementor-element elementor-element-b265e46 elementor-widget elementor-widget-heading\" data-id=\"b265e46\" data-element_type=\"widget\" data-widget_type=\"heading.default\">\n\t\t\t\t<div class=\"elementor-widget-container\">\n\t\t\t<style>\/*! elementor - v3.12.0 - 29-03-2023 *\/\n.elementor-heading-title{padding:0;margin:0;line-height:1}.elementor-widget-heading .elementor-heading-title[class*=elementor-size-]>a{color:inherit;font-size:inherit;line-height:inherit}.elementor-widget-heading .elementor-heading-title.elementor-size-small{font-size:15px}.elementor-widget-heading .elementor-heading-title.elementor-size-medium{font-size:19px}.elementor-widget-heading .elementor-heading-title.elementor-size-large{font-size:29px}.elementor-widget-heading .elementor-heading-title.elementor-size-xl{font-size:39px}.elementor-widget-heading .elementor-heading-title.elementor-size-xxl{font-size:59px}<\/style><h3 class=\"elementor-heading-title elementor-size-default\">A PICK-UP TRUCK MADE FOR PROFESSIONALS<\/h3>\t\t<\/div>\n\t\t\t\t<\/div>\n\t\t\t\t<div class=\"elementor-element elementor-element-20b1852 elementor-widget elementor-widget-text-editor\" data-id=\"20b1852\" data-element_type=\"widget\" data-widget_type=\"text-editor.default\">\n\t\t\t\t<div class=\"elementor-widget-container\">\n\t\t\t<style>\/*! elementor - v3.12.0 - 29-03-2023 *\/\n.elementor-widget-text-editor.elementor-drop-cap-view-stacked .elementor-drop-cap{background-color:#69727d;color:#fff}.elementor-widget-text-editor.elementor-drop-cap-view-framed .elementor-drop-cap{color:#69727d;border:3px solid;background-color:transparent}.elementor-widget-text-editor:not(.elementor-drop-cap-view-default) .elementor-drop-cap{margin-top:8px}.elementor-widget-text-editor:not(.elementor-drop-cap-view-default) .elementor-drop-cap-letter{width:1em;height:1em}.elementor-widget-text-editor .elementor-drop-cap{float:left;text-align:center;line-height:1;font-size:50px}.elementor-widget-text-editor .elementor-drop-cap-letter{display:inline-block}<\/style>\t\t\t\t<p>In its utility pick-up version, the GRANDTIGER has become the professional pickup dedicated\nby excellence to contractors in the construction, logistics, craft, agriculture, service and\nforestry sectors (...) seduced by its loading, towing and crossing capacities but also by its low fuel consumption.<br \/>As many purposes as many professionals! Transporting construction equipment, beehives,\nchainsaws or a concrete mixer; moving over rough terrain close to livestock and crops; towing\ntrailers for logistics thanks to its towing capacity, all this - and more - becomes child&#039;s play with\nthe GRANDTIGER pickup The utility pickup benefits, like the whole GRANDTIGER range, from\nnew technologies combining performance and respect for nature. Its Isuzu engine has one of\nthe lowest fuel consumption and the least polluting of its category, because it emits much less\nCO2 and thus falls into the category of green business.<\/p>\t\t\t\t\t\t<\/div>\n\t\t\t\t<\/div>\n\t\t\t\t\t<\/div>\n\t\t<\/div>\n\t\t\t\t<div class=\"elementor-column elementor-col-50 elementor-inner-column elementor-element elementor-element-1276ab0\" data-id=\"1276ab0\" data-element_type=\"column\">\n\t\t\t<div class=\"elementor-widget-wrap elementor-element-populated\">\n\t\t\t\t\t\t\t\t<div class=\"elementor-element elementor-element-425eece elementor-widget elementor-widget-image\" data-id=\"425eece\" data-element_type=\"widget\" data-widget_type=\"image.default\">\n\t\t\t\t<div class=\"elementor-widget-container\">\n\t\t\t\t\t\t\t\t\t\t\t\t\t\t\t<img loading=\"lazy\" decoding=\"async\" width=\"1024\" height=\"576\" src=\"https:\/\/evolitis.com\/wp-content\/uploads\/2022\/12\/Slide11-1024x576.jpg\" class=\"attachment-large size-large wp-image-12915\" alt=\"\" srcset=\"https:\/\/evolitis.com\/wp-content\/uploads\/2022\/12\/Slide11-1024x576.jpg 1024w, https:\/\/evolitis.com\/wp-content\/uploads\/2022\/12\/Slide11-300x169.jpg 300w, https:\/\/evolitis.com\/wp-content\/uploads\/2022\/12\/Slide11-768x432.jpg 768w, https:\/\/evolitis.com\/wp-content\/uploads\/2022\/12\/Slide11.jpg 1280w\" sizes=\"auto, (max-width: 1024px) 100vw, 1024px\" \/>\t\t\t\t\t\t\t\t\t\t\t\t\t\t\t<\/div>\n\t\t\t\t<\/div>\n\t\t\t\t\t<\/div>\n\t\t<\/div>\n\t\t\t\t\t\t\t<\/div>\n\t\t<\/section>\n\t\t\t\t<div class=\"elementor-element elementor-element-b3f1d3c elementor-widget elementor-widget-text-editor\" data-id=\"b3f1d3c\" data-element_type=\"widget\" data-widget_type=\"text-editor.default\">\n\t\t\t\t<div class=\"elementor-widget-container\">\n\t\t\t\t\t\t\t\t\t\t\t\t\t<\/div>\n\t\t\t\t<\/div>\n\t\t\t\t<section class=\"elementor-section elementor-inner-section elementor-element elementor-element-594c6d5 elementor-section-boxed elementor-section-height-default elementor-section-height-default\" data-id=\"594c6d5\" data-element_type=\"section\">\n\t\t\t\t\t\t<div class=\"elementor-container elementor-column-gap-default\">\n\t\t\t\t\t<div class=\"elementor-column elementor-col-50 elementor-inner-column elementor-element elementor-element-5f05276\" data-id=\"5f05276\" data-element_type=\"column\">\n\t\t\t<div class=\"elementor-widget-wrap elementor-element-populated\">\n\t\t\t\t\t\t\t\t<div class=\"elementor-element elementor-element-9cb2550 elementor-widget elementor-widget-image\" data-id=\"9cb2550\" data-element_type=\"widget\" data-widget_type=\"image.default\">\n\t\t\t\t<div class=\"elementor-widget-container\">\n\t\t\t\t\t\t\t\t\t\t\t\t\t\t\t<img loading=\"lazy\" decoding=\"async\" width=\"720\" height=\"480\" src=\"https:\/\/evolitis.com\/wp-content\/uploads\/2023\/01\/IMG_1991_cleanup.png\" class=\"attachment-large size-large wp-image-13042\" alt=\"\" srcset=\"https:\/\/evolitis.com\/wp-content\/uploads\/2023\/01\/IMG_1991_cleanup.png 720w, https:\/\/evolitis.com\/wp-content\/uploads\/2023\/01\/IMG_1991_cleanup-300x200.png 300w\" sizes=\"auto, (max-width: 720px) 100vw, 720px\" \/>\t\t\t\t\t\t\t\t\t\t\t\t\t\t\t<\/div>\n\t\t\t\t<\/div>\n\t\t\t\t<div class=\"elementor-element elementor-element-372b157 elementor-widget elementor-widget-heading\" data-id=\"372b157\" data-element_type=\"widget\" data-widget_type=\"heading.default\">\n\t\t\t\t<div class=\"elementor-widget-container\">\n\t\t\t<h4 class=\"elementor-heading-title elementor-size-default\">DESIGNED TO MEET THE CHALLENGES OF EVERYDAY LIFE...<\/h4>\t\t<\/div>\n\t\t\t\t<\/div>\n\t\t\t\t<div class=\"elementor-element elementor-element-7825113 elementor-widget elementor-widget-text-editor\" data-id=\"7825113\" data-element_type=\"widget\" data-widget_type=\"text-editor.default\">\n\t\t\t\t<div class=\"elementor-widget-container\">\n\t\t\t\t\t\t\t<p>With its robust design, its 4\u00d74 transmission, its ground clearance and its suspension travel, the\nGRANDTIGER is very comfortable in off-road. It will become an indispensable work partner on\na daily basis. On construction sites, forestry operations or professional sites, the professional\npickup will amaze you with its ability to access difficult places easily and safely. The\nGRANDTIGER is ready for anything thanks to the hill start assist or the downhill speed control,\nand on the road, even with the heaviest loads, it will let you enjoy the pleasure of driving.<\/p>\t\t\t\t\t\t<\/div>\n\t\t\t\t<\/div>\n\t\t\t\t\t<\/div>\n\t\t<\/div>\n\t\t\t\t<div class=\"elementor-column elementor-col-50 elementor-inner-column elementor-element elementor-element-630e765\" data-id=\"630e765\" data-element_type=\"column\">\n\t\t\t<div class=\"elementor-widget-wrap elementor-element-populated\">\n\t\t\t\t\t\t\t\t<div class=\"elementor-element elementor-element-6bcf4b8 elementor-widget elementor-widget-image\" data-id=\"6bcf4b8\" data-element_type=\"widget\" data-widget_type=\"image.default\">\n\t\t\t\t<div class=\"elementor-widget-container\">\n\t\t\t\t\t\t\t\t\t\t\t\t\t\t\t<img loading=\"lazy\" decoding=\"async\" width=\"1024\" height=\"683\" src=\"https:\/\/evolitis.com\/wp-content\/uploads\/2023\/01\/IMG_1973-1024x683.jpg\" class=\"attachment-large size-large wp-image-13041\" alt=\"\" srcset=\"https:\/\/evolitis.com\/wp-content\/uploads\/2023\/01\/IMG_1973-1024x683.jpg 1024w, https:\/\/evolitis.com\/wp-content\/uploads\/2023\/01\/IMG_1973-300x200.jpg 300w, https:\/\/evolitis.com\/wp-content\/uploads\/2023\/01\/IMG_1973-768x512.jpg 768w, https:\/\/evolitis.com\/wp-content\/uploads\/2023\/01\/IMG_1973-1536x1024.jpg 1536w, https:\/\/evolitis.com\/wp-content\/uploads\/2023\/01\/IMG_1973-2048x1365.jpg 2048w\" sizes=\"auto, (max-width: 1024px) 100vw, 1024px\" \/>\t\t\t\t\t\t\t\t\t\t\t\t\t\t\t<\/div>\n\t\t\t\t<\/div>\n\t\t\t\t<div class=\"elementor-element elementor-element-095f17e elementor-widget elementor-widget-heading\" data-id=\"095f17e\" data-element_type=\"widget\" data-widget_type=\"heading.default\">\n\t\t\t\t<div class=\"elementor-widget-container\">\n\t\t\t<h4 class=\"elementor-heading-title elementor-size-default\">... AND AN ACCOMPLICE TO YOUR COMPANY&#039;S NEEDS<\/h4>\t\t<\/div>\n\t\t\t\t<\/div>\n\t\t\t\t<div class=\"elementor-element elementor-element-759bdbc elementor-widget elementor-widget-text-editor\" data-id=\"759bdbc\" data-element_type=\"widget\" data-widget_type=\"text-editor.default\">\n\t\t\t\t<div class=\"elementor-widget-container\">\n\t\t\t\t\t\t\t<p>ZX AUTO offers you a wide range of pickups dedicated to professionals, allowing you to\nprioritize your choices according to your professional needs. Versatile work tool, guaranteed for 3 years and benefiting from the tax advantages of companies, the GRANDTIGER is the ideal partner for your company.<br \/>Do you travel alone with a large load or with a team? The two types of cabs Single or Double\nwill determine the size of the body. You will then complete your choice with different\nstandards of robust and quality finishes.<\/p>\t\t\t\t\t\t<\/div>\n\t\t\t\t<\/div>\n\t\t\t\t\t<\/div>\n\t\t<\/div>\n\t\t\t\t\t\t\t<\/div>\n\t\t<\/section>\n\t\t\t\t\t<\/div>\n\t\t<\/div>\n\t\t\t\t\t\t\t<\/div>\n\t\t<\/section>\n\t\t\t\t\t\t\t<\/div>","protected":false},"excerpt":{"rendered":"<p>UN PICK-UP TAILL\u00c9 POUR LES PROS Dans sa version pick-up utilitaire, le GRANDTIGER est devenu le pick-up professionnel d\u00e9di\u00e9 par excellence aux entrepreneurs du BTP, du secteur logistique, de l\u2019artisanat, de l\u2019agriculture, du service et du monde forestier (\u2026) s\u00e9duits par ses capacit\u00e9s de chargement, de remorquage et de franchissement mais \u00e9galement par sa basse [&hellip;]<\/p>","protected":false},"author":1,"featured_media":0,"parent":0,"menu_order":0,"comment_status":"closed","ping_status":"closed","template":"elementor_header_footer","meta":{"om_disable_all_campaigns":false,"_mi_skip_tracking":false,"footnotes":""},"class_list":["post-12895","page","type-page","status-publish","hentry"],"acf":[],"aioseo_notices":[],"_links":{"self":[{"href":"https:\/\/evolitis.com\/en\/wp-json\/wp\/v2\/pages\/12895","targetHints":{"allow":["GET"]}}],"collection":[{"href":"https:\/\/evolitis.com\/en\/wp-json\/wp\/v2\/pages"}],"about":[{"href":"https:\/\/evolitis.com\/en\/wp-json\/wp\/v2\/types\/page"}],"author":[{"embeddable":true,"href":"https:\/\/evolitis.com\/en\/wp-json\/wp\/v2\/users\/1"}],"replies":[{"embeddable":true,"href":"https:\/\/evolitis.com\/en\/wp-json\/wp\/v2\/comments?post=12895"}],"version-history":[{"count":38,"href":"https:\/\/evolitis.com\/en\/wp-json\/wp\/v2\/pages\/12895\/revisions"}],"predecessor-version":[{"id":13754,"href":"https:\/\/evolitis.com\/en\/wp-json\/wp\/v2\/pages\/12895\/revisions\/13754"}],"wp:attachment":[{"href":"https:\/\/evolitis.com\/en\/wp-json\/wp\/v2\/media?parent=12895"}],"curies":[{"name":"wp","href":"https:\/\/api.w.org\/{rel}","templated":true}]}}