{"id":13934,"date":"2023-12-08T06:05:03","date_gmt":"2023-12-08T05:05:03","guid":{"rendered":"https:\/\/evolitis.com\/?page_id=13934"},"modified":"2025-02-27T14:26:50","modified_gmt":"2025-02-27T13:26:50","slug":"grand-lion","status":"publish","type":"page","link":"https:\/\/evolitis.com\/en\/grand-lion\/","title":{"rendered":"GRAND LION"},"content":{"rendered":"<div data-elementor-type=\"wp-page\" data-elementor-id=\"13934\" class=\"elementor elementor-13934\">\n\t\t\t\t\t\t\t\t\t<section class=\"elementor-section elementor-top-section elementor-element elementor-element-1293f1b elementor-section-boxed elementor-section-height-default elementor-section-height-default\" data-id=\"1293f1b\" data-element_type=\"section\">\n\t\t\t\t\t\t<div class=\"elementor-container elementor-column-gap-default\">\n\t\t\t\t\t<div class=\"elementor-column elementor-col-100 elementor-top-column elementor-element elementor-element-4804dc8\" data-id=\"4804dc8\" data-element_type=\"column\">\n\t\t\t<div class=\"elementor-widget-wrap elementor-element-populated\">\n\t\t\t\t\t\t\t\t<div class=\"elementor-element elementor-element-710701d elementor-widget elementor-widget-image\" data-id=\"710701d\" data-element_type=\"widget\" data-widget_type=\"image.default\">\n\t\t\t\t<div class=\"elementor-widget-container\">\n\t\t\t<style>\/*! elementor - v3.12.0 - 29-03-2023 *\/\n.elementor-widget-image{text-align:center}.elementor-widget-image a{display:inline-block}.elementor-widget-image a img[src$=\".svg\"]{width:48px}.elementor-widget-image img{vertical-align:middle;display:inline-block}<\/style>\t\t\t\t\t\t\t\t\t\t\t\t<img loading=\"lazy\" decoding=\"async\" width=\"1024\" height=\"576\" src=\"https:\/\/evolitis.com\/wp-content\/uploads\/2023\/10\/site-gl-cover-1024x576.jpg\" class=\"attachment-large size-large wp-image-13889\" alt=\"\" srcset=\"https:\/\/evolitis.com\/wp-content\/uploads\/2023\/10\/site-gl-cover-1024x576.jpg 1024w, https:\/\/evolitis.com\/wp-content\/uploads\/2023\/10\/site-gl-cover-300x169.jpg 300w, https:\/\/evolitis.com\/wp-content\/uploads\/2023\/10\/site-gl-cover-768x432.jpg 768w, https:\/\/evolitis.com\/wp-content\/uploads\/2023\/10\/site-gl-cover-18x10.jpg 18w, https:\/\/evolitis.com\/wp-content\/uploads\/2023\/10\/site-gl-cover.jpg 1280w\" sizes=\"auto, (max-width: 1024px) 100vw, 1024px\" \/>\t\t\t\t\t\t\t\t\t\t\t\t\t\t\t<\/div>\n\t\t\t\t<\/div>\n\t\t\t\t\t<\/div>\n\t\t<\/div>\n\t\t\t\t\t\t\t<\/div>\n\t\t<\/section>\n\t\t\t\t<section class=\"elementor-section elementor-top-section elementor-element elementor-element-cde72cd elementor-section-boxed elementor-section-height-default elementor-section-height-default\" data-id=\"cde72cd\" data-element_type=\"section\">\n\t\t\t\t\t\t<div class=\"elementor-container elementor-column-gap-default\">\n\t\t\t\t\t<div class=\"elementor-column elementor-col-50 elementor-top-column elementor-element elementor-element-2834175\" data-id=\"2834175\" data-element_type=\"column\">\n\t\t\t<div class=\"elementor-widget-wrap elementor-element-populated\">\n\t\t\t\t\t\t\t\t<div class=\"elementor-element elementor-element-63ac03d elementor-widget elementor-widget-text-editor\" data-id=\"63ac03d\" data-element_type=\"widget\" data-widget_type=\"text-editor.default\">\n\t\t\t\t<div class=\"elementor-widget-container\">\n\t\t\t<style>\/*! elementor - v3.12.0 - 29-03-2023 *\/\n.elementor-widget-text-editor.elementor-drop-cap-view-stacked .elementor-drop-cap{background-color:#69727d;color:#fff}.elementor-widget-text-editor.elementor-drop-cap-view-framed .elementor-drop-cap{color:#69727d;border:3px solid;background-color:transparent}.elementor-widget-text-editor:not(.elementor-drop-cap-view-default) .elementor-drop-cap{margin-top:8px}.elementor-widget-text-editor:not(.elementor-drop-cap-view-default) .elementor-drop-cap-letter{width:1em;height:1em}.elementor-widget-text-editor .elementor-drop-cap{float:left;text-align:center;line-height:1;font-size:50px}.elementor-widget-text-editor .elementor-drop-cap-letter{display:inline-block}<\/style>\t\t\t\t<h3 class=\" translation-block\">MAJESTIC POWER<\/h3><p>Experience the true essence of power with Grand Lion. Our pickup redefines majesty on the road, boasting a commanding presence that turns heads at every corner. From its bold design to unparalleled performance, Grand Lion is the epitome of automotive excellence.<\/p><a href=\"https:\/\/evolitis.com\/wp-content\/uploads\/2023\/12\/site-granlion-fv-power.jpg\"><img loading=\"lazy\" decoding=\"async\" class=\"aligncenter wp-image-14000 size-medium\" src=\"https:\/\/evolitis.com\/wp-content\/uploads\/2023\/12\/site-granlion-fv-power-300x169.jpg\" alt=\"\" width=\"300\" height=\"169\" srcset=\"https:\/\/evolitis.com\/wp-content\/uploads\/2023\/12\/site-granlion-fv-power-300x169.jpg 300w, https:\/\/evolitis.com\/wp-content\/uploads\/2023\/12\/site-granlion-fv-power-1024x576.jpg 1024w, https:\/\/evolitis.com\/wp-content\/uploads\/2023\/12\/site-granlion-fv-power-768x432.jpg 768w, https:\/\/evolitis.com\/wp-content\/uploads\/2023\/12\/site-granlion-fv-power-18x10.jpg 18w, https:\/\/evolitis.com\/wp-content\/uploads\/2023\/12\/site-granlion-fv-power.jpg 1280w\" sizes=\"auto, (max-width: 300px) 100vw, 300px\" \/><\/a>\t\t\t\t\t\t<\/div>\n\t\t\t\t<\/div>\n\t\t\t\t\t<\/div>\n\t\t<\/div>\n\t\t\t\t<div class=\"elementor-column elementor-col-50 elementor-top-column elementor-element elementor-element-6e188de\" data-id=\"6e188de\" data-element_type=\"column\">\n\t\t\t<div class=\"elementor-widget-wrap elementor-element-populated\">\n\t\t\t\t\t\t\t\t<div class=\"elementor-element elementor-element-c2d0dcd elementor-widget elementor-widget-image\" data-id=\"c2d0dcd\" data-element_type=\"widget\" data-widget_type=\"image.default\">\n\t\t\t\t<div class=\"elementor-widget-container\">\n\t\t\t\t\t\t\t\t\t\t\t\t\t\t\t<img loading=\"lazy\" decoding=\"async\" width=\"1024\" height=\"576\" src=\"https:\/\/evolitis.com\/wp-content\/uploads\/2023\/12\/Slide1-1024x576.jpg\" class=\"attachment-large size-large wp-image-13925\" alt=\"\" srcset=\"https:\/\/evolitis.com\/wp-content\/uploads\/2023\/12\/Slide1-1024x576.jpg 1024w, https:\/\/evolitis.com\/wp-content\/uploads\/2023\/12\/Slide1-300x169.jpg 300w, https:\/\/evolitis.com\/wp-content\/uploads\/2023\/12\/Slide1-768x432.jpg 768w, https:\/\/evolitis.com\/wp-content\/uploads\/2023\/12\/Slide1-18x10.jpg 18w, https:\/\/evolitis.com\/wp-content\/uploads\/2023\/12\/Slide1.jpg 1280w\" sizes=\"auto, (max-width: 1024px) 100vw, 1024px\" \/>\t\t\t\t\t\t\t\t\t\t\t\t\t\t\t<\/div>\n\t\t\t\t<\/div>\n\t\t\t\t\t<\/div>\n\t\t<\/div>\n\t\t\t\t\t\t\t<\/div>\n\t\t<\/section>\n\t\t\t\t<section class=\"elementor-section elementor-top-section elementor-element elementor-element-c2ce1bb elementor-section-boxed elementor-section-height-default elementor-section-height-default\" data-id=\"c2ce1bb\" data-element_type=\"section\">\n\t\t\t\t\t\t<div class=\"elementor-container elementor-column-gap-narrow\">\n\t\t\t\t\t<div class=\"elementor-column elementor-col-50 elementor-top-column elementor-element elementor-element-b1109a3\" data-id=\"b1109a3\" data-element_type=\"column\">\n\t\t\t<div class=\"elementor-widget-wrap elementor-element-populated\">\n\t\t\t\t\t\t\t\t<div class=\"elementor-element elementor-element-882ab05 elementor-widget elementor-widget-image\" data-id=\"882ab05\" data-element_type=\"widget\" data-widget_type=\"image.default\">\n\t\t\t\t<div class=\"elementor-widget-container\">\n\t\t\t\t\t\t\t\t\t\t\t\t\t\t\t<img loading=\"lazy\" decoding=\"async\" width=\"1024\" height=\"576\" src=\"https:\/\/evolitis.com\/wp-content\/uploads\/2023\/12\/Slide8-1024x576.jpg\" class=\"attachment-large size-large wp-image-13929\" alt=\"\" srcset=\"https:\/\/evolitis.com\/wp-content\/uploads\/2023\/12\/Slide8-1024x576.jpg 1024w, https:\/\/evolitis.com\/wp-content\/uploads\/2023\/12\/Slide8-300x169.jpg 300w, https:\/\/evolitis.com\/wp-content\/uploads\/2023\/12\/Slide8-768x432.jpg 768w, https:\/\/evolitis.com\/wp-content\/uploads\/2023\/12\/Slide8-18x10.jpg 18w, https:\/\/evolitis.com\/wp-content\/uploads\/2023\/12\/Slide8.jpg 1280w\" sizes=\"auto, (max-width: 1024px) 100vw, 1024px\" \/>\t\t\t\t\t\t\t\t\t\t\t\t\t\t\t<\/div>\n\t\t\t\t<\/div>\n\t\t\t\t\t<\/div>\n\t\t<\/div>\n\t\t\t\t<div class=\"elementor-column elementor-col-50 elementor-top-column elementor-element elementor-element-6563b5f\" data-id=\"6563b5f\" data-element_type=\"column\">\n\t\t\t<div class=\"elementor-widget-wrap elementor-element-populated\">\n\t\t\t\t\t\t\t\t<div class=\"elementor-element elementor-element-ba0a1b2 elementor-widget elementor-widget-text-editor\" data-id=\"ba0a1b2\" data-element_type=\"widget\" data-widget_type=\"text-editor.default\">\n\t\t\t\t<div class=\"elementor-widget-container\">\n\t\t\t\t\t\t\t<h3><strong>VERSATILITY UNLEASHED<\/strong><\/h3>\n<p>Adapt to every adventure with Grand Lion's unmatched versatility. Whether you're navigating city streets or conquering off-road terrain, our pickup is your reliable companion. Versatility meets ruggedness, making Grand Lion the ultimate choice for those who crave adventure without compromise.<\/p>\n<h4>&nbsp;<\/h4>\n<h4>&nbsp;VERSATILITY MEETS RUGGEDNESS<\/h4>\t\t\t\t\t\t<\/div>\n\t\t\t\t<\/div>\n\t\t\t\t\t<\/div>\n\t\t<\/div>\n\t\t\t\t\t\t\t<\/div>\n\t\t<\/section>\n\t\t\t\t<section class=\"elementor-section elementor-top-section elementor-element elementor-element-ea8c16e elementor-section-boxed elementor-section-height-default elementor-section-height-default\" data-id=\"ea8c16e\" data-element_type=\"section\">\n\t\t\t\t\t\t<div class=\"elementor-container elementor-column-gap-narrow\">\n\t\t\t\t\t<div class=\"elementor-column elementor-col-50 elementor-top-column elementor-element elementor-element-81f0c2c\" data-id=\"81f0c2c\" data-element_type=\"column\">\n\t\t\t<div class=\"elementor-widget-wrap elementor-element-populated\">\n\t\t\t\t\t\t\t\t<div class=\"elementor-element elementor-element-254ace9 elementor-widget__width-initial elementor-widget elementor-widget-text-editor\" data-id=\"254ace9\" data-element_type=\"widget\" data-widget_type=\"text-editor.default\">\n\t\t\t\t<div class=\"elementor-widget-container\">\n\t\t\t\t\t\t\t<h3><strong>CUTTING \u2013 EDGE TECHNOLOGY<\/strong><\/h3>\n<p>CUTTING \u2013 EDGE TECHNOLOGY\nGrand Lion sets the standard with cutting-edge technology that transforms every drive into a seamless experience. From advanced safety features to intuitive connectivity, our pickup embraces the future of automotive innovation.&nbsp;<\/p>\n<h4>&nbsp;<\/h4>\n<h4 class=\" translation-block\">ELEVATE YOUR JOURNEY WITH THE GRAND LION.<\/h4>\t\t\t\t\t\t<\/div>\n\t\t\t\t<\/div>\n\t\t\t\t\t<\/div>\n\t\t<\/div>\n\t\t\t\t<div class=\"elementor-column elementor-col-50 elementor-top-column elementor-element elementor-element-52c801e\" data-id=\"52c801e\" data-element_type=\"column\">\n\t\t\t<div class=\"elementor-widget-wrap elementor-element-populated\">\n\t\t\t\t\t\t\t\t<div class=\"elementor-element elementor-element-f2daed0 elementor-widget elementor-widget-image\" data-id=\"f2daed0\" data-element_type=\"widget\" data-widget_type=\"image.default\">\n\t\t\t\t<div class=\"elementor-widget-container\">\n\t\t\t\t\t\t\t\t\t\t\t\t\t\t\t<img loading=\"lazy\" decoding=\"async\" width=\"1024\" height=\"576\" src=\"https:\/\/evolitis.com\/wp-content\/uploads\/2023\/12\/Slide15-1024x576.jpg\" class=\"attachment-large size-large wp-image-13931\" alt=\"\" srcset=\"https:\/\/evolitis.com\/wp-content\/uploads\/2023\/12\/Slide15-1024x576.jpg 1024w, https:\/\/evolitis.com\/wp-content\/uploads\/2023\/12\/Slide15-300x169.jpg 300w, https:\/\/evolitis.com\/wp-content\/uploads\/2023\/12\/Slide15-768x432.jpg 768w, https:\/\/evolitis.com\/wp-content\/uploads\/2023\/12\/Slide15-18x10.jpg 18w, https:\/\/evolitis.com\/wp-content\/uploads\/2023\/12\/Slide15.jpg 1280w\" sizes=\"auto, (max-width: 1024px) 100vw, 1024px\" \/>\t\t\t\t\t\t\t\t\t\t\t\t\t\t\t<\/div>\n\t\t\t\t<\/div>\n\t\t\t\t\t<\/div>\n\t\t<\/div>\n\t\t\t\t\t\t\t<\/div>\n\t\t<\/section>\n\t\t\t\t<section class=\"elementor-section elementor-top-section elementor-element elementor-element-499fee0 elementor-section-boxed elementor-section-height-default elementor-section-height-default\" data-id=\"499fee0\" data-element_type=\"section\">\n\t\t\t\t\t\t<div class=\"elementor-container elementor-column-gap-narrow\">\n\t\t\t\t\t<div class=\"elementor-column elementor-col-50 elementor-top-column elementor-element elementor-element-9d15438\" data-id=\"9d15438\" data-element_type=\"column\">\n\t\t\t<div class=\"elementor-widget-wrap elementor-element-populated\">\n\t\t\t\t\t\t\t\t<div class=\"elementor-element elementor-element-45ae437 elementor-widget elementor-widget-image\" data-id=\"45ae437\" data-element_type=\"widget\" data-widget_type=\"image.default\">\n\t\t\t\t<div class=\"elementor-widget-container\">\n\t\t\t\t\t\t\t\t\t\t\t\t\t\t\t<img loading=\"lazy\" decoding=\"async\" width=\"1024\" height=\"576\" src=\"https:\/\/evolitis.com\/wp-content\/uploads\/2023\/12\/Slide13-1024x576.jpg\" class=\"attachment-large size-large wp-image-13930\" alt=\"\" srcset=\"https:\/\/evolitis.com\/wp-content\/uploads\/2023\/12\/Slide13-1024x576.jpg 1024w, https:\/\/evolitis.com\/wp-content\/uploads\/2023\/12\/Slide13-300x169.jpg 300w, https:\/\/evolitis.com\/wp-content\/uploads\/2023\/12\/Slide13-768x432.jpg 768w, https:\/\/evolitis.com\/wp-content\/uploads\/2023\/12\/Slide13-18x10.jpg 18w, https:\/\/evolitis.com\/wp-content\/uploads\/2023\/12\/Slide13.jpg 1280w\" sizes=\"auto, (max-width: 1024px) 100vw, 1024px\" \/>\t\t\t\t\t\t\t\t\t\t\t\t\t\t\t<\/div>\n\t\t\t\t<\/div>\n\t\t\t\t\t<\/div>\n\t\t<\/div>\n\t\t\t\t<div class=\"elementor-column elementor-col-50 elementor-top-column elementor-element elementor-element-180b245\" data-id=\"180b245\" data-element_type=\"column\">\n\t\t\t<div class=\"elementor-widget-wrap elementor-element-populated\">\n\t\t\t\t\t\t\t\t<div class=\"elementor-element elementor-element-6aeed36 elementor-widget elementor-widget-text-editor\" data-id=\"6aeed36\" data-element_type=\"widget\" data-widget_type=\"text-editor.default\">\n\t\t\t\t<div class=\"elementor-widget-container\">\n\t\t\t\t\t\t\t<h3><strong>COMFORT REDEFINED<\/strong><\/h3><p>Indulge in the lap of luxury with Grand Lion. Our pickup is not just a vehicle; it's a haven of comfort. From premium interiors to customizable features, Grand Lion ensures that every moment on the road is as relaxing as it is exhilarating.<\/p><p style=\"text-align: center;\"><span style=\"color: #ffffff;\">fg<a href=\"https:\/\/evolitis.com\/wp-content\/uploads\/2023\/12\/site-granlion-fv-comfort-ok.jpg\"><span style=\"color: #ffffff;\">111<\/span><img loading=\"lazy\" decoding=\"async\" class=\"alignnone size-medium wp-image-13999\" src=\"https:\/\/evolitis.com\/wp-content\/uploads\/2023\/12\/site-granlion-fv-comfort-ok-300x155.jpg\" alt=\"\" width=\"300\" height=\"155\" srcset=\"https:\/\/evolitis.com\/wp-content\/uploads\/2023\/12\/site-granlion-fv-comfort-ok-300x155.jpg 300w, https:\/\/evolitis.com\/wp-content\/uploads\/2023\/12\/site-granlion-fv-comfort-ok-1024x531.jpg 1024w, https:\/\/evolitis.com\/wp-content\/uploads\/2023\/12\/site-granlion-fv-comfort-ok-768x398.jpg 768w, https:\/\/evolitis.com\/wp-content\/uploads\/2023\/12\/site-granlion-fv-comfort-ok-18x9.jpg 18w, https:\/\/evolitis.com\/wp-content\/uploads\/2023\/12\/site-granlion-fv-comfort-ok.jpg 1156w\" sizes=\"auto, (max-width: 300px) 100vw, 300px\" \/><\/a><\/span><\/p>\t\t\t\t\t\t<\/div>\n\t\t\t\t<\/div>\n\t\t\t\t\t<\/div>\n\t\t<\/div>\n\t\t\t\t\t\t\t<\/div>\n\t\t<\/section>\n\t\t\t\t<section class=\"elementor-section elementor-top-section elementor-element elementor-element-f97ba0f elementor-section-boxed elementor-section-height-default elementor-section-height-default\" data-id=\"f97ba0f\" data-element_type=\"section\">\n\t\t\t\t\t\t<div class=\"elementor-container elementor-column-gap-narrow\">\n\t\t\t\t\t<div class=\"elementor-column elementor-col-50 elementor-top-column elementor-element elementor-element-af76426\" data-id=\"af76426\" data-element_type=\"column\">\n\t\t\t<div class=\"elementor-widget-wrap elementor-element-populated\">\n\t\t\t\t\t\t\t\t<div class=\"elementor-element elementor-element-f8602b5 elementor-widget__width-initial elementor-widget elementor-widget-text-editor\" data-id=\"f8602b5\" data-element_type=\"widget\" data-widget_type=\"text-editor.default\">\n\t\t\t\t<div class=\"elementor-widget-container\">\n\t\t\t\t\t\t\t<h3><strong>SAFETY AT IS CORE<\/strong><\/h3><p>Adapt to every adventure with Grand Lion's unmatched versatility. Whether you're navigating city streets or conquering off-road terrain, our pickup is your reliable companion. Versatility meets ruggedness, making Grand Lion the ultimate choice for those who crave adventure without compromise.<\/p><p>\u00a0 \u00a0 \u00a0 \u00a0 \u00a0 \u00a0 \u00a0 \u00a0 \u00a0 \u00a0 \u00a0 \u00a0 \u00a0 \u00a0 \u00a0 \u00a0 \u00a0 \u00a0 <a href=\"https:\/\/evolitis.com\/wp-content\/uploads\/2023\/12\/site-granlion-fv-pneus-fr.jpg\"><img loading=\"lazy\" decoding=\"async\" class=\"alignnone wp-image-13987 size-medium\" src=\"https:\/\/evolitis.com\/wp-content\/uploads\/2025\/02\/GL-2025-EN1.png\" alt=\"\" width=\"300\" height=\"169\" srcset=\"https:\/\/evolitis.com\/wp-content\/uploads\/2025\/02\/GL-2025-EN1.png 1600w, https:\/\/evolitis.com\/wp-content\/uploads\/2025\/02\/GL-2025-EN1-300x169.png 300w, https:\/\/evolitis.com\/wp-content\/uploads\/2025\/02\/GL-2025-EN1-1024x576.png 1024w, https:\/\/evolitis.com\/wp-content\/uploads\/2025\/02\/GL-2025-EN1-768x432.png 768w, https:\/\/evolitis.com\/wp-content\/uploads\/2025\/02\/GL-2025-EN1-1536x864.png 1536w, https:\/\/evolitis.com\/wp-content\/uploads\/2025\/02\/GL-2025-EN1-18x10.png 18w\" sizes=\"auto, (max-width: 300px) 100vw, 300px\" \/><\/a><\/p>\t\t\t\t\t\t<\/div>\n\t\t\t\t<\/div>\n\t\t\t\t\t<\/div>\n\t\t<\/div>\n\t\t\t\t<div class=\"elementor-column elementor-col-50 elementor-top-column elementor-element elementor-element-fe07455\" data-id=\"fe07455\" data-element_type=\"column\">\n\t\t\t<div class=\"elementor-widget-wrap elementor-element-populated\">\n\t\t\t\t\t\t\t\t<div class=\"elementor-element elementor-element-1740e02 elementor-widget elementor-widget-image\" data-id=\"1740e02\" data-element_type=\"widget\" data-widget_type=\"image.default\">\n\t\t\t\t<div class=\"elementor-widget-container\">\n\t\t\t\t\t\t\t\t\t\t\t\t\t\t\t<img loading=\"lazy\" decoding=\"async\" width=\"1024\" height=\"576\" src=\"https:\/\/evolitis.com\/wp-content\/uploads\/2025\/02\/GL-2025-EN.png\" class=\"attachment-large size-large wp-image-13979\" alt=\"\" srcset=\"https:\/\/evolitis.com\/wp-content\/uploads\/2025\/02\/GL-2025-EN.png 1600w, https:\/\/evolitis.com\/wp-content\/uploads\/2025\/02\/GL-2025-EN-300x169.png 300w, https:\/\/evolitis.com\/wp-content\/uploads\/2025\/02\/GL-2025-EN-1024x576.png 1024w, https:\/\/evolitis.com\/wp-content\/uploads\/2025\/02\/GL-2025-EN-768x432.png 768w, https:\/\/evolitis.com\/wp-content\/uploads\/2025\/02\/GL-2025-EN-1536x864.png 1536w, https:\/\/evolitis.com\/wp-content\/uploads\/2025\/02\/GL-2025-EN-18x10.png 18w\" sizes=\"auto, (max-width: 1024px) 100vw, 1024px\" \/>\t\t\t\t\t\t\t\t\t\t\t\t\t\t\t<\/div>\n\t\t\t\t<\/div>\n\t\t\t\t\t<\/div>\n\t\t<\/div>\n\t\t\t\t\t\t\t<\/div>\n\t\t<\/section>\n\t\t\t\t<section class=\"elementor-section elementor-top-section elementor-element elementor-element-4f8e8fa elementor-section-boxed elementor-section-height-default elementor-section-height-default\" data-id=\"4f8e8fa\" data-element_type=\"section\">\n\t\t\t\t\t\t<div class=\"elementor-container elementor-column-gap-default\">\n\t\t\t\t\t<div class=\"elementor-column elementor-col-100 elementor-top-column elementor-element elementor-element-8ab1730\" data-id=\"8ab1730\" data-element_type=\"column\">\n\t\t\t<div class=\"elementor-widget-wrap elementor-element-populated\">\n\t\t\t\t\t\t\t\t<div class=\"elementor-element elementor-element-930d238 elementor-widget elementor-widget-image\" data-id=\"930d238\" data-element_type=\"widget\" data-widget_type=\"image.default\">\n\t\t\t\t<div class=\"elementor-widget-container\">\n\t\t\t\t\t\t\t\t\t\t\t\t\t\t\t<img loading=\"lazy\" decoding=\"async\" width=\"1024\" height=\"576\" src=\"https:\/\/evolitis.com\/wp-content\/uploads\/2025\/02\/gl-2025.png\" class=\"attachment-large size-large wp-image-14100\" alt=\"\" srcset=\"https:\/\/evolitis.com\/wp-content\/uploads\/2025\/02\/gl-2025.png 1600w, https:\/\/evolitis.com\/wp-content\/uploads\/2025\/02\/gl-2025-300x169.png 300w, https:\/\/evolitis.com\/wp-content\/uploads\/2025\/02\/gl-2025-1024x576.png 1024w, https:\/\/evolitis.com\/wp-content\/uploads\/2025\/02\/gl-2025-768x432.png 768w, https:\/\/evolitis.com\/wp-content\/uploads\/2025\/02\/gl-2025-1536x864.png 1536w, https:\/\/evolitis.com\/wp-content\/uploads\/2025\/02\/gl-2025-18x10.png 18w\" sizes=\"auto, (max-width: 1024px) 100vw, 1024px\" \/>\t\t\t\t\t\t\t\t\t\t\t\t\t\t\t<\/div>\n\t\t\t\t<\/div>\n\t\t\t\t\t<\/div>\n\t\t<\/div>\n\t\t\t\t\t\t\t<\/div>\n\t\t<\/section>\n\t\t\t\t\t\t\t<\/div>","protected":false},"excerpt":{"rendered":"<p>PUISSANCE MAJESTUEUSE D\u00e9couvrez la v\u00e9ritable essence de la puissance avec Le Grand Lion. Notre pickup red\u00e9finit la majest\u00e9 sur la route, affichant une pr\u00e9sence imposante qui attire tous les regards \u00e0 chaque coin de rue. De son design audacieux \u00e0 ses performances in\u00e9gal\u00e9es, le Grand Lion incarne l&rsquo;excellence automobile. POLIVALENCE D\u00c9CHAIN\u00c9E Adaptez-vous \u00e0 chaque aventure [&hellip;]<\/p>","protected":false},"author":1,"featured_media":0,"parent":0,"menu_order":0,"comment_status":"closed","ping_status":"closed","template":"elementor_header_footer","meta":{"om_disable_all_campaigns":false,"_mi_skip_tracking":false,"footnotes":""},"class_list":["post-13934","page","type-page","status-publish","hentry"],"acf":[],"aioseo_notices":[],"_links":{"self":[{"href":"https:\/\/evolitis.com\/en\/wp-json\/wp\/v2\/pages\/13934","targetHints":{"allow":["GET"]}}],"collection":[{"href":"https:\/\/evolitis.com\/en\/wp-json\/wp\/v2\/pages"}],"about":[{"href":"https:\/\/evolitis.com\/en\/wp-json\/wp\/v2\/types\/page"}],"author":[{"embeddable":true,"href":"https:\/\/evolitis.com\/en\/wp-json\/wp\/v2\/users\/1"}],"replies":[{"embeddable":true,"href":"https:\/\/evolitis.com\/en\/wp-json\/wp\/v2\/comments?post=13934"}],"version-history":[{"count":102,"href":"https:\/\/evolitis.com\/en\/wp-json\/wp\/v2\/pages\/13934\/revisions"}],"predecessor-version":[{"id":14126,"href":"https:\/\/evolitis.com\/en\/wp-json\/wp\/v2\/pages\/13934\/revisions\/14126"}],"wp:attachment":[{"href":"https:\/\/evolitis.com\/en\/wp-json\/wp\/v2\/media?parent=13934"}],"curies":[{"name":"wp","href":"https:\/\/api.w.org\/{rel}","templated":true}]}}