{"id":6302,"date":"2021-06-30T05:27:44","date_gmt":"2021-06-30T03:27:44","guid":{"rendered":"https:\/\/localhost\/cardealer\/?page_id=6302"},"modified":"2025-02-27T15:41:10","modified_gmt":"2025-02-27T14:41:10","slug":"accueil","status":"publish","type":"page","link":"https:\/\/evolitis.com\/en\/","title":{"rendered":"Home"},"content":{"rendered":"<div data-elementor-type=\"wp-page\" data-elementor-id=\"6302\" class=\"elementor elementor-6302\">\n\t\t\t\t\t\t\t\t\t<section class=\"elementor-section elementor-top-section elementor-element elementor-element-741c elementor-section-full_width elementor-section-stretched elementor-section-height-default elementor-section-height-default\" data-id=\"741c\" data-element_type=\"section\" data-settings=\"{&quot;stretch_section&quot;:&quot;section-stretched&quot;,&quot;background_background&quot;:&quot;classic&quot;}\">\n\t\t\t\t\t\t<div class=\"elementor-container elementor-column-gap-default\">\n\t\t\t\t\t<div class=\"elementor-column elementor-col-100 elementor-top-column elementor-element elementor-element-298f\" data-id=\"298f\" data-element_type=\"column\">\n\t\t\t<div class=\"elementor-widget-wrap elementor-element-populated\">\n\t\t\t\t\t\t\t\t<div class=\"elementor-element elementor-element-50ee elementor-widget elementor-widget-slider_revolution\" data-id=\"50ee\" data-element_type=\"widget\" data-widget_type=\"slider_revolution.default\">\n\t\t\t\t<div class=\"elementor-widget-container\">\n\t\t\t\n\t\t<div class=\"wp-block-themepunch-revslider\">\n\t\t\t<!-- START Home Default REVOLUTION SLIDER 6.5.24 --><p class=\"rs-p-wp-fix\"><\/p>\n\t\t\t<rs-module-wrap id=\"rev_slider_1_1_wrapper\" data-source=\"gallery\" style=\"visibility:hidden;background:transparent;padding:0;margin:0px auto;margin-top:0;margin-bottom:0;\">\n\t\t\t\t<rs-module id=\"rev_slider_1_1\" style=\"\" data-version=\"6.5.24\">\n\t\t\t\t\t<rs-slides>\n\t\t\t\t\t\t<rs-slide style=\"position: absolute;\" data-key=\"rs-1\" data-title=\"Slide\" data-in=\"o:0;\" data-out=\"a:false;\">\n\t\t\t\t\t\t\t<img decoding=\"async\" src=\"\/\/evolitis.com\/wp-content\/plugins\/revslider\/public\/assets\/assets\/dummy.png\" alt=\"\" title=\"site sivva\" width=\"812\" height=\"400\" class=\"rev-slidebg tp-rs-img rs-lazyload\" data-lazyload=\"\/\/evolitis.com\/wp-content\/uploads\/2022\/10\/site-sivva-e1666871892742.jpg\" data-no-retina>\n\t\t\t\t\t\t\t<rs-bgvideo \n\t\t\t\t\t\t\t\tdata-video=\"w:100%;h:100%;nse:false;l:true;ptimer:false;vfc:true;\"\n\t\t\t\t\t\t\t\tdata-mp4=\"\/\/evolitis.com\/wp-content\/uploads\/2022\/11\/Terralord-video.mp4\"\n\t\t\t\t\t\t\t><\/rs-bgvideo>\n<!---->\t\t\t\t\t\t<\/rs-slide>\n\t\t\t\t\t<\/rs-slides>\n\t\t\t\t<\/rs-module>\n\t\t\t\t<script>\n\t\t\t\t\tsetREVStartSize({c: 'rev_slider_1_1',rl:[1240,1024,778,480],el:[1000],gw:[1570],gh:[1000],type:'standard',justify:'',layout:'fullwidth',mh:\"0\"});if (window.RS_MODULES!==undefined && window.RS_MODULES.modules!==undefined && window.RS_MODULES.modules[\"revslider11\"]!==undefined) {window.RS_MODULES.modules[\"revslider11\"].once = false;window.revapi1 = undefined;if (window.RS_MODULES.checkMinimal!==undefined) window.RS_MODULES.checkMinimal()}\n\t\t\t\t<\/script>\n\t\t\t<\/rs-module-wrap>\n\t\t\t<!-- END REVOLUTION SLIDER -->\n<\/div>\n\n\t\t\t\t<\/div>\n\t\t\t\t<\/div>\n\t\t\t\t\t<\/div>\n\t\t<\/div>\n\t\t\t\t\t\t\t<\/div>\n\t\t<\/section>\n\t\t\t\t<section class=\"elementor-section elementor-top-section elementor-element elementor-element-123326c elementor-section-boxed elementor-section-height-default elementor-section-height-default\" data-id=\"123326c\" data-element_type=\"section\">\n\t\t\t\t\t\t<div class=\"elementor-container elementor-column-gap-default\">\n\t\t\t\t\t<div class=\"elementor-column elementor-col-100 elementor-top-column elementor-element elementor-element-c1de85f\" data-id=\"c1de85f\" data-element_type=\"column\">\n\t\t\t<div class=\"elementor-widget-wrap elementor-element-populated\">\n\t\t\t\t\t\t\t\t<section class=\"elementor-section elementor-inner-section elementor-element elementor-element-0c1cadb elementor-section-boxed elementor-section-height-default elementor-section-height-default\" data-id=\"0c1cadb\" data-element_type=\"section\">\n\t\t\t\t\t\t<div class=\"elementor-container elementor-column-gap-default\">\n\t\t\t\t\t<div class=\"elementor-column elementor-col-50 elementor-inner-column elementor-element elementor-element-23b5351\" data-id=\"23b5351\" data-element_type=\"column\">\n\t\t\t<div class=\"elementor-widget-wrap elementor-element-populated\">\n\t\t\t\t\t\t\t\t<div class=\"elementor-element elementor-element-a21f422 elementor-widget elementor-widget-cdhl_image-slider\" data-id=\"a21f422\" data-element_type=\"widget\" data-widget_type=\"cdhl_image-slider.default\">\n\t\t\t\t<div class=\"elementor-widget-container\">\n\t\t\t<div class=\"cdhl_image-slider_wrapper\">\n\t<div class=\"owl-carousel\" data-nav-arrow=\"true\" data-nav-dots=\"false\" data-autoplay=\"true\" data-lazyload=\"\" data-loop=\"true\" data-items=\"1\" data-md-items=\"1\" data-sm-items=\"1\" data-xs-items=\"1\" >\n\t\t\t\t\t<div class=\"item\">\n\t\t\t\t\t\t\t\t\t<img decoding=\"async\" class=\"center-block\" src=\"\" alt=\"\">\n\t\t\t\t\t\t\t\t<\/div>\n\t\t\t\t\t\t<div class=\"item\">\n\t\t\t\t\t\t\t\t\t<img decoding=\"async\" class=\"center-block\" src=\"\" alt=\"\">\n\t\t\t\t\t\t\t\t<\/div>\n\t\t\t\t\t\t<div class=\"item\">\n\t\t\t\t\t\t\t\t\t<img decoding=\"async\" class=\"center-block\" src=\"\" alt=\"\">\n\t\t\t\t\t\t\t\t<\/div>\n\t\t\t\t<\/div>\n<\/div>\n\t\t<\/div>\n\t\t\t\t<\/div>\n\t\t\t\t<div class=\"elementor-element elementor-element-bafd387 elementor-widget elementor-widget-cdhl_image-slider\" data-id=\"bafd387\" data-element_type=\"widget\" data-widget_type=\"cdhl_image-slider.default\">\n\t\t\t\t<div class=\"elementor-widget-container\">\n\t\t\t<div class=\"cdhl_image-slider_wrapper\">\n\t<div class=\"owl-carousel\" data-nav-arrow=\"true\" data-nav-dots=\"false\" data-autoplay=\"true\" data-lazyload=\"\" data-loop=\"true\" data-items=\"1\" data-md-items=\"1\" data-sm-items=\"1\" data-xs-items=\"1\" >\n\t\t\t\t\t<div class=\"item\">\n\t\t\t\t\t\t\t\t\t<img decoding=\"async\" class=\"center-block\" src=\"https:\/\/evolitis.com\/wp-content\/uploads\/2022\/12\/dgpic.jpg\" alt=\"\">\n\t\t\t\t\t\t\t\t<\/div>\n\t\t\t\t<\/div>\n<\/div>\n\t\t<\/div>\n\t\t\t\t<\/div>\n\t\t\t\t\t<\/div>\n\t\t<\/div>\n\t\t\t\t<div class=\"elementor-column elementor-col-50 elementor-inner-column elementor-element elementor-element-3d405a4\" data-id=\"3d405a4\" data-element_type=\"column\">\n\t\t\t<div class=\"elementor-widget-wrap elementor-element-populated\">\n\t\t\t\t\t\t\t\t<div class=\"elementor-element elementor-element-6f50 elementor-widget elementor-widget-heading\" data-id=\"6f50\" data-element_type=\"widget\" data-widget_type=\"heading.default\">\n\t\t\t\t<div class=\"elementor-widget-container\">\n\t\t\t<style>\/*! elementor - v3.12.0 - 29-03-2023 *\/\n.elementor-heading-title{padding:0;margin:0;line-height:1}.elementor-widget-heading .elementor-heading-title[class*=elementor-size-]>a{color:inherit;font-size:inherit;line-height:inherit}.elementor-widget-heading .elementor-heading-title.elementor-size-small{font-size:15px}.elementor-widget-heading .elementor-heading-title.elementor-size-medium{font-size:19px}.elementor-widget-heading .elementor-heading-title.elementor-size-large{font-size:29px}.elementor-widget-heading .elementor-heading-title.elementor-size-xl{font-size:39px}.elementor-widget-heading .elementor-heading-title.elementor-size-xxl{font-size:59px}<\/style><h2 class=\"elementor-heading-title elementor-size-default\">A WORD FROM THE PRESIDENT<\/h2>\t\t<\/div>\n\t\t\t\t<\/div>\n\t\t\t\t<div class=\"elementor-element elementor-element-95b64b4 elementor-widget elementor-widget-text-editor\" data-id=\"95b64b4\" data-element_type=\"widget\" data-widget_type=\"text-editor.default\">\n\t\t\t\t<div class=\"elementor-widget-container\">\n\t\t\t<style>\/*! elementor - v3.12.0 - 29-03-2023 *\/\n.elementor-widget-text-editor.elementor-drop-cap-view-stacked .elementor-drop-cap{background-color:#69727d;color:#fff}.elementor-widget-text-editor.elementor-drop-cap-view-framed .elementor-drop-cap{color:#69727d;border:3px solid;background-color:transparent}.elementor-widget-text-editor:not(.elementor-drop-cap-view-default) .elementor-drop-cap{margin-top:8px}.elementor-widget-text-editor:not(.elementor-drop-cap-view-default) .elementor-drop-cap-letter{width:1em;height:1em}.elementor-widget-text-editor .elementor-drop-cap{float:left;text-align:center;line-height:1;font-size:50px}.elementor-widget-text-editor .elementor-drop-cap-letter{display:inline-block}<\/style>\t\t\t\t<p><strong><em>Dear customers, dear partners, dear friends,<\/em><\/strong><\/p><p><em>\u00a0<\/em><em>It is clear that in this world where the speed of information runs so fast, we have to meet all\nyour requirements in terms of product and service quality.<\/em><\/p><p><em>We all went through, for those who could, this worst world crisis (covid19) without precedent\nsince the second war without suspecting that at the moment of hope for a return to recent\nnormality a new crisis would arise without anyone being able to anticipate it. <\/em><\/p><p><em>We have thus entered a new world crisis (Ukrainian conflict) whose effects are as heavy as the\ncovid with the same impacts on the inflationary prices of raw materials and currencies, directly\nimpacting the price of our products.<\/em><\/p><p><em>\u00a0<\/em><\/p>\t\t\t\t\t\t<\/div>\n\t\t\t\t<\/div>\n\t\t\t\t\t<\/div>\n\t\t<\/div>\n\t\t\t\t\t\t\t<\/div>\n\t\t<\/section>\n\t\t\t\t<div class=\"elementor-element elementor-element-f21f184 elementor-widget elementor-widget-text-editor\" data-id=\"f21f184\" data-element_type=\"widget\" data-widget_type=\"text-editor.default\">\n\t\t\t\t<div class=\"elementor-widget-container\">\n\t\t\t\t\t\t\t<p><em>In Gabon, we are used to managing economic crises given the permanent fluctuation of raw\nmaterial prices and the various oil shocks of the past.<\/em><\/p><p><strong><em>This is our asset, this is our strength, to know how to manage crises and to go through them!\nTo emerge when a new breath arrives! like a panther reflecting strength, courage, speed,\nlongevity, flexibility and excellence.<\/em><\/strong><\/p><p><strong><em>\u00a0<\/em><\/strong><em>This is why <strong>SIVVA<\/strong>, a Gabonese SME opened since 1999 specialized in the importation and\ndistribution of multibrand cars, <strong>like the Gabonese panther and its assets,<\/strong>is pleased, with all its\nemployees, to open its <strong>DNA<\/strong> to you through its <strong>new website<\/strong> in which you can only be\nconquered and seduced by its <strong>identity, its products and services.<\/strong>.<\/em><\/p><p><em>\u00a0<\/em><strong><em>2023<\/em><\/strong><em>\u00a0will be for you the opportunity to discover our <strong>new models<\/strong> of pickup <strong>ZX AUTO<\/strong> which, we\nare persuaded, will surprise you by their strengths of character and, let us not forget that we\nare the year of the Rabbit...<\/em><\/p><p><em>\u00a0<\/em><strong><em>Automotive yours<\/em><\/strong><\/p><p><strong><em>\u00a0<\/em><\/strong><\/p><p><strong>\u00a0Fr\u00e9d\u00e9ric HAFFRAY<\/strong><\/p>\t\t\t\t\t\t<\/div>\n\t\t\t\t<\/div>\n\t\t\t\t\t<\/div>\n\t\t<\/div>\n\t\t\t\t\t\t\t<\/div>\n\t\t<\/section>\n\t\t\t\t<section class=\"elementor-section elementor-top-section elementor-element elementor-element-d35fc22 elementor-section-boxed elementor-section-height-default elementor-section-height-default\" data-id=\"d35fc22\" data-element_type=\"section\">\n\t\t\t\t\t\t<div class=\"elementor-container elementor-column-gap-default\">\n\t\t\t\t\t<div class=\"elementor-column elementor-col-100 elementor-top-column elementor-element elementor-element-1cdcc85\" data-id=\"1cdcc85\" data-element_type=\"column\">\n\t\t\t<div class=\"elementor-widget-wrap elementor-element-populated\">\n\t\t\t\t\t\t\t\t<div class=\"elementor-element elementor-element-1be0118 elementor-widget elementor-widget-cdhl_section-title\" data-id=\"1be0118\" data-element_type=\"widget\" data-widget_type=\"cdhl_section-title.default\">\n\t\t\t\t<div class=\"elementor-widget-container\">\n\t\t\t<div class=\"cdhl_section-title_wrapper\">\n\t<div class=\"section-title text-center style_1\" id=\"1be0118\">\n\t\t\t<span class=\"sub-title\"><\/span>\n\t\t<h2 class=\"main-title\">\n\t\t\tSIVVA Libreville\t\t<\/h2>\n\t\t\t\t\t<div class=\"separator\"><\/div>\n\t\t\t\t<\/div>\n<\/div>\n\t\t<\/div>\n\t\t\t\t<\/div>\n\t\t\t\t<section class=\"elementor-section elementor-inner-section elementor-element elementor-element-73ef6da elementor-section-boxed elementor-section-height-default elementor-section-height-default\" data-id=\"73ef6da\" data-element_type=\"section\">\n\t\t\t\t\t\t<div class=\"elementor-container elementor-column-gap-default\">\n\t\t\t\t\t<div class=\"elementor-column elementor-col-50 elementor-inner-column elementor-element elementor-element-9338277\" data-id=\"9338277\" data-element_type=\"column\">\n\t\t\t<div class=\"elementor-widget-wrap elementor-element-populated\">\n\t\t\t\t\t\t\t\t<div class=\"elementor-element elementor-element-1fe4fce elementor-widget elementor-widget-image\" data-id=\"1fe4fce\" data-element_type=\"widget\" data-widget_type=\"image.default\">\n\t\t\t\t<div class=\"elementor-widget-container\">\n\t\t\t<style>\/*! elementor - v3.12.0 - 29-03-2023 *\/\n.elementor-widget-image{text-align:center}.elementor-widget-image a{display:inline-block}.elementor-widget-image a img[src$=\".svg\"]{width:48px}.elementor-widget-image img{vertical-align:middle;display:inline-block}<\/style>\t\t\t\t\t\t\t\t\t\t\t\t<img loading=\"lazy\" decoding=\"async\" width=\"1024\" height=\"576\" src=\"https:\/\/evolitis.com\/wp-content\/uploads\/2025\/02\/outside-sr-1-scaled-e1740667062126-1024x576.jpg\" class=\"attachment-large size-large wp-image-14150\" alt=\"\" srcset=\"https:\/\/evolitis.com\/wp-content\/uploads\/2025\/02\/outside-sr-1-scaled-e1740667062126-1024x576.jpg 1024w, https:\/\/evolitis.com\/wp-content\/uploads\/2025\/02\/outside-sr-1-scaled-e1740667062126-300x169.jpg 300w, https:\/\/evolitis.com\/wp-content\/uploads\/2025\/02\/outside-sr-1-scaled-e1740667062126-768x432.jpg 768w, https:\/\/evolitis.com\/wp-content\/uploads\/2025\/02\/outside-sr-1-scaled-e1740667062126-18x10.jpg 18w, https:\/\/evolitis.com\/wp-content\/uploads\/2025\/02\/outside-sr-1-scaled-e1740667062126.jpg 1536w\" sizes=\"auto, (max-width: 1024px) 100vw, 1024px\" \/>\t\t\t\t\t\t\t\t\t\t\t\t\t\t\t<\/div>\n\t\t\t\t<\/div>\n\t\t\t\t<div class=\"elementor-element elementor-element-a330ed0 elementor-widget elementor-widget-image\" data-id=\"a330ed0\" data-element_type=\"widget\" data-widget_type=\"image.default\">\n\t\t\t\t<div class=\"elementor-widget-container\">\n\t\t\t\t\t\t\t\t\t\t\t\t\t\t\t<img loading=\"lazy\" decoding=\"async\" width=\"1024\" height=\"683\" src=\"https:\/\/evolitis.com\/wp-content\/uploads\/2022\/07\/d-1024x683.jpeg\" class=\"attachment-large size-large wp-image-11952\" alt=\"\" srcset=\"https:\/\/evolitis.com\/wp-content\/uploads\/2022\/07\/d-1024x683.jpeg 1024w, https:\/\/evolitis.com\/wp-content\/uploads\/2022\/07\/d-300x200.jpeg 300w, https:\/\/evolitis.com\/wp-content\/uploads\/2022\/07\/d-768x512.jpeg 768w, https:\/\/evolitis.com\/wp-content\/uploads\/2022\/07\/d-1536x1024.jpeg 1536w, https:\/\/evolitis.com\/wp-content\/uploads\/2022\/07\/d-2048x1366.jpeg 2048w\" sizes=\"auto, (max-width: 1024px) 100vw, 1024px\" \/>\t\t\t\t\t\t\t\t\t\t\t\t\t\t\t<\/div>\n\t\t\t\t<\/div>\n\t\t\t\t\t<\/div>\n\t\t<\/div>\n\t\t\t\t<div class=\"elementor-column elementor-col-50 elementor-inner-column elementor-element elementor-element-88e79ad\" data-id=\"88e79ad\" data-element_type=\"column\">\n\t\t\t<div class=\"elementor-widget-wrap elementor-element-populated\">\n\t\t\t\t\t\t\t\t<div class=\"elementor-element elementor-element-c124d62 elementor-widget elementor-widget-image\" data-id=\"c124d62\" data-element_type=\"widget\" data-widget_type=\"image.default\">\n\t\t\t\t<div class=\"elementor-widget-container\">\n\t\t\t\t\t\t\t\t\t\t\t\t\t\t\t<img loading=\"lazy\" decoding=\"async\" width=\"1080\" height=\"678\" src=\"https:\/\/evolitis.com\/wp-content\/uploads\/2025\/02\/tc-2025-sited-1.jpg\" class=\"attachment-1536x1536 size-1536x1536 wp-image-14149\" alt=\"\" srcset=\"https:\/\/evolitis.com\/wp-content\/uploads\/2025\/02\/tc-2025-sited-1.jpg 1080w, https:\/\/evolitis.com\/wp-content\/uploads\/2025\/02\/tc-2025-sited-1-300x188.jpg 300w, https:\/\/evolitis.com\/wp-content\/uploads\/2025\/02\/tc-2025-sited-1-1024x643.jpg 1024w, https:\/\/evolitis.com\/wp-content\/uploads\/2025\/02\/tc-2025-sited-1-768x482.jpg 768w, https:\/\/evolitis.com\/wp-content\/uploads\/2025\/02\/tc-2025-sited-1-18x12.jpg 18w\" sizes=\"auto, (max-width: 1080px) 100vw, 1080px\" \/>\t\t\t\t\t\t\t\t\t\t\t\t\t\t\t<\/div>\n\t\t\t\t<\/div>\n\t\t\t\t<div class=\"elementor-element elementor-element-503152d elementor-widget elementor-widget-image\" data-id=\"503152d\" data-element_type=\"widget\" data-widget_type=\"image.default\">\n\t\t\t\t<div class=\"elementor-widget-container\">\n\t\t\t\t\t\t\t\t\t\t\t\t\t\t\t<img loading=\"lazy\" decoding=\"async\" width=\"2560\" height=\"1710\" src=\"https:\/\/evolitis.com\/wp-content\/uploads\/2023\/01\/DSC00757-scaled.jpg\" class=\"attachment-full size-full wp-image-12993\" alt=\"\" srcset=\"https:\/\/evolitis.com\/wp-content\/uploads\/2023\/01\/DSC00757-scaled.jpg 2560w, https:\/\/evolitis.com\/wp-content\/uploads\/2023\/01\/DSC00757-300x200.jpg 300w, https:\/\/evolitis.com\/wp-content\/uploads\/2023\/01\/DSC00757-1024x684.jpg 1024w, https:\/\/evolitis.com\/wp-content\/uploads\/2023\/01\/DSC00757-768x513.jpg 768w, https:\/\/evolitis.com\/wp-content\/uploads\/2023\/01\/DSC00757-1536x1026.jpg 1536w, https:\/\/evolitis.com\/wp-content\/uploads\/2023\/01\/DSC00757-2048x1368.jpg 2048w\" sizes=\"auto, (max-width: 2560px) 100vw, 2560px\" \/>\t\t\t\t\t\t\t\t\t\t\t\t\t\t\t<\/div>\n\t\t\t\t<\/div>\n\t\t\t\t\t<\/div>\n\t\t<\/div>\n\t\t\t\t\t\t\t<\/div>\n\t\t<\/section>\n\t\t\t\t\t<\/div>\n\t\t<\/div>\n\t\t\t\t\t\t\t<\/div>\n\t\t<\/section>\n\t\t\t\t<section class=\"elementor-section elementor-top-section elementor-element elementor-element-3e86bfc elementor-section-boxed elementor-section-height-default elementor-section-height-default\" data-id=\"3e86bfc\" data-element_type=\"section\">\n\t\t\t\t\t\t<div class=\"elementor-container elementor-column-gap-default\">\n\t\t\t\t\t<div class=\"elementor-column elementor-col-100 elementor-top-column elementor-element elementor-element-e8c184b\" data-id=\"e8c184b\" data-element_type=\"column\">\n\t\t\t<div class=\"elementor-widget-wrap elementor-element-populated\">\n\t\t\t\t\t\t\t\t<section class=\"elementor-section elementor-inner-section elementor-element elementor-element-25c2dde elementor-section-boxed elementor-section-height-default elementor-section-height-default\" data-id=\"25c2dde\" data-element_type=\"section\">\n\t\t\t\t\t\t<div class=\"elementor-container elementor-column-gap-default\">\n\t\t\t\t\t<div class=\"elementor-column elementor-col-100 elementor-inner-column elementor-element elementor-element-85bdba9\" data-id=\"85bdba9\" data-element_type=\"column\">\n\t\t\t<div class=\"elementor-widget-wrap elementor-element-populated\">\n\t\t\t\t\t\t\t\t<div class=\"elementor-element elementor-element-ced712d elementor-widget elementor-widget-cdhl_section-title\" data-id=\"ced712d\" data-element_type=\"widget\" data-widget_type=\"cdhl_section-title.default\">\n\t\t\t\t<div class=\"elementor-widget-container\">\n\t\t\t<div class=\"cdhl_section-title_wrapper\">\n\t<div class=\"section-title text-center style_1\" id=\"ced712d\">\n\t\t\t<span class=\"sub-title\"><\/span>\n\t\t<h2 class=\"main-title\">\n\t\t\tsivva port-gentil\t\t<\/h2>\n\t\t\t\t\t<div class=\"separator\"><\/div>\n\t\t\t\t<\/div>\n<\/div>\n\t\t<\/div>\n\t\t\t\t<\/div>\n\t\t\t\t\t<\/div>\n\t\t<\/div>\n\t\t\t\t\t\t\t<\/div>\n\t\t<\/section>\n\t\t\t\t<section class=\"elementor-section elementor-inner-section elementor-element elementor-element-a2f63dd elementor-section-boxed elementor-section-height-default elementor-section-height-default\" data-id=\"a2f63dd\" data-element_type=\"section\">\n\t\t\t\t\t\t<div class=\"elementor-container elementor-column-gap-default\">\n\t\t\t\t\t<div class=\"elementor-column elementor-col-50 elementor-inner-column elementor-element elementor-element-372386b\" data-id=\"372386b\" data-element_type=\"column\">\n\t\t\t<div class=\"elementor-widget-wrap elementor-element-populated\">\n\t\t\t\t\t\t\t\t<div class=\"elementor-element elementor-element-b2e14e4 elementor-widget elementor-widget-image\" data-id=\"b2e14e4\" data-element_type=\"widget\" data-widget_type=\"image.default\">\n\t\t\t\t<div class=\"elementor-widget-container\">\n\t\t\t\t\t\t\t\t\t\t\t\t\t\t\t<img loading=\"lazy\" decoding=\"async\" width=\"1024\" height=\"683\" src=\"https:\/\/evolitis.com\/wp-content\/uploads\/2022\/09\/DSC00849-1024x683.jpg\" class=\"attachment-large size-large wp-image-12109\" alt=\"\" srcset=\"https:\/\/evolitis.com\/wp-content\/uploads\/2022\/09\/DSC00849-1024x683.jpg 1024w, https:\/\/evolitis.com\/wp-content\/uploads\/2022\/09\/DSC00849-300x200.jpg 300w, https:\/\/evolitis.com\/wp-content\/uploads\/2022\/09\/DSC00849-768x512.jpg 768w, https:\/\/evolitis.com\/wp-content\/uploads\/2022\/09\/DSC00849-1536x1024.jpg 1536w, https:\/\/evolitis.com\/wp-content\/uploads\/2022\/09\/DSC00849-2048x1365.jpg 2048w\" sizes=\"auto, (max-width: 1024px) 100vw, 1024px\" \/>\t\t\t\t\t\t\t\t\t\t\t\t\t\t\t<\/div>\n\t\t\t\t<\/div>\n\t\t\t\t<div class=\"elementor-element elementor-element-efd18ed elementor-widget elementor-widget-image\" data-id=\"efd18ed\" data-element_type=\"widget\" data-widget_type=\"image.default\">\n\t\t\t\t<div class=\"elementor-widget-container\">\n\t\t\t\t\t\t\t\t\t\t\t\t\t\t\t<img loading=\"lazy\" decoding=\"async\" width=\"1024\" height=\"683\" src=\"https:\/\/evolitis.com\/wp-content\/uploads\/2022\/09\/DSC02130--1024x683.jpg\" class=\"attachment-large size-large wp-image-12108\" alt=\"\" srcset=\"https:\/\/evolitis.com\/wp-content\/uploads\/2022\/09\/DSC02130--1024x683.jpg 1024w, https:\/\/evolitis.com\/wp-content\/uploads\/2022\/09\/DSC02130--300x200.jpg 300w, https:\/\/evolitis.com\/wp-content\/uploads\/2022\/09\/DSC02130--768x512.jpg 768w, https:\/\/evolitis.com\/wp-content\/uploads\/2022\/09\/DSC02130--1536x1024.jpg 1536w, https:\/\/evolitis.com\/wp-content\/uploads\/2022\/09\/DSC02130--2048x1365.jpg 2048w\" sizes=\"auto, (max-width: 1024px) 100vw, 1024px\" \/>\t\t\t\t\t\t\t\t\t\t\t\t\t\t\t<\/div>\n\t\t\t\t<\/div>\n\t\t\t\t\t<\/div>\n\t\t<\/div>\n\t\t\t\t<div class=\"elementor-column elementor-col-50 elementor-inner-column elementor-element elementor-element-03fcaab\" data-id=\"03fcaab\" data-element_type=\"column\">\n\t\t\t<div class=\"elementor-widget-wrap elementor-element-populated\">\n\t\t\t\t\t\t\t\t<div class=\"elementor-element elementor-element-b7e3d8b elementor-widget elementor-widget-image\" data-id=\"b7e3d8b\" data-element_type=\"widget\" data-widget_type=\"image.default\">\n\t\t\t\t<div class=\"elementor-widget-container\">\n\t\t\t\t\t\t\t\t\t\t\t\t\t\t\t<img loading=\"lazy\" decoding=\"async\" width=\"1024\" height=\"683\" src=\"https:\/\/evolitis.com\/wp-content\/uploads\/2022\/09\/DSC00856--1024x683.jpg\" class=\"attachment-large size-large wp-image-12110\" alt=\"\" srcset=\"https:\/\/evolitis.com\/wp-content\/uploads\/2022\/09\/DSC00856--1024x683.jpg 1024w, https:\/\/evolitis.com\/wp-content\/uploads\/2022\/09\/DSC00856--300x200.jpg 300w, https:\/\/evolitis.com\/wp-content\/uploads\/2022\/09\/DSC00856--768x512.jpg 768w, https:\/\/evolitis.com\/wp-content\/uploads\/2022\/09\/DSC00856--1536x1024.jpg 1536w, https:\/\/evolitis.com\/wp-content\/uploads\/2022\/09\/DSC00856--2048x1365.jpg 2048w\" sizes=\"auto, (max-width: 1024px) 100vw, 1024px\" \/>\t\t\t\t\t\t\t\t\t\t\t\t\t\t\t<\/div>\n\t\t\t\t<\/div>\n\t\t\t\t<div class=\"elementor-element elementor-element-006d176 elementor-widget elementor-widget-image\" data-id=\"006d176\" data-element_type=\"widget\" data-widget_type=\"image.default\">\n\t\t\t\t<div class=\"elementor-widget-container\">\n\t\t\t\t\t\t\t\t\t\t\t\t\t\t\t<img loading=\"lazy\" decoding=\"async\" width=\"640\" height=\"424\" src=\"https:\/\/evolitis.com\/wp-content\/uploads\/2022\/11\/IMG_8054new-e1668516627398.jpg\" class=\"attachment-full size-full wp-image-12217\" alt=\"\" srcset=\"https:\/\/evolitis.com\/wp-content\/uploads\/2022\/11\/IMG_8054new-e1668516627398.jpg 640w, https:\/\/evolitis.com\/wp-content\/uploads\/2022\/11\/IMG_8054new-e1668516627398-300x199.jpg 300w\" sizes=\"auto, (max-width: 640px) 100vw, 640px\" \/>\t\t\t\t\t\t\t\t\t\t\t\t\t\t\t<\/div>\n\t\t\t\t<\/div>\n\t\t\t\t\t<\/div>\n\t\t<\/div>\n\t\t\t\t\t\t\t<\/div>\n\t\t<\/section>\n\t\t\t\t\t<\/div>\n\t\t<\/div>\n\t\t\t\t\t\t\t<\/div>\n\t\t<\/section>\n\t\t\t\t<section class=\"elementor-section elementor-top-section elementor-element elementor-element-1e5 elementor-section-boxed elementor-section-height-default elementor-section-height-default\" data-id=\"1e5\" data-element_type=\"section\">\n\t\t\t\t\t\t<div class=\"elementor-container elementor-column-gap-default\">\n\t\t\t\t\t<div class=\"elementor-column elementor-col-100 elementor-top-column elementor-element elementor-element-1cdc\" data-id=\"1cdc\" data-element_type=\"column\">\n\t\t\t<div class=\"elementor-widget-wrap\">\n\t\t\t\t\t\t\t\t\t<\/div>\n\t\t<\/div>\n\t\t\t\t\t\t\t<\/div>\n\t\t<\/section>\n\t\t\t\t\t\t\t<\/div>","protected":false},"excerpt":{"rendered":"<p>Le mot du Pr\u00e9sident Chers clients, chers partenaires, chers amis, \u00a0Force est de constater que nous nous devons dans ce monde o\u00f9 la vitesse d\u2019information est si rapide d\u2019\u00eatre \u00e0 la hauteur de vos exigences en mati\u00e8re de qualit\u00e9 de produit et de service. Nous sommes tous pass\u00e9s \u00e0 travers, pour ceux qui l\u2019ont pu, [&hellip;]<\/p>","protected":false},"author":1,"featured_media":0,"parent":0,"menu_order":0,"comment_status":"closed","ping_status":"closed","template":"templates\/cadealer-elementor-full-width.php","meta":{"om_disable_all_campaigns":false,"_mi_skip_tracking":false,"footnotes":""},"class_list":["post-6302","page","type-page","status-publish","hentry"],"acf":[],"aioseo_notices":[],"_links":{"self":[{"href":"https:\/\/evolitis.com\/en\/wp-json\/wp\/v2\/pages\/6302","targetHints":{"allow":["GET"]}}],"collection":[{"href":"https:\/\/evolitis.com\/en\/wp-json\/wp\/v2\/pages"}],"about":[{"href":"https:\/\/evolitis.com\/en\/wp-json\/wp\/v2\/types\/page"}],"author":[{"embeddable":true,"href":"https:\/\/evolitis.com\/en\/wp-json\/wp\/v2\/users\/1"}],"replies":[{"embeddable":true,"href":"https:\/\/evolitis.com\/en\/wp-json\/wp\/v2\/comments?post=6302"}],"version-history":[{"count":199,"href":"https:\/\/evolitis.com\/en\/wp-json\/wp\/v2\/pages\/6302\/revisions"}],"predecessor-version":[{"id":14156,"href":"https:\/\/evolitis.com\/en\/wp-json\/wp\/v2\/pages\/6302\/revisions\/14156"}],"wp:attachment":[{"href":"https:\/\/evolitis.com\/en\/wp-json\/wp\/v2\/media?parent=6302"}],"curies":[{"name":"wp","href":"https:\/\/api.w.org\/{rel}","templated":true}]}}